{"id":240743,"date":"2022-10-21T00:13:36","date_gmt":"2022-10-20T22:13:36","guid":{"rendered":"http:\/\/dev.claret.cat\/producte\/celiaquia-intolerancia-y-alergias-alimentarias\/"},"modified":"2023-01-28T21:52:43","modified_gmt":"2023-01-28T20:52:43","slug":"celiaquia-intolerancia-y-alergias-alimentarias-9788491110408","status":"publish","type":"product","link":"https:\/\/www.claret.cat\/es\/libro\/celiaquia-intolerancia-y-alergias-alimentarias-9788491110408\/","title":{"rendered":"CELIAQU\u00cdA, INTOLERANCIA Y ALERGIAS ALIMENTARIAS"},"content":{"rendered":"<p>La ciencia ha demostrado la importancia que las alergias y las intolerancias alimentarias tienen en muchas patolog\u00edas, como, por ejemplo, la celiaqu\u00eda o la intolerancia permanente al gluten, una enfermedad cada vez m\u00e1s difundida que, de no tratarse, puede provocar da\u00f1os muy graves en el organismo.<\/p>\n<p>  Celiaqu\u00eda, intolerancias y alergias alimentarias nace precisamente de la voluntad de ayudar a quienes, afectados por esas dolencias, desean disfrutar de unos manjares deliciosos, realizados con ingredientes biol\u00f3gicos, que contribuyen a que el organismo recupere el equilibrio y la fuerza perdidos. Los alimentos preparados sin gluten y sin las prote\u00ednas de la leche de vaca, los huevos, la carne de cerdo, el az\u00facar blanco, levaduras, etc., te ayudar\u00e1n a seguir f\u00e1cilmente las indicaciones del home\u00f3pata y del homotoxic\u00f3logo, as\u00ed como las que sugieren las pruebas de intolerancia alimentaria. Por fin podr\u00e1s saborear una estupenda porci\u00f3n de pizza, un cremoso helado o unos delicados bu\u00f1uelos.<\/p>\n","protected":false},"excerpt":{"rendered":"<p>TRANFAGLIA, TERESA<\/p>\n","protected":false},"featured_media":240744,"template":"","meta":{"_acf_changed":false,"om_disable_all_campaigns":false,"rs_blank_template":"","rs_page_bg_color":"","slide_template_v7":"","inline_featured_image":false,"_monsterinsights_skip_tracking":false,"_monsterinsights_sitenote_active":false,"_monsterinsights_sitenote_note":"","_monsterinsights_sitenote_category":0},"product_brand":[],"product_cat":[103,97],"product_tag":[],"class_list":{"0":"post-240743","1":"product","2":"type-product","3":"status-publish","4":"has-post-thumbnail","6":"product_cat-cuina","7":"product_cat-salut","9":"first","10":"instock","11":"taxable","12":"shipping-taxable","13":"purchasable","14":"product-type-simple"},"acf":{"autor":"TRANFAGLIA, TERESA","codart":"849111040","libros-coleccion":"","ediciones":"1","encuadernacion":"R\u00fastica","fecha_de_publicacion":"01\/02\/2016","novedad":"0","paginas":"752","subtitulo":"","orden":"999","portada":"0","idioma":"spa","editorial":[{"ID":147839,"post_author":"3","post_date":"2022-10-14 11:53:36","post_date_gmt":"2022-10-14 09:53:36","post_content":"","post_title":"EDICIONES OBELISCO","post_excerpt":"","post_status":"publish","comment_status":"closed","ping_status":"closed","post_password":"","post_name":"ediciones-obelisco","to_ping":"","pinged":"","post_modified":"2022-10-14 11:53:36","post_modified_gmt":"2022-10-14 09:53:36","post_content_filtered":"","post_parent":0,"guid":"http:\/\/dev.claret.cat\/editorial\/ediciones-obelisco\/","menu_order":0,"post_type":"editorial","post_mime_type":"","comment_count":"0","filter":"raw"}]},"aioseo_notices":[],"_links":{"self":[{"href":"https:\/\/www.claret.cat\/es\/wp-json\/wp\/v2\/product\/240743","targetHints":{"allow":["GET"]}}],"collection":[{"href":"https:\/\/www.claret.cat\/es\/wp-json\/wp\/v2\/product"}],"about":[{"href":"https:\/\/www.claret.cat\/es\/wp-json\/wp\/v2\/types\/product"}],"wp:featuredmedia":[{"embeddable":true,"href":"https:\/\/www.claret.cat\/es\/wp-json\/wp\/v2\/media\/240744"}],"wp:attachment":[{"href":"https:\/\/www.claret.cat\/es\/wp-json\/wp\/v2\/media?parent=240743"}],"wp:term":[{"taxonomy":"product_brand","embeddable":true,"href":"https:\/\/www.claret.cat\/es\/wp-json\/wp\/v2\/product_brand?post=240743"},{"taxonomy":"product_cat","embeddable":true,"href":"https:\/\/www.claret.cat\/es\/wp-json\/wp\/v2\/product_cat?post=240743"},{"taxonomy":"product_tag","embeddable":true,"href":"https:\/\/www.claret.cat\/es\/wp-json\/wp\/v2\/product_tag?post=240743"}],"curies":[{"name":"wp","href":"https:\/\/api.w.org\/{rel}","templated":true}]}}