{"id":240761,"date":"2022-10-21T00:14:01","date_gmt":"2022-10-20T22:14:01","guid":{"rendered":"http:\/\/dev.claret.cat\/producte\/identitat-i-missio-del-religios-germa-en-lesglesia\/"},"modified":"2024-05-22T18:22:27","modified_gmt":"2024-05-22T16:22:27","slug":"identitat-i-missio-del-religios-germa-en-lesglesia-9788498465945","status":"publish","type":"product","link":"https:\/\/www.claret.cat\/es\/libro\/identitat-i-missio-del-religios-germa-en-lesglesia-9788498465945\/","title":{"rendered":"IDENTITAT I MISSI\u00d3 DEL RELIGI\u00d3S GERM\u00c0 EN L&#8217;ESGL\u00c9SIA"},"content":{"rendered":"<p>El religi\u00f3s germ\u00e0 i les religioses, amb la seva participaci\u00f3 en el misteri salvador de Crist i de l\u2019Esgl\u00e9sia, s\u00f3n mem\u00f2ria permanent, per a tot el poble cristi\u00e0, de la import\u00e0ncia del do total de si mateix a D\u00e9u i que la missi\u00f3 de l\u2019Esgl\u00e9sia, respectant les diferents vocacions i ministeris dintre seu, \u00e9s \u00fanica i compartida per tots. Malgrat aix\u00f2, constatem que no sempre la vocaci\u00f3 del religi\u00f3s germ\u00e0, i, com a conseq\u00fc\u00e8ncia, de les religioses, \u00e9s ben compresa i estimada dins l\u2019Esgl\u00e9sia.<br \/>La reflexi\u00f3 que aqu\u00ed oferim ha nascut per a contribuir a apreciar la riquesa de les diverses vocacions, especialment en el si de la vida consagrada masculina, i a fi d\u2019aportar llum sobre la identitat del religi\u00f3s germ\u00e0 i sobre el valor i la necessitat d\u2019aquesta vocaci\u00f3.<br \/>Donades les semblances entre la vocaci\u00f3 religiosa femenina i la del religi\u00f3s germ\u00e0, tot el que es diu aqu\u00ed ser\u00e0 f\u00e0cilment aplicable a les religioses.<br \/>Aquest document s\u2019adre\u00e7a tamb\u00e9 als laics, als religiosos sacerdots, als sacerdots diocesans, als bisbes i a tots aquells qui vulguin con\u00e8ixer, apreciar i promoure la vocaci\u00f3 del religi\u00f3s germ\u00e0 en l\u2019Esgl\u00e9sia.<\/p>\n","protected":false},"excerpt":{"rendered":"<p>CLARET<\/p>\n","protected":false},"featured_media":367993,"template":"","meta":{"_acf_changed":false,"om_disable_all_campaigns":false,"rs_blank_template":"","rs_page_bg_color":"","slide_template_v7":"","inline_featured_image":false,"_monsterinsights_skip_tracking":false,"_monsterinsights_sitenote_active":false,"_monsterinsights_sitenote_note":"","_monsterinsights_sitenote_category":0},"product_brand":[],"product_cat":[581,92,542],"product_tag":[],"class_list":{"0":"post-240761","1":"product","2":"type-product","3":"status-publish","4":"has-post-thumbnail","6":"product_cat-editorial-claret","7":"product_cat-vida-religiosa","8":"product_cat-vida-religiosa-1_espiritualidad-spa","10":"first","11":"instock","12":"taxable","13":"shipping-taxable","14":"purchasable","15":"product-type-simple"},"acf":{"autor":"CLARET","codart":"849846594","libros-coleccion":"","ediciones":"1","encuadernacion":"R\u00fastica","fecha_de_publicacion":"29\/01\/2016","novedad":"0","paginas":"74","subtitulo":"I TOTS VOSALTRES SOU GERMANS (Mt 23,8)","orden":"999","portada":"0","idioma":"cat","editorial":[{"ID":6158,"post_author":"3","post_date":"2022-07-28 17:46:08","post_date_gmt":"2022-07-28 15:46:08","post_content":"","post_title":"CLARET","post_excerpt":"","post_status":"publish","comment_status":"closed","ping_status":"closed","post_password":"","post_name":"claret","to_ping":"","pinged":"","post_modified":"2022-07-28 17:46:08","post_modified_gmt":"2022-07-28 15:46:08","post_content_filtered":"","post_parent":0,"guid":"http:\/\/dev.claret.cat\/editorial\/claret\/","menu_order":0,"post_type":"editorial","post_mime_type":"","comment_count":"0","filter":"raw"}],"autores-libros":[{"ID":5358,"post_author":"3","post_date":"2022-07-28 17:22:16","post_date_gmt":"2022-07-28 15:22:16","post_content":"","post_title":"CLARET","post_excerpt":"","post_status":"publish","comment_status":"closed","ping_status":"closed","post_password":"","post_name":"claret","to_ping":"","pinged":"","post_modified":"2022-07-28 17:22:16","post_modified_gmt":"2022-07-28 15:22:16","post_content_filtered":"","post_parent":0,"guid":"http:\/\/dev.claret.cat\/autor\/claret\/","menu_order":0,"post_type":"autor","post_mime_type":"","comment_count":"0","filter":"raw"}]},"aioseo_notices":[],"_links":{"self":[{"href":"https:\/\/www.claret.cat\/es\/wp-json\/wp\/v2\/product\/240761","targetHints":{"allow":["GET"]}}],"collection":[{"href":"https:\/\/www.claret.cat\/es\/wp-json\/wp\/v2\/product"}],"about":[{"href":"https:\/\/www.claret.cat\/es\/wp-json\/wp\/v2\/types\/product"}],"wp:featuredmedia":[{"embeddable":true,"href":"https:\/\/www.claret.cat\/es\/wp-json\/wp\/v2\/media\/367993"}],"wp:attachment":[{"href":"https:\/\/www.claret.cat\/es\/wp-json\/wp\/v2\/media?parent=240761"}],"wp:term":[{"taxonomy":"product_brand","embeddable":true,"href":"https:\/\/www.claret.cat\/es\/wp-json\/wp\/v2\/product_brand?post=240761"},{"taxonomy":"product_cat","embeddable":true,"href":"https:\/\/www.claret.cat\/es\/wp-json\/wp\/v2\/product_cat?post=240761"},{"taxonomy":"product_tag","embeddable":true,"href":"https:\/\/www.claret.cat\/es\/wp-json\/wp\/v2\/product_tag?post=240761"}],"curies":[{"name":"wp","href":"https:\/\/api.w.org\/{rel}","templated":true}]}}