{"id":240840,"date":"2022-10-21T00:15:58","date_gmt":"2022-10-20T22:15:58","guid":{"rendered":"http:\/\/dev.claret.cat\/producte\/correspondencia-setembre-2012-agost-2014\/"},"modified":"2026-01-26T19:10:31","modified_gmt":"2026-01-26T18:10:31","slug":"correspondencia-setembre-2012-agost-2014-9788498838145","status":"publish","type":"product","link":"https:\/\/www.claret.cat\/es\/libro\/correspondencia-setembre-2012-agost-2014-9788498838145\/","title":{"rendered":"CORRESPOND\u00c8NCIA SETEMBRE 2012 &#8211; AGOST 2014"},"content":{"rendered":"<p>\u00abDurant la seva greu malaltia, la Magda va decidir mantenir un intens contacte amb el pare Ignasi; un dels resultats va ser el que podr\u00edem anomenar convencionalment una correspond\u00e8ncia, encara que els mitjans utilitzats gaireb\u00e9 no tenen res a veure amb la tinta i el paper tradicionals.\u00bb<\/p>\n<p>\u00abLa Magda es va entossudir en la recerca del sentit m\u00e9s profund de la preg\u00e0ria. El mateix rigor que abans havia dedicat a la investigaci\u00f3 cient\u00edfica, ara el va posar a aconseguir l\u2019autenticitat de les seves oracions. I aix\u00ed va ser que descobr\u00ed l\u2019oce\u00e0 immens dels salms b\u00edblics. El pare Ignasi Fossas, l\u2019actual prior de Montserrat, va ser per a ella br\u00faixola, per\u00f2 tamb\u00e9 mapa, que no obliga, per\u00f2 que incita a viatjar. La tasca d\u2019aquest sacerdot, culte i entranyable, va consistir a explicar la rosa dels vents de la preg\u00e0ria, cosa que va fer sempre amb la humilitat exemplar de qui reconeix que no ho sap tot.\u00bb<\/p>\n<p>\u00abAquest llibre \u00e9s, de fet, un espectacle ple d\u2019humanitat: human\u00edssim el pare Ignasi, radicalment humana tamb\u00e9 la Magda.\u201d<\/p>\n<p>(del Pr\u00f2leg de Gabriel Magalh\u00e3es)<\/p>\n","protected":false},"excerpt":{"rendered":"<p>HERAS, MAGDA; FOSSAS, IGNASI<\/p>\n","protected":false},"featured_media":1078231,"template":"","meta":{"_acf_changed":false,"om_disable_all_campaigns":false,"rs_blank_template":"","rs_page_bg_color":"","slide_template_v7":"","inline_featured_image":false,"_monsterinsights_skip_tracking":false,"_monsterinsights_sitenote_active":false,"_monsterinsights_sitenote_note":"","_monsterinsights_sitenote_category":0},"product_brand":[],"product_cat":[345,79,118,567],"product_tag":[],"class_list":{"0":"post-240840","1":"product","2":"type-product","3":"status-publish","4":"has-post-thumbnail","6":"product_cat-espiritualidad","7":"product_cat-espiritualitat","8":"product_cat-mort-i-dol","9":"product_cat-muerte-y-duelo","11":"first","12":"instock","13":"taxable","14":"shipping-taxable","15":"purchasable","16":"product-type-simple"},"acf":{"autor":"HERAS, MAGDA; FOSSAS, IGNASI","codart":"849883814","libros-coleccion":"FORA DE COL.LECCI\u00d3","ediciones":"1","encuadernacion":"[EditValue is null]","fecha_de_publicacion":"21\/01\/2016","novedad":"0","paginas":"144","subtitulo":"DESCOBRINT LA PREG\u00c0RIA DELS SALMISTES","orden":"0","portada":"0","idioma":"cat","editorial":[{"ID":8266,"post_author":"3","post_date":"2022-09-30 09:21:36","post_date_gmt":"2022-09-30 07:21:36","post_content":"","post_title":"PUBLICACIONS DE L'ABADIA DE MONTSERRAT","post_excerpt":"","post_status":"publish","comment_status":"closed","ping_status":"closed","post_password":"","post_name":"publicacions-de-labadia-de-montserrat-5","to_ping":"","pinged":"","post_modified":"2022-09-30 09:21:36","post_modified_gmt":"2022-09-30 07:21:36","post_content_filtered":"","post_parent":0,"guid":"http:\/\/dev.claret.cat\/editorial\/publicacions-de-labadia-de-montserrat-5\/","menu_order":0,"post_type":"editorial","post_mime_type":"","comment_count":"0","filter":"raw"}],"autores-libros":[{"ID":323791,"post_author":"3","post_date":"2023-01-03 05:54:31","post_date_gmt":"2023-01-03 04:54:31","post_content":"","post_title":"MAGDA HERAS","post_excerpt":"","post_status":"publish","comment_status":"closed","ping_status":"closed","post_password":"","post_name":"magda-heras","to_ping":"","pinged":"","post_modified":"2023-01-03 05:54:31","post_modified_gmt":"2023-01-03 04:54:31","post_content_filtered":"","post_parent":0,"guid":"https:\/\/www.claret.cat\/autor\/magda-heras\/","menu_order":0,"post_type":"autor","post_mime_type":"","comment_count":"0","filter":"raw"},{"ID":323790,"post_author":"3","post_date":"2023-01-03 05:54:30","post_date_gmt":"2023-01-03 04:54:30","post_content":"","post_title":"IGNASI FOSSAS","post_excerpt":"","post_status":"publish","comment_status":"closed","ping_status":"closed","post_password":"","post_name":"ignasi-fossas","to_ping":"","pinged":"","post_modified":"2023-01-03 05:54:30","post_modified_gmt":"2023-01-03 04:54:30","post_content_filtered":"","post_parent":0,"guid":"https:\/\/www.claret.cat\/autor\/ignasi-fossas\/","menu_order":0,"post_type":"autor","post_mime_type":"","comment_count":"0","filter":"raw"}],"booktrailer":"","resenas":""},"aioseo_notices":[],"_links":{"self":[{"href":"https:\/\/www.claret.cat\/es\/wp-json\/wp\/v2\/product\/240840","targetHints":{"allow":["GET"]}}],"collection":[{"href":"https:\/\/www.claret.cat\/es\/wp-json\/wp\/v2\/product"}],"about":[{"href":"https:\/\/www.claret.cat\/es\/wp-json\/wp\/v2\/types\/product"}],"wp:featuredmedia":[{"embeddable":true,"href":"https:\/\/www.claret.cat\/es\/wp-json\/wp\/v2\/media\/1078231"}],"wp:attachment":[{"href":"https:\/\/www.claret.cat\/es\/wp-json\/wp\/v2\/media?parent=240840"}],"wp:term":[{"taxonomy":"product_brand","embeddable":true,"href":"https:\/\/www.claret.cat\/es\/wp-json\/wp\/v2\/product_brand?post=240840"},{"taxonomy":"product_cat","embeddable":true,"href":"https:\/\/www.claret.cat\/es\/wp-json\/wp\/v2\/product_cat?post=240840"},{"taxonomy":"product_tag","embeddable":true,"href":"https:\/\/www.claret.cat\/es\/wp-json\/wp\/v2\/product_tag?post=240840"}],"curies":[{"name":"wp","href":"https:\/\/api.w.org\/{rel}","templated":true}]}}