{"id":240899,"date":"2022-10-21T00:17:28","date_gmt":"2022-10-20T22:17:28","guid":{"rendered":"http:\/\/dev.claret.cat\/producte\/historia-de-francia\/"},"modified":"2025-10-28T11:40:31","modified_gmt":"2025-10-28T10:40:31","slug":"historia-de-francia-9788446042600","status":"publish","type":"product","link":"https:\/\/www.claret.cat\/es\/libro\/historia-de-francia-9788446042600\/","title":{"rendered":"HISTORIA DE FRANCIA"},"content":{"rendered":"<p>Este libro ofrece una gu\u00eda clara, bien documentada e ilustrada de la historia de Francia desde la Edad Media hasta nuestros d\u00edas. Entre sus temas centrales trata las relaciones entre el Estado y la sociedad, el impacto de las guerras, la competencia por el poder y las formas en que este ha sido utilizado a lo largo de la historia del pa\u00eds galo. Analiza a sus grandes protagonistas como Felipe Augusto, Enrique IV, Luis XIV, Napole\u00f3n y De Gaulle y contextualiza sus trayectorias vitales dentro de los procesos de cambio de las estructuras econ\u00f3micas y sociales y de las creencias, al mismo tiempo que ofrece una informaci\u00f3n muy valiosa sobre la vida de hombres y mujeres corrientes. Esta tercera edici\u00f3n ha sido revisada con profundidad e incluye un nuevo cap\u00edtulo sobre la Francia contempor\u00e1nea, una sociedad y un sistema pol\u00edtico en crisis como resultado de la globalizaci\u00f3n, el aumento del desempleo, un sistema educativo ineficiente, las crecientes tensiones sociales y raciales, la corrupci\u00f3n, el ascenso de la extrema derecha, y una p\u00e9rdida generalizada de confianza en los l\u00edderes pol\u00edticos.<\/p>\n","protected":false},"excerpt":{"rendered":"<p>PRICE, ROGER<\/p>\n","protected":false},"featured_media":1062026,"template":"","meta":{"_acf_changed":false,"om_disable_all_campaigns":false,"rs_blank_template":"","rs_page_bg_color":"","slide_template_v7":"","inline_featured_image":false,"_monsterinsights_skip_tracking":false,"_monsterinsights_sitenote_active":false,"_monsterinsights_sitenote_note":"","_monsterinsights_sitenote_category":0},"product_brand":[],"product_cat":[85,351,350,84],"product_tag":[],"class_list":{"0":"post-240899","1":"product","2":"type-product","3":"status-publish","4":"has-post-thumbnail","6":"product_cat-historia","7":"product_cat-historia-2_humanidades","8":"product_cat-sociologia-2_humanidades","9":"product_cat-sociologia","11":"first","12":"outofstock","13":"taxable","14":"shipping-taxable","15":"purchasable","16":"product-type-simple"},"acf":{"autor":"PRICE, ROGER","codart":"844604260","libros-coleccion":"","ediciones":"3","encuadernacion":"R\u00fastica","fecha_de_publicacion":"15\/01\/2016","novedad":"0","paginas":"526","subtitulo":"","orden":"999","portada":"0","idioma":"spa","editorial":[{"ID":6115,"post_author":"3","post_date":"2022-07-28 17:45:13","post_date_gmt":"2022-07-28 15:45:13","post_content":"","post_title":"AKAL, EDICIONES S.A.","post_excerpt":"","post_status":"publish","comment_status":"closed","ping_status":"closed","post_password":"","post_name":"akal-ediciones-s-a","to_ping":"","pinged":"","post_modified":"2022-07-28 17:45:13","post_modified_gmt":"2022-07-28 15:45:13","post_content_filtered":"","post_parent":0,"guid":"http:\/\/dev.claret.cat\/editorial\/akal-ediciones-s-a\/","menu_order":0,"post_type":"editorial","post_mime_type":"","comment_count":"0","filter":"raw"}],"autores-libros":[{"ID":348282,"post_author":"3","post_date":"2023-01-14 04:07:31","post_date_gmt":"2023-01-14 03:07:31","post_content":"","post_title":"ROGER PRICE","post_excerpt":"","post_status":"publish","comment_status":"closed","ping_status":"closed","post_password":"","post_name":"roger-price","to_ping":"","pinged":"","post_modified":"2023-01-14 04:07:31","post_modified_gmt":"2023-01-14 03:07:31","post_content_filtered":"","post_parent":0,"guid":"https:\/\/www.claret.cat\/autor\/roger-price\/","menu_order":0,"post_type":"autor","post_mime_type":"","comment_count":"0","filter":"raw"}],"booktrailer":"","resenas":""},"aioseo_notices":[],"_links":{"self":[{"href":"https:\/\/www.claret.cat\/es\/wp-json\/wp\/v2\/product\/240899","targetHints":{"allow":["GET"]}}],"collection":[{"href":"https:\/\/www.claret.cat\/es\/wp-json\/wp\/v2\/product"}],"about":[{"href":"https:\/\/www.claret.cat\/es\/wp-json\/wp\/v2\/types\/product"}],"wp:featuredmedia":[{"embeddable":true,"href":"https:\/\/www.claret.cat\/es\/wp-json\/wp\/v2\/media\/1062026"}],"wp:attachment":[{"href":"https:\/\/www.claret.cat\/es\/wp-json\/wp\/v2\/media?parent=240899"}],"wp:term":[{"taxonomy":"product_brand","embeddable":true,"href":"https:\/\/www.claret.cat\/es\/wp-json\/wp\/v2\/product_brand?post=240899"},{"taxonomy":"product_cat","embeddable":true,"href":"https:\/\/www.claret.cat\/es\/wp-json\/wp\/v2\/product_cat?post=240899"},{"taxonomy":"product_tag","embeddable":true,"href":"https:\/\/www.claret.cat\/es\/wp-json\/wp\/v2\/product_tag?post=240899"}],"curies":[{"name":"wp","href":"https:\/\/api.w.org\/{rel}","templated":true}]}}