{"id":240908,"date":"2022-10-21T00:17:42","date_gmt":"2022-10-20T22:17:42","guid":{"rendered":"http:\/\/dev.claret.cat\/producte\/bullyng\/"},"modified":"2024-05-23T00:59:19","modified_gmt":"2024-05-22T22:59:19","slug":"bullyng-9788494442469","status":"publish","type":"product","link":"https:\/\/www.claret.cat\/es\/libro\/bullyng-9788494442469\/","title":{"rendered":"BULLYNG"},"content":{"rendered":"<p>Los adolescentes olvidan sus juguetes infantiles para v\u00e9rselas con una nueva pareja: su cuerpo sexualizado que les produce extra\u00f1eza y los inquieta. Es all\u00ed donde la tentaci\u00f3n del bullying aparece como una falsa salida: manipular el cuerpo del otro bajo formas diversas (ninguneo, agresi\u00f3n, exclusi\u00f3n, injuria) les permite poner a resguardo el suyo.<\/p>\n<p>Para eso hay que designar un chivo expiatorio y golpear y destruir esa diferencia que se le imputa a la v\u00edctima y que deviene, para algunos, insoportable porque confronta a cada uno con la asunci\u00f3n de su sexualidad y con encontrar un lugar en ese nuevo mundo que sucede a la adolescencia. Abordar el acoso implica acompa\u00f1ar a esos adolescentes en su delicado tr\u00e1nsito.<\/p>\n","protected":false},"excerpt":{"rendered":"<p>VARIOS AUTORES<\/p>\n","protected":false},"featured_media":362538,"template":"","meta":{"_acf_changed":false,"om_disable_all_campaigns":false,"rs_blank_template":"","rs_page_bg_color":"","slide_template_v7":"","inline_featured_image":false,"_monsterinsights_skip_tracking":false,"_monsterinsights_sitenote_active":false,"_monsterinsights_sitenote_note":"","_monsterinsights_sitenote_category":0},"product_brand":[],"product_cat":[100,550,81,347],"product_tag":[],"class_list":{"0":"post-240908","1":"product","2":"type-product","3":"status-publish","4":"has-post-thumbnail","6":"product_cat-escola-de-pares","7":"product_cat-escuela-de-padres-3_infantil-juvenil-spa-spa","8":"product_cat-psicologia","9":"product_cat-psicologia-2_humanidades","11":"first","12":"instock","13":"taxable","14":"shipping-taxable","15":"purchasable","16":"product-type-simple"},"acf":{"autor":"VARIOS AUTORES","codart":"849444246","libros-coleccion":"","ediciones":"1","encuadernacion":"R\u00fastica","fecha_de_publicacion":"14\/01\/2016","novedad":"0","paginas":"160","subtitulo":"UNA FALSA SALIDA PARA LOS ADOLESCENTES","orden":"999","portada":"0","idioma":"spa","editorial":[{"ID":148567,"post_author":"3","post_date":"2022-10-14 11:59:15","post_date_gmt":"2022-10-14 09:59:15","post_content":"","post_title":"NED, EDICIONES","post_excerpt":"","post_status":"publish","comment_status":"closed","ping_status":"closed","post_password":"","post_name":"ned-ediciones-2","to_ping":"","pinged":"","post_modified":"2022-10-14 11:59:15","post_modified_gmt":"2022-10-14 09:59:15","post_content_filtered":"","post_parent":0,"guid":"http:\/\/dev.claret.cat\/editorial\/ned-ediciones-2\/","menu_order":0,"post_type":"editorial","post_mime_type":"","comment_count":"0","filter":"raw"}],"autores-libros":[{"ID":6072,"post_author":"3","post_date":"2022-07-28 17:37:32","post_date_gmt":"2022-07-28 15:37:32","post_content":"","post_title":"VARIOS AUTORES","post_excerpt":"","post_status":"publish","comment_status":"closed","ping_status":"closed","post_password":"","post_name":"varios-autores","to_ping":"","pinged":"","post_modified":"2022-07-28 17:37:32","post_modified_gmt":"2022-07-28 15:37:32","post_content_filtered":"","post_parent":0,"guid":"http:\/\/dev.claret.cat\/autor\/varios-autores\/","menu_order":0,"post_type":"autor","post_mime_type":"","comment_count":"0","filter":"raw"}]},"aioseo_notices":[],"_links":{"self":[{"href":"https:\/\/www.claret.cat\/es\/wp-json\/wp\/v2\/product\/240908","targetHints":{"allow":["GET"]}}],"collection":[{"href":"https:\/\/www.claret.cat\/es\/wp-json\/wp\/v2\/product"}],"about":[{"href":"https:\/\/www.claret.cat\/es\/wp-json\/wp\/v2\/types\/product"}],"wp:featuredmedia":[{"embeddable":true,"href":"https:\/\/www.claret.cat\/es\/wp-json\/wp\/v2\/media\/362538"}],"wp:attachment":[{"href":"https:\/\/www.claret.cat\/es\/wp-json\/wp\/v2\/media?parent=240908"}],"wp:term":[{"taxonomy":"product_brand","embeddable":true,"href":"https:\/\/www.claret.cat\/es\/wp-json\/wp\/v2\/product_brand?post=240908"},{"taxonomy":"product_cat","embeddable":true,"href":"https:\/\/www.claret.cat\/es\/wp-json\/wp\/v2\/product_cat?post=240908"},{"taxonomy":"product_tag","embeddable":true,"href":"https:\/\/www.claret.cat\/es\/wp-json\/wp\/v2\/product_tag?post=240908"}],"curies":[{"name":"wp","href":"https:\/\/api.w.org\/{rel}","templated":true}]}}