{"id":241134,"date":"2022-10-21T00:23:12","date_gmt":"2022-10-20T22:23:12","guid":{"rendered":"http:\/\/dev.claret.cat\/producte\/el-oso-y-el-piano\/"},"modified":"2025-12-17T13:30:50","modified_gmt":"2025-12-17T12:30:50","slug":"el-oso-y-el-piano-9788498018776","status":"publish","type":"product","link":"https:\/\/www.claret.cat\/es\/libro\/el-oso-y-el-piano-9788498018776\/","title":{"rendered":"EL OSO Y EL PIANO"},"content":{"rendered":"<p>Una historia luminosa en sus ilustraciones en la que a trav\u00e9s de animales aborda  el crecimiento art\u00edstico de un oso con talento y vocaci\u00f3n que un d\u00eda descubre un piano en el bosque. Su tes\u00f3n por aprender y su dedicaci\u00f3n le llevan a abandonar su bosque y a viajar por el mundo con su arte. Con el tiempo, algo echa de menos y regresa al lugar de donde parti\u00f3 donde descubrir\u00e1 que sigue teniendo su lugar. Un \u00e1lbum con un dise\u00f1o y una maquetaci\u00f3n que juega con los contrastes y los ambientes entre la ciudad y el bosque.<\/p>\n","protected":false},"excerpt":{"rendered":"<p>LITCHFIELD, DAVID<\/p>\n","protected":false},"featured_media":1071130,"template":"","meta":{"_acf_changed":false,"om_disable_all_campaigns":false,"rs_blank_template":"","rs_page_bg_color":"","slide_template_v7":"","inline_featured_image":false,"_monsterinsights_skip_tracking":false,"_monsterinsights_sitenote_active":false,"_monsterinsights_sitenote_note":"","_monsterinsights_sitenote_category":0},"product_brand":[],"product_cat":[86,352],"product_tag":[],"class_list":{"0":"post-241134","1":"product","2":"type-product","3":"status-publish","4":"has-post-thumbnail","6":"product_cat-infantil","7":"product_cat-infantil-3_infantil-juvenil-spa","9":"first","10":"outofstock","11":"taxable","12":"shipping-taxable","13":"purchasable","14":"product-type-simple"},"acf":{"autor":"LITCHFIELD, DAVID","codart":"849801877","libros-coleccion":"","ediciones":"1","encuadernacion":"Carton\u00e9","fecha_de_publicacion":"01\/01\/2016","novedad":"0","paginas":"40","subtitulo":"","orden":"999","portada":"0","idioma":"spa","editorial":[{"ID":147556,"post_author":"3","post_date":"2022-10-14 11:51:28","post_date_gmt":"2022-10-14 09:51:28","post_content":"","post_title":"BLUME, EDITORIAL","post_excerpt":"","post_status":"publish","comment_status":"closed","ping_status":"closed","post_password":"","post_name":"blume-editorial-2","to_ping":"","pinged":"","post_modified":"2022-10-14 11:51:28","post_modified_gmt":"2022-10-14 09:51:28","post_content_filtered":"","post_parent":0,"guid":"http:\/\/dev.claret.cat\/editorial\/blume-editorial-2\/","menu_order":0,"post_type":"editorial","post_mime_type":"","comment_count":"0","filter":"raw"}],"autores-libros":[{"ID":153867,"post_author":"3","post_date":"2022-10-14 15:00:10","post_date_gmt":"2022-10-14 13:00:10","post_content":"","post_title":"DAVID LITCHFIELD","post_excerpt":"","post_status":"publish","comment_status":"closed","ping_status":"closed","post_password":"","post_name":"david-litchfield","to_ping":"","pinged":"","post_modified":"2022-10-14 15:00:10","post_modified_gmt":"2022-10-14 13:00:10","post_content_filtered":"","post_parent":0,"guid":"http:\/\/dev.claret.cat\/autor\/david-litchfield\/","menu_order":0,"post_type":"autor","post_mime_type":"","comment_count":"0","filter":"raw"}],"booktrailer":"","resenas":""},"aioseo_notices":[],"_links":{"self":[{"href":"https:\/\/www.claret.cat\/es\/wp-json\/wp\/v2\/product\/241134","targetHints":{"allow":["GET"]}}],"collection":[{"href":"https:\/\/www.claret.cat\/es\/wp-json\/wp\/v2\/product"}],"about":[{"href":"https:\/\/www.claret.cat\/es\/wp-json\/wp\/v2\/types\/product"}],"wp:featuredmedia":[{"embeddable":true,"href":"https:\/\/www.claret.cat\/es\/wp-json\/wp\/v2\/media\/1071130"}],"wp:attachment":[{"href":"https:\/\/www.claret.cat\/es\/wp-json\/wp\/v2\/media?parent=241134"}],"wp:term":[{"taxonomy":"product_brand","embeddable":true,"href":"https:\/\/www.claret.cat\/es\/wp-json\/wp\/v2\/product_brand?post=241134"},{"taxonomy":"product_cat","embeddable":true,"href":"https:\/\/www.claret.cat\/es\/wp-json\/wp\/v2\/product_cat?post=241134"},{"taxonomy":"product_tag","embeddable":true,"href":"https:\/\/www.claret.cat\/es\/wp-json\/wp\/v2\/product_tag?post=241134"}],"curies":[{"name":"wp","href":"https:\/\/api.w.org\/{rel}","templated":true}]}}