{"id":241137,"date":"2022-10-21T00:23:16","date_gmt":"2022-10-20T22:23:16","guid":{"rendered":"http:\/\/dev.claret.cat\/producte\/los-i-el-piano\/"},"modified":"2023-01-28T07:11:25","modified_gmt":"2023-01-28T06:11:25","slug":"los-i-el-piano-9788498018783","status":"publish","type":"product","link":"https:\/\/www.claret.cat\/es\/libro\/los-i-el-piano-9788498018783\/","title":{"rendered":"L&#8217;\u00d3S I EL PIANO"},"content":{"rendered":"<p>Un dia, al bosc, un osset va trobar una cosa que no havia vist mai. \u00abQu\u00e8 deu ser aquest objecte tan estrany?\u00bb, va pensar. Amb cautela, el va comen\u00e7ar a palpar amb aquelles potes rabassudes&#8230; \u00a0 Amb el transcurs del temps, l&#8221;\u00f3s va aprendre a tocar l&#8221;estrany instrument. Un dia, per casualitat, un pare i el seu fill, que esmorzaven al bosc, van sentir els bells sons del piano. L&#8221;\u00f3s els va acompanyar en un incre\u00efble viatge a Nova York, on la seva extraordin\u00e0ria habilitat el va convertir en un personatge fam\u00f3s. Va aconseguir la fama, la fortuna i tota la m\u00fasica del m\u00f3n, per\u00f2 trobava a faltar als seus amics i a la fam\u00edlia que havia deixat enrere.Una emocionant hist\u00f2ria d&#8221;exploraci\u00f3 i pertinen\u00e7a. \u00a0 Autor  \u00a0 David Litchfield \u00e9s un il\u00b7lustrador de Bedfordshire (Regne Unit). Es va iniciar en el dibuix quan era molt petit, creant c\u00f2mics de Star Wars i Indiana Jones per als seus germans grans. Des de llavors el seu treball ha estat publicat en revistes, diaris, llibres i samarretes. Tamb\u00e9 ha exposat les seves il\u00b7lustracions a nivell individual i en grup, tant al Regne Unit com a la resta d&#8221;Europa i els Estats Units. Aquest \u00e9s el seu primer llibre.<\/p>\n","protected":false},"excerpt":{"rendered":"<p>LITCHFIELD, DAVID<\/p>\n","protected":false},"featured_media":241138,"template":"","meta":{"_acf_changed":false,"om_disable_all_campaigns":false,"rs_blank_template":"","rs_page_bg_color":"","slide_template_v7":"","inline_featured_image":false,"_monsterinsights_skip_tracking":false,"_monsterinsights_sitenote_active":false,"_monsterinsights_sitenote_note":"","_monsterinsights_sitenote_category":0},"product_brand":[],"product_cat":[86],"product_tag":[],"class_list":{"0":"post-241137","1":"product","2":"type-product","3":"status-publish","4":"has-post-thumbnail","6":"product_cat-infantil","8":"first","9":"instock","10":"taxable","11":"shipping-taxable","12":"purchasable","13":"product-type-simple"},"acf":{"autor":"LITCHFIELD, DAVID","codart":"849801878","libros-coleccion":"","ediciones":"1","encuadernacion":"Carton\u00e9","fecha_de_publicacion":"01\/01\/2016","novedad":"0","paginas":"40","subtitulo":"","orden":"999","portada":"0","idioma":"cat","editorial":[{"ID":147556,"post_author":"3","post_date":"2022-10-14 11:51:28","post_date_gmt":"2022-10-14 09:51:28","post_content":"","post_title":"BLUME, EDITORIAL","post_excerpt":"","post_status":"publish","comment_status":"closed","ping_status":"closed","post_password":"","post_name":"blume-editorial-2","to_ping":"","pinged":"","post_modified":"2022-10-14 11:51:28","post_modified_gmt":"2022-10-14 09:51:28","post_content_filtered":"","post_parent":0,"guid":"http:\/\/dev.claret.cat\/editorial\/blume-editorial-2\/","menu_order":0,"post_type":"editorial","post_mime_type":"","comment_count":"0","filter":"raw"}],"autores-libros":[{"ID":153867,"post_author":"3","post_date":"2022-10-14 15:00:10","post_date_gmt":"2022-10-14 13:00:10","post_content":"","post_title":"DAVID LITCHFIELD","post_excerpt":"","post_status":"publish","comment_status":"closed","ping_status":"closed","post_password":"","post_name":"david-litchfield","to_ping":"","pinged":"","post_modified":"2022-10-14 15:00:10","post_modified_gmt":"2022-10-14 13:00:10","post_content_filtered":"","post_parent":0,"guid":"http:\/\/dev.claret.cat\/autor\/david-litchfield\/","menu_order":0,"post_type":"autor","post_mime_type":"","comment_count":"0","filter":"raw"}]},"aioseo_notices":[],"_links":{"self":[{"href":"https:\/\/www.claret.cat\/es\/wp-json\/wp\/v2\/product\/241137","targetHints":{"allow":["GET"]}}],"collection":[{"href":"https:\/\/www.claret.cat\/es\/wp-json\/wp\/v2\/product"}],"about":[{"href":"https:\/\/www.claret.cat\/es\/wp-json\/wp\/v2\/types\/product"}],"wp:featuredmedia":[{"embeddable":true,"href":"https:\/\/www.claret.cat\/es\/wp-json\/wp\/v2\/media\/241138"}],"wp:attachment":[{"href":"https:\/\/www.claret.cat\/es\/wp-json\/wp\/v2\/media?parent=241137"}],"wp:term":[{"taxonomy":"product_brand","embeddable":true,"href":"https:\/\/www.claret.cat\/es\/wp-json\/wp\/v2\/product_brand?post=241137"},{"taxonomy":"product_cat","embeddable":true,"href":"https:\/\/www.claret.cat\/es\/wp-json\/wp\/v2\/product_cat?post=241137"},{"taxonomy":"product_tag","embeddable":true,"href":"https:\/\/www.claret.cat\/es\/wp-json\/wp\/v2\/product_tag?post=241137"}],"curies":[{"name":"wp","href":"https:\/\/api.w.org\/{rel}","templated":true}]}}