{"id":241149,"date":"2022-10-21T00:23:34","date_gmt":"2022-10-20T22:23:34","guid":{"rendered":"http:\/\/dev.claret.cat\/producte\/aprendo-porque-quiero\/"},"modified":"2024-05-23T21:50:17","modified_gmt":"2024-05-23T19:50:17","slug":"aprendo-porque-quiero-9788467585742","status":"publish","type":"product","link":"https:\/\/www.claret.cat\/es\/libro\/aprendo-porque-quiero-9788467585742\/","title":{"rendered":"APRENDO PORQUE QUIERO"},"content":{"rendered":"<p>El autor plantea los diferentes pasos y elementos clave que deben tenerse en cuenta para aplicar en el aula el Aprendizaje Basado en Proyectos (ABP).<\/p>\n","protected":false},"excerpt":{"rendered":"<p>VERGARA RAM\u00cdREZ, JUAN JOS\u00c9<\/p>\n","protected":false},"featured_media":349059,"template":"","meta":{"_acf_changed":false,"om_disable_all_campaigns":false,"rs_blank_template":"","rs_page_bg_color":"","slide_template_v7":"","inline_featured_image":false,"_monsterinsights_skip_tracking":false,"_monsterinsights_sitenote_active":false,"_monsterinsights_sitenote_note":"","_monsterinsights_sitenote_category":0},"product_brand":[],"product_cat":[82,348],"product_tag":[],"class_list":{"0":"post-241149","1":"product","2":"type-product","3":"status-publish","4":"has-post-thumbnail","6":"product_cat-pedagogia","7":"product_cat-pedagogia-2_humanidades","9":"first","10":"instock","11":"taxable","12":"shipping-taxable","13":"purchasable","14":"product-type-simple"},"acf":{"autor":"VERGARA RAM\u00cdREZ, JUAN JOS\u00c9","codart":"846758574","libros-coleccion":"Biblioteca Innovaci\u00f3n Educativa","ediciones":"1","encuadernacion":"R\u00fastica","fecha_de_publicacion":"01\/01\/2016","novedad":"1","paginas":"248","subtitulo":"EL APRENDIZAJE BASADO EN PROYECTOS (ABP), PASO A PASO","orden":"0","portada":"0","idioma":"spa","editorial":[{"ID":147622,"post_author":"3","post_date":"2022-10-14 11:51:59","post_date_gmt":"2022-10-14 09:51:59","post_content":"","post_title":"CESMA EDICIONES SM","post_excerpt":"","post_status":"publish","comment_status":"closed","ping_status":"closed","post_password":"","post_name":"cesma-ediciones-sm","to_ping":"","pinged":"","post_modified":"2022-10-14 11:51:59","post_modified_gmt":"2022-10-14 09:51:59","post_content_filtered":"","post_parent":0,"guid":"http:\/\/dev.claret.cat\/editorial\/cesma-ediciones-sm\/","menu_order":0,"post_type":"editorial","post_mime_type":"","comment_count":"0","filter":"raw"}],"autores-libros":[{"ID":349058,"post_author":"3","post_date":"2023-01-14 05:20:32","post_date_gmt":"2023-01-14 04:20:32","post_content":"","post_title":"JUAN JOS\u00c9 VERGARA RAM\u00cdREZ","post_excerpt":"","post_status":"publish","comment_status":"closed","ping_status":"closed","post_password":"","post_name":"juan-jose-vergara-ramirez","to_ping":"","pinged":"","post_modified":"2023-01-14 05:20:32","post_modified_gmt":"2023-01-14 04:20:32","post_content_filtered":"","post_parent":0,"guid":"https:\/\/www.claret.cat\/autor\/juan-jose-vergara-ramirez\/","menu_order":0,"post_type":"autor","post_mime_type":"","comment_count":"0","filter":"raw"}]},"aioseo_notices":[],"_links":{"self":[{"href":"https:\/\/www.claret.cat\/es\/wp-json\/wp\/v2\/product\/241149","targetHints":{"allow":["GET"]}}],"collection":[{"href":"https:\/\/www.claret.cat\/es\/wp-json\/wp\/v2\/product"}],"about":[{"href":"https:\/\/www.claret.cat\/es\/wp-json\/wp\/v2\/types\/product"}],"wp:featuredmedia":[{"embeddable":true,"href":"https:\/\/www.claret.cat\/es\/wp-json\/wp\/v2\/media\/349059"}],"wp:attachment":[{"href":"https:\/\/www.claret.cat\/es\/wp-json\/wp\/v2\/media?parent=241149"}],"wp:term":[{"taxonomy":"product_brand","embeddable":true,"href":"https:\/\/www.claret.cat\/es\/wp-json\/wp\/v2\/product_brand?post=241149"},{"taxonomy":"product_cat","embeddable":true,"href":"https:\/\/www.claret.cat\/es\/wp-json\/wp\/v2\/product_cat?post=241149"},{"taxonomy":"product_tag","embeddable":true,"href":"https:\/\/www.claret.cat\/es\/wp-json\/wp\/v2\/product_tag?post=241149"}],"curies":[{"name":"wp","href":"https:\/\/api.w.org\/{rel}","templated":true}]}}