{"id":24120,"date":"2022-10-02T10:12:10","date_gmt":"2022-10-02T08:12:10","guid":{"rendered":"http:\/\/dev.claret.cat\/producte\/san-pablo-en-pasatiempos\/"},"modified":"2024-05-22T19:54:15","modified_gmt":"2024-05-22T17:54:15","slug":"san-pablo-en-pasatiempos-9788498422870","status":"publish","type":"product","link":"https:\/\/www.claret.cat\/es\/libro\/san-pablo-en-pasatiempos-9788498422870\/","title":{"rendered":"SAN PABLO EN PASATIEMPOS"},"content":{"rendered":"<p>Un material l\u00fadico para aproximarse a la vida y pensamiento del Ap\u00f3stol de los Gentiles. ?Con ocasi\u00f3n del A\u00f1o de San Pablo surge la idea de una serie de pasatiempos, para que entreteni\u00e9ndose, el lector pueda descubrir la vida de quien pas\u00f3 de perseguidor de Jes\u00fas a seguidor y fundador de comunidades cristianas.<\/p>\n","protected":false},"excerpt":{"rendered":"<p>MAC-MAH\u00d3N, ROSA<\/p>\n","protected":false},"featured_media":0,"template":"","meta":{"_acf_changed":false,"om_disable_all_campaigns":false,"rs_blank_template":"","rs_page_bg_color":"","slide_template_v7":"","inline_featured_image":false,"_monsterinsights_skip_tracking":false,"_monsterinsights_sitenote_active":false,"_monsterinsights_sitenote_note":"","_monsterinsights_sitenote_category":0},"product_brand":[],"product_cat":[90,540],"product_tag":[],"class_list":{"0":"post-24120","1":"product","2":"type-product","3":"status-publish","5":"product_cat-altres","6":"product_cat-otros","8":"first","9":"instock","10":"taxable","11":"shipping-taxable","12":"purchasable","13":"product-type-simple"},"acf":{"autor":"MAC-MAH\u00d3N, ROSA","codart":"849842287","libros-coleccion":"Abba","ediciones":"1","encuadernacion":"R\u00fastica","fecha_de_publicacion":"13\/03\/2009","novedad":"0","paginas":"144","subtitulo":"UN MATERIAL L\u00daDICO PARA APROXIMARSE A LA VIDA Y PENSAMIENTO DEL AP\u00d3STOL DE LOS GENTILES","orden":"999","portada":"0","idioma":"spa","editorial":[{"ID":6155,"post_author":"3","post_date":"2022-07-28 17:46:04","post_date_gmt":"2022-07-28 15:46:04","post_content":"","post_title":"Central Catequ\u00edstica Salesiana","post_excerpt":"","post_status":"publish","comment_status":"closed","ping_status":"closed","post_password":"","post_name":"central-catequistica-salesiana","to_ping":"","pinged":"","post_modified":"2022-07-28 17:46:04","post_modified_gmt":"2022-07-28 15:46:04","post_content_filtered":"","post_parent":0,"guid":"http:\/\/dev.claret.cat\/editorial\/central-catequistica-salesiana\/","menu_order":0,"post_type":"editorial","post_mime_type":"","comment_count":"0","filter":"raw"}],"autores-libros":[{"ID":168501,"post_author":"3","post_date":"2022-10-14 22:19:37","post_date_gmt":"2022-10-14 20:19:37","post_content":"","post_title":"ROSA MAC-MAHON","post_excerpt":"","post_status":"publish","comment_status":"closed","ping_status":"closed","post_password":"","post_name":"rosa-mac-mahon-2","to_ping":"","pinged":"","post_modified":"2022-10-14 22:19:37","post_modified_gmt":"2022-10-14 20:19:37","post_content_filtered":"","post_parent":0,"guid":"http:\/\/dev.claret.cat\/autor\/rosa-mac-mahon-2\/","menu_order":0,"post_type":"autor","post_mime_type":"","comment_count":"0","filter":"raw"}]},"aioseo_notices":[],"_links":{"self":[{"href":"https:\/\/www.claret.cat\/es\/wp-json\/wp\/v2\/product\/24120","targetHints":{"allow":["GET"]}}],"collection":[{"href":"https:\/\/www.claret.cat\/es\/wp-json\/wp\/v2\/product"}],"about":[{"href":"https:\/\/www.claret.cat\/es\/wp-json\/wp\/v2\/types\/product"}],"wp:attachment":[{"href":"https:\/\/www.claret.cat\/es\/wp-json\/wp\/v2\/media?parent=24120"}],"wp:term":[{"taxonomy":"product_brand","embeddable":true,"href":"https:\/\/www.claret.cat\/es\/wp-json\/wp\/v2\/product_brand?post=24120"},{"taxonomy":"product_cat","embeddable":true,"href":"https:\/\/www.claret.cat\/es\/wp-json\/wp\/v2\/product_cat?post=24120"},{"taxonomy":"product_tag","embeddable":true,"href":"https:\/\/www.claret.cat\/es\/wp-json\/wp\/v2\/product_tag?post=24120"}],"curies":[{"name":"wp","href":"https:\/\/api.w.org\/{rel}","templated":true}]}}