{"id":241314,"date":"2022-10-21T00:27:31","date_gmt":"2022-10-20T22:27:31","guid":{"rendered":"http:\/\/dev.claret.cat\/producte\/el-clerigo-malvado-y-otros-relatos\/"},"modified":"2023-01-28T03:52:42","modified_gmt":"2023-01-28T02:52:42","slug":"el-clerigo-malvado-y-otros-relatos-9788491042105","status":"publish","type":"product","link":"https:\/\/www.claret.cat\/es\/libro\/el-clerigo-malvado-y-otros-relatos-9788491042105\/","title":{"rendered":"EL CL\u00c9RIGO MALVADO Y OTROS RELATOS"},"content":{"rendered":"<p>Esta recopilaci\u00f3n de relatos de H. P. Lovecraft (1890-1937) se abre con seis de ellos escritos en su \u00e9poca de plena madurez, que ejemplifican los diversos registros de su universo macabro y numinoso, desde el horror c\u00f3smico (\u00abEncerrado con los faraones\u00bb) a la anticipaci\u00f3n cient\u00edfica (\u00abEn los muros de Eris\u00bb), pasando por el tenebroso entorno de Nueva Inglaterra (\u00abLa extra\u00f1a casa de la niebla\u00bb). El volumen incluye, a continuaci\u00f3n, cinco narraciones juveniles que el autor salv\u00f3 de la destrucci\u00f3n y que resultan sumamente significativas como primeros atisbos de las obsesiones literarias que fraguar\u00edan m\u00e1s tarde en la cosmogon\u00eda de los mitos de Cthulhu. &#8216;El cl\u00e9rigo malvado&#8217; -que responde al t\u00edtulo del cuento inicial- se cierra con cuatro bocetos de relatos hallados entre los papeles p\u00f3stumos del autor.<\/p>\n","protected":false},"excerpt":{"rendered":"<p>LOVECRAFT, H. P.<\/p>\n","protected":false},"featured_media":241315,"template":"","meta":{"_acf_changed":false,"om_disable_all_campaigns":false,"rs_blank_template":"","rs_page_bg_color":"","slide_template_v7":"","inline_featured_image":false,"_monsterinsights_skip_tracking":false,"_monsterinsights_sitenote_active":false,"_monsterinsights_sitenote_note":"","_monsterinsights_sitenote_category":0},"product_brand":[],"product_cat":[87],"product_tag":[],"class_list":{"0":"post-241314","1":"product","2":"type-product","3":"status-publish","4":"has-post-thumbnail","6":"product_cat-literatura","8":"first","9":"instock","10":"taxable","11":"shipping-taxable","12":"purchasable","13":"product-type-simple"},"acf":{"autor":"LOVECRAFT, H. P.","codart":"849104210","libros-coleccion":"","ediciones":"1","encuadernacion":"R\u00fastica","fecha_de_publicacion":"01\/01\/2016","novedad":"0","paginas":"246","subtitulo":"","orden":"999","portada":"0","idioma":"spa","editorial":[{"ID":147398,"post_author":"3","post_date":"2022-10-14 11:50:16","post_date_gmt":"2022-10-14 09:50:16","post_content":"","post_title":"ALIANZA EDITORIAL, S. A.","post_excerpt":"","post_status":"publish","comment_status":"closed","ping_status":"closed","post_password":"","post_name":"alianza-editorial-s-a","to_ping":"","pinged":"","post_modified":"2022-10-14 11:50:16","post_modified_gmt":"2022-10-14 09:50:16","post_content_filtered":"","post_parent":0,"guid":"http:\/\/dev.claret.cat\/editorial\/alianza-editorial-s-a\/","menu_order":0,"post_type":"editorial","post_mime_type":"","comment_count":"0","filter":"raw"}],"autores-libros":[{"ID":157297,"post_author":"3","post_date":"2022-10-14 15:27:42","post_date_gmt":"2022-10-14 13:27:42","post_content":"","post_title":"H. P. LOVECRAFT","post_excerpt":"","post_status":"publish","comment_status":"closed","ping_status":"closed","post_password":"","post_name":"h-p-lovecraft","to_ping":"","pinged":"","post_modified":"2022-10-14 15:27:42","post_modified_gmt":"2022-10-14 13:27:42","post_content_filtered":"","post_parent":0,"guid":"http:\/\/dev.claret.cat\/autor\/h-p-lovecraft\/","menu_order":0,"post_type":"autor","post_mime_type":"","comment_count":"0","filter":"raw"}]},"aioseo_notices":[],"_links":{"self":[{"href":"https:\/\/www.claret.cat\/es\/wp-json\/wp\/v2\/product\/241314","targetHints":{"allow":["GET"]}}],"collection":[{"href":"https:\/\/www.claret.cat\/es\/wp-json\/wp\/v2\/product"}],"about":[{"href":"https:\/\/www.claret.cat\/es\/wp-json\/wp\/v2\/types\/product"}],"wp:featuredmedia":[{"embeddable":true,"href":"https:\/\/www.claret.cat\/es\/wp-json\/wp\/v2\/media\/241315"}],"wp:attachment":[{"href":"https:\/\/www.claret.cat\/es\/wp-json\/wp\/v2\/media?parent=241314"}],"wp:term":[{"taxonomy":"product_brand","embeddable":true,"href":"https:\/\/www.claret.cat\/es\/wp-json\/wp\/v2\/product_brand?post=241314"},{"taxonomy":"product_cat","embeddable":true,"href":"https:\/\/www.claret.cat\/es\/wp-json\/wp\/v2\/product_cat?post=241314"},{"taxonomy":"product_tag","embeddable":true,"href":"https:\/\/www.claret.cat\/es\/wp-json\/wp\/v2\/product_tag?post=241314"}],"curies":[{"name":"wp","href":"https:\/\/api.w.org\/{rel}","templated":true}]}}