{"id":241443,"date":"2022-10-21T00:30:40","date_gmt":"2022-10-20T22:30:40","guid":{"rendered":"http:\/\/dev.claret.cat\/producte\/entry-island-2\/"},"modified":"2023-01-28T20:42:09","modified_gmt":"2023-01-28T19:42:09","slug":"entry-island-9788416237111","status":"publish","type":"product","link":"https:\/\/www.claret.cat\/es\/libro\/entry-island-9788416237111\/","title":{"rendered":"ENTRY ISLAND"},"content":{"rendered":"<p>Como un vigilante diminuto enfrentado a la violencia de un oc\u00e9ano inclemente, Entry Island es la primera isla que se encuentran los nav\u00edos que acceden al golfo de San Lorenzo. Azotado por el viento y ba\u00f1ado por las aguas heladas, el min\u00fasculo pedrusco apenas alberga a una centena de habitantes que viven de la pesca; gente curtida y tenaz, acostumbrada a soportar la rudeza de los elementos y las situaciones m\u00e1s extremas. Excepto el asesinato.<br \/>Cuando la persona m\u00e1s rica de la isla, un comerciante de langostas llamado James Cowell, aparece muerta, el desconcierto se apodera de la peque\u00f1a comunidad, y pronto todas las sospechas recaen en Kirsty, la esposa de la v\u00edctima. Asignado a la investigaci\u00f3n del crimen, acude desde Montreal el detective Sime Mackenzie, a quien el cambio de aires se le antoja saludable en un momento cr\u00edtico de su vida en el que se siente acuciado por la soledad y la mala conciencia. Por desgracia, su ilusi\u00f3n se desvanece en cuanto pone un pie en la isla y se encuentra con su ex mujer, analista forense, que le recuerda de inmediato por qu\u00e9 su relaci\u00f3n acab\u00f3 en un agrio intercambio de reproches. Pero lo m\u00e1s inquietante, sin duda, es su encuentro con Kirsty, a quien cree reconocer del pasado.<br \/>Mientras la mayor\u00eda de las pruebas apuntan hacia la viuda del comerciante, y el equipo de investigadores se muestra ansioso por cerrar el caso para poder abandonar ese lugar tan inh\u00f3spito, Sime est\u00e1 convencido de la inocencia de la mujer. Defenderla, sin embargo, le plantear\u00e1 un espinoso conflicto moral.<br \/>Con una atm\u00f3sfera envolvente y una trama refinada y precisa, Entry Island es una de las obras m\u00e1s elogiadas y premiadas en la amplia trayectoria de Peter May, uno de los m\u00e1ximos exponentes de la novela negra actual.<\/p>\n","protected":false},"excerpt":{"rendered":"<p>MAY, PETER<\/p>\n","protected":false},"featured_media":241444,"template":"","meta":{"_acf_changed":false,"om_disable_all_campaigns":false,"rs_blank_template":"","rs_page_bg_color":"","slide_template_v7":"","inline_featured_image":false,"_monsterinsights_skip_tracking":false,"_monsterinsights_sitenote_active":false,"_monsterinsights_sitenote_note":"","_monsterinsights_sitenote_category":0},"product_brand":[],"product_cat":[87],"product_tag":[],"class_list":{"0":"post-241443","1":"product","2":"type-product","3":"status-publish","4":"has-post-thumbnail","6":"product_cat-literatura","8":"first","9":"instock","10":"taxable","11":"shipping-taxable","12":"purchasable","13":"product-type-simple"},"acf":{"autor":"MAY, PETER","codart":"841623711","libros-coleccion":"","ediciones":"1","encuadernacion":"R\u00fastica","fecha_de_publicacion":"01\/01\/2016","novedad":"0","paginas":"476","subtitulo":"","orden":"999","portada":"0","idioma":"spa","editorial":[{"ID":148768,"post_author":"3","post_date":"2022-10-14 12:00:50","post_date_gmt":"2022-10-14 10:00:50","post_content":"","post_title":"Salamandra Black","post_excerpt":"","post_status":"publish","comment_status":"closed","ping_status":"closed","post_password":"","post_name":"salamandra-black","to_ping":"","pinged":"","post_modified":"2022-10-14 12:00:50","post_modified_gmt":"2022-10-14 10:00:50","post_content_filtered":"","post_parent":0,"guid":"http:\/\/dev.claret.cat\/editorial\/salamandra-black\/","menu_order":0,"post_type":"editorial","post_mime_type":"","comment_count":"0","filter":"raw"}],"autores-libros":[{"ID":167115,"post_author":"3","post_date":"2022-10-14 18:08:39","post_date_gmt":"2022-10-14 16:08:39","post_content":"","post_title":"PETER MAY","post_excerpt":"","post_status":"publish","comment_status":"closed","ping_status":"closed","post_password":"","post_name":"peter-may","to_ping":"","pinged":"","post_modified":"2022-10-14 18:08:39","post_modified_gmt":"2022-10-14 16:08:39","post_content_filtered":"","post_parent":0,"guid":"http:\/\/dev.claret.cat\/autor\/peter-may\/","menu_order":0,"post_type":"autor","post_mime_type":"","comment_count":"0","filter":"raw"}]},"aioseo_notices":[],"_links":{"self":[{"href":"https:\/\/www.claret.cat\/es\/wp-json\/wp\/v2\/product\/241443","targetHints":{"allow":["GET"]}}],"collection":[{"href":"https:\/\/www.claret.cat\/es\/wp-json\/wp\/v2\/product"}],"about":[{"href":"https:\/\/www.claret.cat\/es\/wp-json\/wp\/v2\/types\/product"}],"wp:featuredmedia":[{"embeddable":true,"href":"https:\/\/www.claret.cat\/es\/wp-json\/wp\/v2\/media\/241444"}],"wp:attachment":[{"href":"https:\/\/www.claret.cat\/es\/wp-json\/wp\/v2\/media?parent=241443"}],"wp:term":[{"taxonomy":"product_brand","embeddable":true,"href":"https:\/\/www.claret.cat\/es\/wp-json\/wp\/v2\/product_brand?post=241443"},{"taxonomy":"product_cat","embeddable":true,"href":"https:\/\/www.claret.cat\/es\/wp-json\/wp\/v2\/product_cat?post=241443"},{"taxonomy":"product_tag","embeddable":true,"href":"https:\/\/www.claret.cat\/es\/wp-json\/wp\/v2\/product_tag?post=241443"}],"curies":[{"name":"wp","href":"https:\/\/api.w.org\/{rel}","templated":true}]}}