{"id":241521,"date":"2022-10-21T00:32:40","date_gmt":"2022-10-20T22:32:40","guid":{"rendered":"http:\/\/dev.claret.cat\/producte\/dubai-de-cerca-1\/"},"modified":"2023-01-28T02:41:59","modified_gmt":"2023-01-28T01:41:59","slug":"dubai-de-cerca-1-9788408148340","status":"publish","type":"product","link":"https:\/\/www.claret.cat\/es\/libro\/dubai-de-cerca-1-9788408148340\/","title":{"rendered":"DUB\u00c1I DE CERCA 1"},"content":{"rendered":"<p>Dub\u00e1i se prepara para acoger la Exposici\u00f3n Universal del 2020, pero los viajeros bien informados saben que este peque\u00f1o y pr\u00f3spero emirato es desde hace tiempo un destino fascinante para gourmets, compradores y amantes del arte, la diversi\u00f3n y el desierto. Tranquilo, abierto, optimista y lleno de energ\u00eda, aqu\u00ed se hallar\u00e1 tanto vida sencilla como lujo futurista.<br \/>Incluye:<br \/>.Selecci\u00f3n de los puntos de inter\u00e9s imprescindibles.<br \/>.Apartados de vida local para descubrir la ciudad desde el punto de vista aut\u00f3ctono.<br \/>.Mapas de todos los barrios.<br \/>.Circuitos a pie e itinerarios para varios d\u00edas.<\/p>\n","protected":false},"excerpt":{"rendered":"<p>SCHULTE-PEEVERS, ANDREA<\/p>\n","protected":false},"featured_media":241522,"template":"","meta":{"_acf_changed":false,"om_disable_all_campaigns":false,"rs_blank_template":"","rs_page_bg_color":"","slide_template_v7":"","inline_featured_image":false,"_monsterinsights_skip_tracking":false,"_monsterinsights_sitenote_active":false,"_monsterinsights_sitenote_note":"","_monsterinsights_sitenote_category":0},"product_brand":[],"product_cat":[107],"product_tag":[],"class_list":{"0":"post-241521","1":"product","2":"type-product","3":"status-publish","4":"has-post-thumbnail","6":"product_cat-guies-de-viatge","8":"first","9":"instock","10":"taxable","11":"shipping-taxable","12":"purchasable","13":"product-type-simple"},"acf":{"autor":"SCHULTE-PEEVERS, ANDREA","codart":"840814834","libros-coleccion":"GU\u00cdAS DE CERCA LONELY PLANET","ediciones":"1","encuadernacion":"R\u00fastica","fecha_de_publicacion":"01\/01\/2016","novedad":"1","paginas":"160","subtitulo":"","orden":"0","portada":"0","idioma":"spa","editorial":[{"ID":6377,"post_author":"3","post_date":"2022-07-28 17:50:53","post_date_gmt":"2022-07-28 15:50:53","post_content":"","post_title":"Timun Mas CAT","post_excerpt":"","post_status":"publish","comment_status":"closed","ping_status":"closed","post_password":"","post_name":"timun-mas-cat","to_ping":"","pinged":"","post_modified":"2022-07-28 17:50:53","post_modified_gmt":"2022-07-28 15:50:53","post_content_filtered":"","post_parent":0,"guid":"http:\/\/dev.claret.cat\/editorial\/timun-mas-cat\/","menu_order":0,"post_type":"editorial","post_mime_type":"","comment_count":"0","filter":"raw"}],"autores-libros":[{"ID":150239,"post_author":"3","post_date":"2022-10-14 14:31:21","post_date_gmt":"2022-10-14 12:31:21","post_content":"","post_title":"ANDREA SCHULTE-PEEVERS","post_excerpt":"","post_status":"publish","comment_status":"closed","ping_status":"closed","post_password":"","post_name":"andrea-schulte-peevers","to_ping":"","pinged":"","post_modified":"2022-10-14 14:31:21","post_modified_gmt":"2022-10-14 12:31:21","post_content_filtered":"","post_parent":0,"guid":"http:\/\/dev.claret.cat\/autor\/andrea-schulte-peevers\/","menu_order":0,"post_type":"autor","post_mime_type":"","comment_count":"0","filter":"raw"}]},"aioseo_notices":[],"_links":{"self":[{"href":"https:\/\/www.claret.cat\/es\/wp-json\/wp\/v2\/product\/241521","targetHints":{"allow":["GET"]}}],"collection":[{"href":"https:\/\/www.claret.cat\/es\/wp-json\/wp\/v2\/product"}],"about":[{"href":"https:\/\/www.claret.cat\/es\/wp-json\/wp\/v2\/types\/product"}],"wp:featuredmedia":[{"embeddable":true,"href":"https:\/\/www.claret.cat\/es\/wp-json\/wp\/v2\/media\/241522"}],"wp:attachment":[{"href":"https:\/\/www.claret.cat\/es\/wp-json\/wp\/v2\/media?parent=241521"}],"wp:term":[{"taxonomy":"product_brand","embeddable":true,"href":"https:\/\/www.claret.cat\/es\/wp-json\/wp\/v2\/product_brand?post=241521"},{"taxonomy":"product_cat","embeddable":true,"href":"https:\/\/www.claret.cat\/es\/wp-json\/wp\/v2\/product_cat?post=241521"},{"taxonomy":"product_tag","embeddable":true,"href":"https:\/\/www.claret.cat\/es\/wp-json\/wp\/v2\/product_tag?post=241521"}],"curies":[{"name":"wp","href":"https:\/\/api.w.org\/{rel}","templated":true}]}}