{"id":241527,"date":"2022-10-21T00:32:49","date_gmt":"2022-10-20T22:32:49","guid":{"rendered":"http:\/\/dev.claret.cat\/producte\/lisboa-de-cerca-3\/"},"modified":"2023-01-28T07:13:23","modified_gmt":"2023-01-28T06:13:23","slug":"lisboa-de-cerca-3-9788408148388","status":"publish","type":"product","link":"https:\/\/www.claret.cat\/es\/libro\/lisboa-de-cerca-3-9788408148388\/","title":{"rendered":"LISBOA DE CERCA 3"},"content":{"rendered":"<p>Lisboa, una ciudad vertiginosa con siete colinas, coronada por un castillo \u00e1rabe y ba\u00f1ada en luz, es una capital abierta al cielo, con traqueteantes tranv\u00edas y ascensores como el de Willy Wonka; una ciudad de fados melanc\u00f3licos y de alegre vida nocturna.\u00a0Modernidad, carisma y escenas de postal: Lisboa lo tiene todoIncluye:.Selecci\u00f3n de los puntos de inter\u00e9s imprescindibles.Apartados de vida local para descubrir la ciudad desde el punto de vista aut\u00f3ctono.Mapas de todos los barrios..Circuitos a pie e itinerarios para varios d\u00edas.<\/p>\n","protected":false},"excerpt":{"rendered":"<p>CHRISTIANI, KERRY<\/p>\n","protected":false},"featured_media":241528,"template":"","meta":{"_acf_changed":false,"om_disable_all_campaigns":false,"rs_blank_template":"","rs_page_bg_color":"","slide_template_v7":"","inline_featured_image":false,"_monsterinsights_skip_tracking":false,"_monsterinsights_sitenote_active":false,"_monsterinsights_sitenote_note":"","_monsterinsights_sitenote_category":0},"product_brand":[],"product_cat":[107],"product_tag":[],"class_list":{"0":"post-241527","1":"product","2":"type-product","3":"status-publish","4":"has-post-thumbnail","6":"product_cat-guies-de-viatge","8":"first","9":"instock","10":"taxable","11":"shipping-taxable","12":"purchasable","13":"product-type-simple"},"acf":{"autor":"CHRISTIANI, KERRY","codart":"840814838","libros-coleccion":"","ediciones":"1","encuadernacion":"R\u00fastica","fecha_de_publicacion":"01\/01\/2016","novedad":"0","paginas":"160","subtitulo":"","orden":"999","portada":"0","idioma":"spa","editorial":[{"ID":8244,"post_author":"3","post_date":"2022-09-30 09:21:26","post_date_gmt":"2022-09-30 07:21:26","post_content":"","post_title":"GEOPLANETA EDITORIAL","post_excerpt":"","post_status":"publish","comment_status":"closed","ping_status":"closed","post_password":"","post_name":"geoplaneta-editorial","to_ping":"","pinged":"","post_modified":"2022-09-30 09:21:26","post_modified_gmt":"2022-09-30 07:21:26","post_content_filtered":"","post_parent":0,"guid":"http:\/\/dev.claret.cat\/editorial\/geoplaneta-editorial\/","menu_order":0,"post_type":"editorial","post_mime_type":"","comment_count":"0","filter":"raw"}],"autores-libros":[{"ID":161644,"post_author":"3","post_date":"2022-10-14 17:19:53","post_date_gmt":"2022-10-14 15:19:53","post_content":"","post_title":"KERRY CHRISTIANI","post_excerpt":"","post_status":"publish","comment_status":"closed","ping_status":"closed","post_password":"","post_name":"kerry-christiani","to_ping":"","pinged":"","post_modified":"2022-10-14 17:19:53","post_modified_gmt":"2022-10-14 15:19:53","post_content_filtered":"","post_parent":0,"guid":"http:\/\/dev.claret.cat\/autor\/kerry-christiani\/","menu_order":0,"post_type":"autor","post_mime_type":"","comment_count":"0","filter":"raw"}]},"aioseo_notices":[],"_links":{"self":[{"href":"https:\/\/www.claret.cat\/es\/wp-json\/wp\/v2\/product\/241527","targetHints":{"allow":["GET"]}}],"collection":[{"href":"https:\/\/www.claret.cat\/es\/wp-json\/wp\/v2\/product"}],"about":[{"href":"https:\/\/www.claret.cat\/es\/wp-json\/wp\/v2\/types\/product"}],"wp:featuredmedia":[{"embeddable":true,"href":"https:\/\/www.claret.cat\/es\/wp-json\/wp\/v2\/media\/241528"}],"wp:attachment":[{"href":"https:\/\/www.claret.cat\/es\/wp-json\/wp\/v2\/media?parent=241527"}],"wp:term":[{"taxonomy":"product_brand","embeddable":true,"href":"https:\/\/www.claret.cat\/es\/wp-json\/wp\/v2\/product_brand?post=241527"},{"taxonomy":"product_cat","embeddable":true,"href":"https:\/\/www.claret.cat\/es\/wp-json\/wp\/v2\/product_cat?post=241527"},{"taxonomy":"product_tag","embeddable":true,"href":"https:\/\/www.claret.cat\/es\/wp-json\/wp\/v2\/product_tag?post=241527"}],"curies":[{"name":"wp","href":"https:\/\/api.w.org\/{rel}","templated":true}]}}