{"id":241575,"date":"2022-10-21T00:33:58","date_gmt":"2022-10-20T22:33:58","guid":{"rendered":"http:\/\/dev.claret.cat\/producte\/tokio-de-cerca-4\/"},"modified":"2023-01-28T09:12:37","modified_gmt":"2023-01-28T08:12:37","slug":"tokio-de-cerca-4-9788408147978","status":"publish","type":"product","link":"https:\/\/www.claret.cat\/es\/libro\/tokio-de-cerca-4-9788408147978\/","title":{"rendered":"TOKIO DE CERCA 4"},"content":{"rendered":"<p>Tokio es una ciudad siempre con un pie en el futuro, deslumbrando con sus paisajes urbanos de ciencia ficci\u00f3n con neones y alt\u00edsimos rascacielos. Pero tambi\u00e9n es una ciudad llena de historia, donde se pueden encontrar rastros de la capital del sog\u00fan sobre un escenario de kabuki o bajo los cerezos en flor. Es un tapiz de frenes\u00ed sensorial inigualable. <\/p>\n<p>Incluye:<br \/>.Selecci\u00f3n de los puntos de inter\u00e9s imprescindibles.<br \/>.Apartados de vida local para descubrir la ciudad desde el punto de vista aut\u00f3ctono.<br \/>.Mapas de todos los barrios.<br \/>.Circuitos a pie e itinerarios para varios d\u00edas.<\/p>\n","protected":false},"excerpt":{"rendered":"<p>MILNER, REBECCA \/ RICHMOND, SIMON<\/p>\n","protected":false},"featured_media":241576,"template":"","meta":{"_acf_changed":false,"om_disable_all_campaigns":false,"rs_blank_template":"","rs_page_bg_color":"","slide_template_v7":"","inline_featured_image":false,"_monsterinsights_skip_tracking":false,"_monsterinsights_sitenote_active":false,"_monsterinsights_sitenote_note":"","_monsterinsights_sitenote_category":0},"product_brand":[],"product_cat":[107],"product_tag":[],"class_list":{"0":"post-241575","1":"product","2":"type-product","3":"status-publish","4":"has-post-thumbnail","6":"product_cat-guies-de-viatge","8":"first","9":"instock","10":"taxable","11":"shipping-taxable","12":"purchasable","13":"product-type-simple"},"acf":{"autor":"MILNER, REBECCA \/ RICHMOND, SIMON","codart":"978840814797","libros-coleccion":"SUSHI BOOKS","ediciones":"1","encuadernacion":"R\u00fastica","fecha_de_publicacion":"01\/01\/2016","novedad":"0","paginas":"192","subtitulo":"","orden":"0","portada":"0","idioma":"spa","editorial":[{"ID":6377,"post_author":"3","post_date":"2022-07-28 17:50:53","post_date_gmt":"2022-07-28 15:50:53","post_content":"","post_title":"Timun Mas CAT","post_excerpt":"","post_status":"publish","comment_status":"closed","ping_status":"closed","post_password":"","post_name":"timun-mas-cat","to_ping":"","pinged":"","post_modified":"2022-07-28 17:50:53","post_modified_gmt":"2022-07-28 15:50:53","post_content_filtered":"","post_parent":0,"guid":"http:\/\/dev.claret.cat\/editorial\/timun-mas-cat\/","menu_order":0,"post_type":"editorial","post_mime_type":"","comment_count":"0","filter":"raw"}],"autores-libros":[{"ID":169554,"post_author":"3","post_date":"2022-10-14 22:28:10","post_date_gmt":"2022-10-14 20:28:10","post_content":"","post_title":"SIMON RICHMOND","post_excerpt":"","post_status":"publish","comment_status":"closed","ping_status":"closed","post_password":"","post_name":"simon-richmond","to_ping":"","pinged":"","post_modified":"2022-10-14 22:28:10","post_modified_gmt":"2022-10-14 20:28:10","post_content_filtered":"","post_parent":0,"guid":"http:\/\/dev.claret.cat\/autor\/simon-richmond\/","menu_order":0,"post_type":"autor","post_mime_type":"","comment_count":"0","filter":"raw"},{"ID":167909,"post_author":"3","post_date":"2022-10-14 18:14:59","post_date_gmt":"2022-10-14 16:14:59","post_content":"","post_title":"REBECCA MILNER","post_excerpt":"","post_status":"publish","comment_status":"closed","ping_status":"closed","post_password":"","post_name":"rebecca-milner","to_ping":"","pinged":"","post_modified":"2022-10-14 18:14:59","post_modified_gmt":"2022-10-14 16:14:59","post_content_filtered":"","post_parent":0,"guid":"http:\/\/dev.claret.cat\/autor\/rebecca-milner\/","menu_order":0,"post_type":"autor","post_mime_type":"","comment_count":"0","filter":"raw"}]},"aioseo_notices":[],"_links":{"self":[{"href":"https:\/\/www.claret.cat\/es\/wp-json\/wp\/v2\/product\/241575","targetHints":{"allow":["GET"]}}],"collection":[{"href":"https:\/\/www.claret.cat\/es\/wp-json\/wp\/v2\/product"}],"about":[{"href":"https:\/\/www.claret.cat\/es\/wp-json\/wp\/v2\/types\/product"}],"wp:featuredmedia":[{"embeddable":true,"href":"https:\/\/www.claret.cat\/es\/wp-json\/wp\/v2\/media\/241576"}],"wp:attachment":[{"href":"https:\/\/www.claret.cat\/es\/wp-json\/wp\/v2\/media?parent=241575"}],"wp:term":[{"taxonomy":"product_brand","embeddable":true,"href":"https:\/\/www.claret.cat\/es\/wp-json\/wp\/v2\/product_brand?post=241575"},{"taxonomy":"product_cat","embeddable":true,"href":"https:\/\/www.claret.cat\/es\/wp-json\/wp\/v2\/product_cat?post=241575"},{"taxonomy":"product_tag","embeddable":true,"href":"https:\/\/www.claret.cat\/es\/wp-json\/wp\/v2\/product_tag?post=241575"}],"curies":[{"name":"wp","href":"https:\/\/api.w.org\/{rel}","templated":true}]}}