{"id":241597,"date":"2022-10-21T00:34:30","date_gmt":"2022-10-20T22:34:30","guid":{"rendered":"http:\/\/dev.claret.cat\/producte\/economistas-politicos-y-otros-animales\/"},"modified":"2023-01-28T22:16:40","modified_gmt":"2023-01-28T21:16:40","slug":"economistas-politicos-y-otros-animales-9788499424743","status":"publish","type":"product","link":"https:\/\/www.claret.cat\/es\/libro\/economistas-politicos-y-otros-animales-9788499424743\/","title":{"rendered":"ECONOMISTAS, POL\u00cdTICOS Y OTROS ANIMALES"},"content":{"rendered":"<p>Espa\u00f1a ha hecho grandes progresos en las \u00faltimas d\u00e9cadas, pero a\u00fan est\u00e1 lejos de parecerse a las democracias \u00abilustradas\u00bb del norte de Europa. Tenemos profesionales capaces de dise\u00f1ar las pol\u00edticas que hay que adoptar para lograr ese prop\u00f3sito? Pero nadie las pone en marcha. \u00bfPor qu\u00e9 motivo? \u00bfQu\u00e9 hace que sigan tom\u00e1ndose decisiones equivocadas?<br \/> Lo m\u00e1s f\u00e1cil suele ser culpar a los pol\u00edticos, pero el exgobernador del Banco de Espa\u00f1a Miguel \u00c1ngel Fern\u00e1ndez Ord\u00f3\u00f1ez pone el foco en este libro en las pol\u00edticas, es decir, en las medidas que estos toman. Y en el hecho de que a la hora de escogerlas hay muchas variables, aparte de los propios pol\u00edticos ?grupos de inter\u00e9s, medios de comunicaci\u00f3n, la ciudadan\u00eda?, que hacen que no siempre triunfen las mejores soluciones.<br \/> A partir de ejemplos recientes de decisiones pol\u00edticas que han ignorado lo que la ciencia econ\u00f3mica aconseja, Fern\u00e1ndez Ord\u00f3\u00f1ez, espectador privilegiado de la gesti\u00f3n de la crisis por parte de los \u00faltimos gobiernos, muestra en este libro, en el que habla por primera vez tras abandonar los cargos p\u00fablicos, el camino a seguir en los pr\u00f3ximos a\u00f1os. Porque para cambiar las pol\u00edticas no basta con cambiar a quienes las impulsan: es necesario cambiar tambi\u00e9n la forma de elaborarlas.<\/p>\n","protected":false},"excerpt":{"rendered":"<p>FERN\u00c1NDEZ ORD\u00d3\u00d1EZ, MIGUEL \u00c1.<\/p>\n","protected":false},"featured_media":241598,"template":"","meta":{"_acf_changed":false,"om_disable_all_campaigns":false,"rs_blank_template":"","rs_page_bg_color":"","slide_template_v7":"","inline_featured_image":false,"_monsterinsights_skip_tracking":false,"_monsterinsights_sitenote_active":false,"_monsterinsights_sitenote_note":"","_monsterinsights_sitenote_category":0},"product_brand":[],"product_cat":[84],"product_tag":[],"class_list":{"0":"post-241597","1":"product","2":"type-product","3":"status-publish","4":"has-post-thumbnail","6":"product_cat-sociologia","8":"first","9":"instock","10":"taxable","11":"shipping-taxable","12":"purchasable","13":"product-type-simple"},"acf":{"autor":"FERN\u00c1NDEZ ORD\u00d3\u00d1EZ, MIGUEL \u00c1.","codart":"849942474","libros-coleccion":"","ediciones":"1","encuadernacion":"R\u00fastica","fecha_de_publicacion":"01\/01\/2016","novedad":"0","paginas":"256","subtitulo":"C\u00d3MO ACABAR CON LAS POL\u00cdTICAS QUE FRENAN NUESTRO PROGRESO","orden":"999","portada":"0","idioma":"spa"},"aioseo_notices":[],"_links":{"self":[{"href":"https:\/\/www.claret.cat\/es\/wp-json\/wp\/v2\/product\/241597","targetHints":{"allow":["GET"]}}],"collection":[{"href":"https:\/\/www.claret.cat\/es\/wp-json\/wp\/v2\/product"}],"about":[{"href":"https:\/\/www.claret.cat\/es\/wp-json\/wp\/v2\/types\/product"}],"wp:featuredmedia":[{"embeddable":true,"href":"https:\/\/www.claret.cat\/es\/wp-json\/wp\/v2\/media\/241598"}],"wp:attachment":[{"href":"https:\/\/www.claret.cat\/es\/wp-json\/wp\/v2\/media?parent=241597"}],"wp:term":[{"taxonomy":"product_brand","embeddable":true,"href":"https:\/\/www.claret.cat\/es\/wp-json\/wp\/v2\/product_brand?post=241597"},{"taxonomy":"product_cat","embeddable":true,"href":"https:\/\/www.claret.cat\/es\/wp-json\/wp\/v2\/product_cat?post=241597"},{"taxonomy":"product_tag","embeddable":true,"href":"https:\/\/www.claret.cat\/es\/wp-json\/wp\/v2\/product_tag?post=241597"}],"curies":[{"name":"wp","href":"https:\/\/api.w.org\/{rel}","templated":true}]}}