{"id":241636,"date":"2022-10-21T00:35:26","date_gmt":"2022-10-20T22:35:26","guid":{"rendered":"http:\/\/dev.claret.cat\/producte\/sobre-el-duelo-y-el-dolor\/"},"modified":"2024-01-11T12:45:17","modified_gmt":"2024-01-11T11:45:17","slug":"sobre-el-duelo-y-el-dolor-9788415864905","status":"publish","type":"product","link":"https:\/\/www.claret.cat\/es\/libro\/sobre-el-duelo-y-el-dolor-9788415864905\/","title":{"rendered":"SOBRE EL DUELO Y EL DOLOR"},"content":{"rendered":"<p>Esta obra es el legado final de Elisabeth Ku?bler- Ross, la autoridad m\u00e1s respetada dentro del campo de la muerte y el proceso de morir. Poco antes de fallecer, Elisabeth Ku?bler-Ross completaba, con las ayuda de David Kessler, su \u00faltimo libro.Sobre el duelo y el dolor aplica las cinco fases del dolor ?negaci\u00f3n, ira, negociaci\u00f3n, depresi\u00f3n y aceptaci\u00f3n? al proceso del duelo y mezcla teor\u00eda, inspiraci\u00f3n y consejos pr\u00e1cticos, todo basado en las experiencias personales y profesionales de Ku?bler-Ross y David Kessler.<\/p>\n","protected":false},"excerpt":{"rendered":"<p>K\u00dcBLER-ROSS, ELISABETH \/ KESSLER, DAVID<\/p>\n","protected":false},"featured_media":241637,"template":"","meta":{"_acf_changed":false,"om_disable_all_campaigns":false,"rs_blank_template":"","rs_page_bg_color":"","slide_template_v7":"","inline_featured_image":false,"_monsterinsights_skip_tracking":false,"_monsterinsights_sitenote_active":false,"_monsterinsights_sitenote_note":"","_monsterinsights_sitenote_category":0},"product_brand":[],"product_cat":[81,347],"product_tag":[],"class_list":{"0":"post-241636","1":"product","2":"type-product","3":"status-publish","4":"has-post-thumbnail","6":"product_cat-psicologia","7":"product_cat-psicologia-2_humanidades","9":"first","10":"instock","11":"taxable","12":"shipping-taxable","13":"purchasable","14":"product-type-simple"},"acf":{"autor":"K\u00dcBLER-ROSS, ELISABETH \/ KESSLER, DAVID","codart":"841586490","libros-coleccion":"","ediciones":"1","encuadernacion":"R\u00fastica","fecha_de_publicacion":"01\/01\/2016","novedad":"0","paginas":"237","subtitulo":"","orden":"999","portada":"0","idioma":"spa","autores-libros":[{"ID":421736,"post_author":"3","post_date":"2023-05-16 07:04:30","post_date_gmt":"2023-05-16 05:04:30","post_content":"","post_title":"DAVID KESSLER","post_excerpt":"","post_status":"publish","comment_status":"closed","ping_status":"closed","post_password":"","post_name":"david-kessler","to_ping":"","pinged":"","post_modified":"2023-05-16 07:04:30","post_modified_gmt":"2023-05-16 05:04:30","post_content_filtered":"","post_parent":0,"guid":"https:\/\/www.claret.cat\/autor\/david-kessler\/","menu_order":0,"post_type":"autor","post_mime_type":"","comment_count":"0","filter":"raw"},{"ID":154820,"post_author":"3","post_date":"2022-10-14 15:07:54","post_date_gmt":"2022-10-14 13:07:54","post_content":"","post_title":"ELISABETH KUBLER-ROSS","post_excerpt":"","post_status":"publish","comment_status":"closed","ping_status":"closed","post_password":"","post_name":"elisabeth-kubler-ross","to_ping":"","pinged":"","post_modified":"2022-10-14 15:07:54","post_modified_gmt":"2022-10-14 13:07:54","post_content_filtered":"","post_parent":0,"guid":"http:\/\/dev.claret.cat\/autor\/elisabeth-kubler-ross\/","menu_order":0,"post_type":"autor","post_mime_type":"","comment_count":"0","filter":"raw"}],"editorial":[{"ID":262274,"post_author":"3","post_date":"2022-10-24 11:22:13","post_date_gmt":"2022-10-24 09:22:13","post_content":"","post_title":"LUCIERNAGA, EDICIONES","post_excerpt":"","post_status":"publish","comment_status":"closed","ping_status":"closed","post_password":"","post_name":"luciernaga-ediciones","to_ping":"","pinged":"","post_modified":"2022-10-24 11:22:13","post_modified_gmt":"2022-10-24 09:22:13","post_content_filtered":"","post_parent":0,"guid":"http:\/\/dev.claret.cat\/editorial\/luciernaga-ediciones\/","menu_order":0,"post_type":"editorial","post_mime_type":"","comment_count":"0","filter":"raw"}]},"aioseo_notices":[],"_links":{"self":[{"href":"https:\/\/www.claret.cat\/es\/wp-json\/wp\/v2\/product\/241636","targetHints":{"allow":["GET"]}}],"collection":[{"href":"https:\/\/www.claret.cat\/es\/wp-json\/wp\/v2\/product"}],"about":[{"href":"https:\/\/www.claret.cat\/es\/wp-json\/wp\/v2\/types\/product"}],"wp:featuredmedia":[{"embeddable":true,"href":"https:\/\/www.claret.cat\/es\/wp-json\/wp\/v2\/media\/241637"}],"wp:attachment":[{"href":"https:\/\/www.claret.cat\/es\/wp-json\/wp\/v2\/media?parent=241636"}],"wp:term":[{"taxonomy":"product_brand","embeddable":true,"href":"https:\/\/www.claret.cat\/es\/wp-json\/wp\/v2\/product_brand?post=241636"},{"taxonomy":"product_cat","embeddable":true,"href":"https:\/\/www.claret.cat\/es\/wp-json\/wp\/v2\/product_cat?post=241636"},{"taxonomy":"product_tag","embeddable":true,"href":"https:\/\/www.claret.cat\/es\/wp-json\/wp\/v2\/product_tag?post=241636"}],"curies":[{"name":"wp","href":"https:\/\/api.w.org\/{rel}","templated":true}]}}