{"id":241834,"date":"2022-10-21T00:40:12","date_gmt":"2022-10-20T22:40:12","guid":{"rendered":"http:\/\/dev.claret.cat\/producte\/lirradiador-del-port-i-les-gavines\/"},"modified":"2024-01-31T22:26:34","modified_gmt":"2024-01-31T21:26:34","slug":"lirradiador-del-port-i-les-gavines-9788415954262","status":"publish","type":"product","link":"https:\/\/www.claret.cat\/es\/libro\/lirradiador-del-port-i-les-gavines-9788415954262\/","title":{"rendered":"L&#8221;IRRADIADOR DEL PORT I LES GAVINES"},"content":{"rendered":"<p>L&#8221;irradiador del port i les gavines (1921) representa una primera inflexi\u00f3 respecte al car\u00e0cter eminentment avantguardista de l&#8221;obra po\u00e8tica anterior de Salvat-Papasseit. \u00c9s un llibre dual -com ja s&#8221;insinua en el t\u00edtol-, per\u00f2 l&#8221;autor incorpora aquesta dualitat a la seva particular concepci\u00f3 de l&#8221;avantguarda, la qual integra el futurisme de Marinetti, la influ\u00e8ncia est\u00e8tica dels pintors Joaquim Torres-Garcia i Rafael Barradas, aix\u00ed com l&#8221;her\u00e8ncia del regeneracionisme modernista.<\/p>\n","protected":false},"excerpt":{"rendered":"<p>SALVAT-PAPASSEIT, JOAN<\/p>\n","protected":false},"featured_media":241835,"template":"","meta":{"_acf_changed":false,"om_disable_all_campaigns":false,"rs_blank_template":"","rs_page_bg_color":"","slide_template_v7":"","inline_featured_image":false,"_monsterinsights_skip_tracking":false,"_monsterinsights_sitenote_active":false,"_monsterinsights_sitenote_note":"","_monsterinsights_sitenote_category":0},"product_brand":[],"product_cat":[87,353],"product_tag":[],"class_list":{"0":"post-241834","1":"product","2":"type-product","3":"status-publish","4":"has-post-thumbnail","6":"product_cat-literatura","7":"product_cat-literatura-2_humanidades","9":"first","10":"instock","11":"taxable","12":"shipping-taxable","13":"purchasable","14":"product-type-simple"},"acf":{"autor":"SALVAT-PAPASSEIT, JOAN","codart":"8415954262","libros-coleccion":"","ediciones":"1","encuadernacion":"R\u00fastica","fecha_de_publicacion":"01\/01\/2016","novedad":"0","paginas":"109","subtitulo":"","orden":"999","portada":"0","idioma":"cat","editorial":[{"ID":148053,"post_author":"3","post_date":"2022-10-14 11:55:16","post_date_gmt":"2022-10-14 09:55:16","post_content":"","post_title":"EDUCAULA","post_excerpt":"","post_status":"publish","comment_status":"closed","ping_status":"closed","post_password":"","post_name":"educaula","to_ping":"","pinged":"","post_modified":"2022-10-14 11:55:16","post_modified_gmt":"2022-10-14 09:55:16","post_content_filtered":"","post_parent":0,"guid":"http:\/\/dev.claret.cat\/editorial\/educaula\/","menu_order":0,"post_type":"editorial","post_mime_type":"","comment_count":"0","filter":"raw"}],"autores-libros":[{"ID":159419,"post_author":"3","post_date":"2022-10-14 15:44:41","post_date_gmt":"2022-10-14 13:44:41","post_content":"","post_title":"JOAN SALVAT-PAPASSEIT","post_excerpt":"","post_status":"publish","comment_status":"closed","ping_status":"closed","post_password":"","post_name":"joan-salvat-papasseit","to_ping":"","pinged":"","post_modified":"2022-10-14 15:44:41","post_modified_gmt":"2022-10-14 13:44:41","post_content_filtered":"","post_parent":0,"guid":"http:\/\/dev.claret.cat\/autor\/joan-salvat-papasseit\/","menu_order":0,"post_type":"autor","post_mime_type":"","comment_count":"0","filter":"raw"}]},"aioseo_notices":[],"_links":{"self":[{"href":"https:\/\/www.claret.cat\/es\/wp-json\/wp\/v2\/product\/241834","targetHints":{"allow":["GET"]}}],"collection":[{"href":"https:\/\/www.claret.cat\/es\/wp-json\/wp\/v2\/product"}],"about":[{"href":"https:\/\/www.claret.cat\/es\/wp-json\/wp\/v2\/types\/product"}],"wp:featuredmedia":[{"embeddable":true,"href":"https:\/\/www.claret.cat\/es\/wp-json\/wp\/v2\/media\/241835"}],"wp:attachment":[{"href":"https:\/\/www.claret.cat\/es\/wp-json\/wp\/v2\/media?parent=241834"}],"wp:term":[{"taxonomy":"product_brand","embeddable":true,"href":"https:\/\/www.claret.cat\/es\/wp-json\/wp\/v2\/product_brand?post=241834"},{"taxonomy":"product_cat","embeddable":true,"href":"https:\/\/www.claret.cat\/es\/wp-json\/wp\/v2\/product_cat?post=241834"},{"taxonomy":"product_tag","embeddable":true,"href":"https:\/\/www.claret.cat\/es\/wp-json\/wp\/v2\/product_tag?post=241834"}],"curies":[{"name":"wp","href":"https:\/\/api.w.org\/{rel}","templated":true}]}}