{"id":241978,"date":"2022-10-21T00:43:43","date_gmt":"2022-10-20T22:43:43","guid":{"rendered":"http:\/\/dev.claret.cat\/producte\/el-monjo-que-es-va-vendre-el-ferrari-3\/"},"modified":"2024-01-31T19:16:38","modified_gmt":"2024-01-31T18:16:38","slug":"el-monjo-que-es-va-vendre-el-ferrari-9788416334797","status":"publish","type":"product","link":"https:\/\/www.claret.cat\/es\/libro\/el-monjo-que-es-va-vendre-el-ferrari-9788416334797\/","title":{"rendered":"EL MONJO QUE ES VA VENDRE EL FERRARI"},"content":{"rendered":"<p>El monjo que es va vendre el Ferrari, \u00e8xit de vendes a tot el m\u00f3n, \u00e9s la hist\u00f2ria de Julian Mantle, un advocat superestrella que pateix un atac de cor per culpa del seu desenfrenat ritme de vida. Conseg\u00fcentment, Mantle cau en una crisi espiritual que l&#8221;obliga a replantejar-se les coses i a buscar respostes als dubtes eterns de l&#8221;exist\u00e8ncia. Amb l&#8221;esperan\u00e7a de trobar la plenitud i la felicitat, el personatge s&#8221;embarca en una extraordin\u00e0ria odissea per una cultura ancestral i descobreix un sistema puixant per alliberar el potencial de la ment, el cos i l&#8221;\u00e0nima, i apr\u00e8n a viure amb m\u00e9s passi\u00f3, prop\u00f2sit i pau.Amb aquesta extraordin\u00e0ria hist\u00f2ria, i fusionant magistralment l&#8221;ancestral filosofia espiritual d&#8221;Orient amb les idees m\u00e9s avan\u00e7ades d&#8221;Occident, Sharma ens mostra, pas a pas, el cam\u00ed per viure amb m\u00e9s coratge, m\u00e9s equilibri, plena abund\u00e0ncia i vertadera felicitat.<\/p>\n","protected":false},"excerpt":{"rendered":"<p>SHARMA, ROBIN<\/p>\n","protected":false},"featured_media":241979,"template":"","meta":{"_acf_changed":false,"om_disable_all_campaigns":false,"rs_blank_template":"","rs_page_bg_color":"","slide_template_v7":"","inline_featured_image":false,"_monsterinsights_skip_tracking":false,"_monsterinsights_sitenote_active":false,"_monsterinsights_sitenote_note":"","_monsterinsights_sitenote_category":0},"product_brand":[],"product_cat":[81,347],"product_tag":[],"class_list":{"0":"post-241978","1":"product","2":"type-product","3":"status-publish","4":"has-post-thumbnail","6":"product_cat-psicologia","7":"product_cat-psicologia-2_humanidades","9":"first","10":"instock","11":"taxable","12":"shipping-taxable","13":"purchasable","14":"product-type-simple"},"acf":{"autor":"SHARMA, ROBIN","codart":"841633479","libros-coleccion":"","ediciones":"1","encuadernacion":"R\u00fastica","fecha_de_publicacion":"01\/01\/2016","novedad":"0","paginas":"188","subtitulo":"","orden":"999","portada":"0","idioma":"cat","editorial":[{"ID":6281,"post_author":"3","post_date":"2022-07-28 17:48:50","post_date_gmt":"2022-07-28 15:48:50","post_content":"","post_title":"LABUTXACA","post_excerpt":"","post_status":"publish","comment_status":"closed","ping_status":"closed","post_password":"","post_name":"labutxaca","to_ping":"","pinged":"","post_modified":"2022-07-28 17:48:50","post_modified_gmt":"2022-07-28 15:48:50","post_content_filtered":"","post_parent":0,"guid":"http:\/\/dev.claret.cat\/editorial\/labutxaca\/","menu_order":0,"post_type":"editorial","post_mime_type":"","comment_count":"0","filter":"raw"}],"autores-libros":[{"ID":168299,"post_author":"3","post_date":"2022-10-14 18:18:07","post_date_gmt":"2022-10-14 16:18:07","post_content":"","post_title":"ROBIN SHARMA","post_excerpt":"","post_status":"publish","comment_status":"closed","ping_status":"closed","post_password":"","post_name":"robin-sharma","to_ping":"","pinged":"","post_modified":"2022-10-14 18:18:07","post_modified_gmt":"2022-10-14 16:18:07","post_content_filtered":"","post_parent":0,"guid":"http:\/\/dev.claret.cat\/autor\/robin-sharma\/","menu_order":0,"post_type":"autor","post_mime_type":"","comment_count":"0","filter":"raw"}]},"aioseo_notices":[],"_links":{"self":[{"href":"https:\/\/www.claret.cat\/es\/wp-json\/wp\/v2\/product\/241978","targetHints":{"allow":["GET"]}}],"collection":[{"href":"https:\/\/www.claret.cat\/es\/wp-json\/wp\/v2\/product"}],"about":[{"href":"https:\/\/www.claret.cat\/es\/wp-json\/wp\/v2\/types\/product"}],"wp:featuredmedia":[{"embeddable":true,"href":"https:\/\/www.claret.cat\/es\/wp-json\/wp\/v2\/media\/241979"}],"wp:attachment":[{"href":"https:\/\/www.claret.cat\/es\/wp-json\/wp\/v2\/media?parent=241978"}],"wp:term":[{"taxonomy":"product_brand","embeddable":true,"href":"https:\/\/www.claret.cat\/es\/wp-json\/wp\/v2\/product_brand?post=241978"},{"taxonomy":"product_cat","embeddable":true,"href":"https:\/\/www.claret.cat\/es\/wp-json\/wp\/v2\/product_cat?post=241978"},{"taxonomy":"product_tag","embeddable":true,"href":"https:\/\/www.claret.cat\/es\/wp-json\/wp\/v2\/product_tag?post=241978"}],"curies":[{"name":"wp","href":"https:\/\/api.w.org\/{rel}","templated":true}]}}