{"id":242077,"date":"2022-10-21T00:46:07","date_gmt":"2022-10-20T22:46:07","guid":{"rendered":"http:\/\/dev.claret.cat\/producte\/el-bouquet-del-miedo\/"},"modified":"2023-01-28T15:39:41","modified_gmt":"2023-01-28T14:39:41","slug":"el-bouquet-del-miedo-9788423350230","status":"publish","type":"product","link":"https:\/\/www.claret.cat\/es\/libro\/el-bouquet-del-miedo-9788423350230\/","title":{"rendered":"EL BOUQUET DEL MIEDO"},"content":{"rendered":"<p>En pleno mes de septiembre, tiempo de vendimia, y a pocos d\u00edas para\u00a0 que empiece la recolecci\u00f3n de la uva, al subcomisario de la Ertzaintza Vicente Parra le asignan la investigaci\u00f3n del asesinato de la en\u00f3loga Esperanza Moreno, encargada hasta entonces de la elaboraci\u00f3n del vino de las Bodegas S\u00e1enz de la finca Marbil, una de las m\u00e1s prestigiosas haciendas de La Rioja, y productora del apreciado vino VVV. Su cuerpo ha sido hallado sin vida en su piso del barrio antiguo de San Sebasti\u00e1n, en medio de un charco de sangre y con la garganta seccionada. Todo parece indicar que se trata de un crimen pasional, cuando a las pocas horas de encontrar el cad\u00e1ver, desaparece el novio de la v\u00edctima, Roberto, operador de c\u00e1mara en uno de los programas de televisi\u00f3n de cocina m\u00e1s exitosos del pa\u00eds y dirigido por un afamado cocinero.<br \/> El subcomisario Parra tendr\u00e1 que dilucidar qui\u00e9n puede estar detr\u00e1s de este crimen, a la vez que la b\u00fasqueda del paradero de Roberto se convierte en una carrera contrarreloj para solucionar el caso.<br \/> La intriga que yace detr\u00e1s de la liturgia de la elaboraci\u00f3n del vino se mezcla con la tensi\u00f3n y el v\u00e9rtigo que rodean el mundo de la televisi\u00f3n, sus protagonistas y los l\u00edmites de sus egos y ambiciones. Nadie est\u00e1 a salvo en estos dos sectores tan competitivos donde el poder lo puede todo.<\/p>\n","protected":false},"excerpt":{"rendered":"<p>GUTI\u00c9RREZ, XABIER<\/p>\n","protected":false},"featured_media":242078,"template":"","meta":{"_acf_changed":false,"om_disable_all_campaigns":false,"rs_blank_template":"","rs_page_bg_color":"","slide_template_v7":"","inline_featured_image":false,"_monsterinsights_skip_tracking":false,"_monsterinsights_sitenote_active":false,"_monsterinsights_sitenote_note":"","_monsterinsights_sitenote_category":0},"product_brand":[],"product_cat":[87],"product_tag":[],"class_list":{"0":"post-242077","1":"product","2":"type-product","3":"status-publish","4":"has-post-thumbnail","6":"product_cat-literatura","8":"first","9":"instock","10":"taxable","11":"shipping-taxable","12":"purchasable","13":"product-type-simple"},"acf":{"autor":"GUTI\u00c9RREZ, XABIER","codart":"842335023","libros-coleccion":"","ediciones":"1","encuadernacion":"R\u00fastica","fecha_de_publicacion":"01\/01\/2016","novedad":"0","paginas":"479","subtitulo":"","orden":"999","portada":"0","idioma":"spa","editorial":[{"ID":6182,"post_author":"3","post_date":"2022-07-28 17:46:40","post_date_gmt":"2022-07-28 15:46:40","post_content":"","post_title":"DESTINO, S.L.","post_excerpt":"","post_status":"publish","comment_status":"closed","ping_status":"closed","post_password":"","post_name":"destino-s-l","to_ping":"","pinged":"","post_modified":"2022-07-28 17:46:40","post_modified_gmt":"2022-07-28 15:46:40","post_content_filtered":"","post_parent":0,"guid":"http:\/\/dev.claret.cat\/editorial\/destino-s-l\/","menu_order":0,"post_type":"editorial","post_mime_type":"","comment_count":"0","filter":"raw"}],"autores-libros":[{"ID":171374,"post_author":"3","post_date":"2022-10-14 22:42:53","post_date_gmt":"2022-10-14 20:42:53","post_content":"","post_title":"XABIER GUTIERREZ","post_excerpt":"","post_status":"publish","comment_status":"closed","ping_status":"closed","post_password":"","post_name":"xabier-gutierrez","to_ping":"","pinged":"","post_modified":"2022-10-14 22:42:53","post_modified_gmt":"2022-10-14 20:42:53","post_content_filtered":"","post_parent":0,"guid":"http:\/\/dev.claret.cat\/autor\/xabier-gutierrez\/","menu_order":0,"post_type":"autor","post_mime_type":"","comment_count":"0","filter":"raw"}]},"aioseo_notices":[],"_links":{"self":[{"href":"https:\/\/www.claret.cat\/es\/wp-json\/wp\/v2\/product\/242077","targetHints":{"allow":["GET"]}}],"collection":[{"href":"https:\/\/www.claret.cat\/es\/wp-json\/wp\/v2\/product"}],"about":[{"href":"https:\/\/www.claret.cat\/es\/wp-json\/wp\/v2\/types\/product"}],"wp:featuredmedia":[{"embeddable":true,"href":"https:\/\/www.claret.cat\/es\/wp-json\/wp\/v2\/media\/242078"}],"wp:attachment":[{"href":"https:\/\/www.claret.cat\/es\/wp-json\/wp\/v2\/media?parent=242077"}],"wp:term":[{"taxonomy":"product_brand","embeddable":true,"href":"https:\/\/www.claret.cat\/es\/wp-json\/wp\/v2\/product_brand?post=242077"},{"taxonomy":"product_cat","embeddable":true,"href":"https:\/\/www.claret.cat\/es\/wp-json\/wp\/v2\/product_cat?post=242077"},{"taxonomy":"product_tag","embeddable":true,"href":"https:\/\/www.claret.cat\/es\/wp-json\/wp\/v2\/product_tag?post=242077"}],"curies":[{"name":"wp","href":"https:\/\/api.w.org\/{rel}","templated":true}]}}