{"id":242203,"date":"2022-10-21T00:49:13","date_gmt":"2022-10-20T22:49:13","guid":{"rendered":"http:\/\/dev.claret.cat\/producte\/el-juego-de-la-arana\/"},"modified":"2025-02-05T12:58:22","modified_gmt":"2025-02-05T11:58:22","slug":"el-juego-de-la-arana-9788416384310","status":"publish","type":"product","link":"https:\/\/www.claret.cat\/es\/libro\/el-juego-de-la-arana-9788416384310\/","title":{"rendered":"EL JUEGO DE LA ARA\u00d1A"},"content":{"rendered":"<p>Yo no me rindo nunca y, ahora, mi tarea eres t\u00fa\u00bb<br \/>Estas son las palabras que Leo le dice a Ana cuando, de la noche a la ma\u00f1ana, deja de ser un compa\u00f1ero de clase m\u00e1s para convertirse en su profesor particular. Ninguno de los dos imagina lo que este cambio desencadenar\u00e1 en sus vidas.<br \/> Leo, un chico solitario de diecisiete a\u00f1os, atormentado por sus circunstancias personales, encontrar\u00e1 en Ana la luz que necesita para escapar de su tristeza. Sin embargo, ignora que la chica de sus desvelos esconde muchos secretos, algunos tan oscuros que, para poder mantener su palabra, deber\u00e1 enfrentarse a pruebas mucho m\u00e1s duras de lo que jam\u00e1s pens\u00f3.<br \/> Ambos tendr\u00e1n que superar los retos de la ara\u00f1a si quieren escapar de su red, pero\u2026 \u00bfse atrever\u00e1n a jugar hasta el final?<\/p>\n","protected":false},"excerpt":{"rendered":"<p>DANON, KATE<\/p>\n","protected":false},"featured_media":242204,"template":"","meta":{"_acf_changed":false,"om_disable_all_campaigns":false,"rs_blank_template":"","rs_page_bg_color":"","slide_template_v7":"","inline_featured_image":false,"_monsterinsights_skip_tracking":false,"_monsterinsights_sitenote_active":false,"_monsterinsights_sitenote_note":"","_monsterinsights_sitenote_category":0},"product_brand":[],"product_cat":[87,353],"product_tag":[],"class_list":{"0":"post-242203","1":"product","2":"type-product","3":"status-publish","4":"has-post-thumbnail","6":"product_cat-literatura","7":"product_cat-literatura-2_humanidades","9":"first","10":"instock","11":"taxable","12":"shipping-taxable","13":"purchasable","14":"product-type-simple"},"acf":{"autor":"DANON, KATE","codart":"841638431","libros-coleccion":"","ediciones":"1","encuadernacion":"R\u00fastica","fecha_de_publicacion":"01\/01\/2016","novedad":"0","paginas":"413","subtitulo":"","orden":"999","portada":"0","idioma":"spa","editorial":[{"ID":262214,"post_author":"3","post_date":"2022-10-24 11:21:25","post_date_gmt":"2022-10-24 09:21:25","post_content":"","post_title":"KIWI, EDICIONES","post_excerpt":"","post_status":"publish","comment_status":"closed","ping_status":"closed","post_password":"","post_name":"kiwi-ediciones","to_ping":"","pinged":"","post_modified":"2022-10-24 11:21:25","post_modified_gmt":"2022-10-24 09:21:25","post_content_filtered":"","post_parent":0,"guid":"http:\/\/dev.claret.cat\/editorial\/kiwi-ediciones\/","menu_order":0,"post_type":"editorial","post_mime_type":"","comment_count":"0","filter":"raw"}],"autores-libros":[{"ID":425060,"post_author":"3","post_date":"2023-05-16 08:13:48","post_date_gmt":"2023-05-16 06:13:48","post_content":"","post_title":"KATE DANON","post_excerpt":"","post_status":"publish","comment_status":"closed","ping_status":"closed","post_password":"","post_name":"kate-danon","to_ping":"","pinged":"","post_modified":"2023-05-16 08:13:48","post_modified_gmt":"2023-05-16 06:13:48","post_content_filtered":"","post_parent":0,"guid":"https:\/\/www.claret.cat\/autor\/kate-danon\/","menu_order":0,"post_type":"autor","post_mime_type":"","comment_count":"0","filter":"raw"}]},"aioseo_notices":[],"_links":{"self":[{"href":"https:\/\/www.claret.cat\/es\/wp-json\/wp\/v2\/product\/242203","targetHints":{"allow":["GET"]}}],"collection":[{"href":"https:\/\/www.claret.cat\/es\/wp-json\/wp\/v2\/product"}],"about":[{"href":"https:\/\/www.claret.cat\/es\/wp-json\/wp\/v2\/types\/product"}],"wp:featuredmedia":[{"embeddable":true,"href":"https:\/\/www.claret.cat\/es\/wp-json\/wp\/v2\/media\/242204"}],"wp:attachment":[{"href":"https:\/\/www.claret.cat\/es\/wp-json\/wp\/v2\/media?parent=242203"}],"wp:term":[{"taxonomy":"product_brand","embeddable":true,"href":"https:\/\/www.claret.cat\/es\/wp-json\/wp\/v2\/product_brand?post=242203"},{"taxonomy":"product_cat","embeddable":true,"href":"https:\/\/www.claret.cat\/es\/wp-json\/wp\/v2\/product_cat?post=242203"},{"taxonomy":"product_tag","embeddable":true,"href":"https:\/\/www.claret.cat\/es\/wp-json\/wp\/v2\/product_tag?post=242203"}],"curies":[{"name":"wp","href":"https:\/\/api.w.org\/{rel}","templated":true}]}}