{"id":242230,"date":"2022-10-21T00:49:54","date_gmt":"2022-10-20T22:49:54","guid":{"rendered":"http:\/\/dev.claret.cat\/producte\/els-ocells-3\/"},"modified":"2024-01-31T20:29:02","modified_gmt":"2024-01-31T19:29:02","slug":"els-ocells-9788416367375","status":"publish","type":"product","link":"https:\/\/www.claret.cat\/es\/libro\/els-ocells-9788416367375\/","title":{"rendered":"ELS OCELLS"},"content":{"rendered":"<p>La bi\u00f2loga Virg\u00ednia t\u00e9 cura d?una reserva de voltors al poble de Sant Salvador, on un dia\u00a0arriba Dafne, una traductora en crisi personal que establir\u00e0 una relaci\u00f3 amb en Vador i\u00a0tamb\u00e9 amb l?adolescent rebel Judit. Els ocells de la zona estan adoptant comportaments\u00a0estranys i, de manera misteriosa, van desapareixent. Com la pel\u00b7l\u00edcula de Hitchcock, per\u00f2\u00a0just a l?inrev\u00e9s: els ocells no v\u00e9nen sin\u00f3 que moren, se su\u00efciden o se?n van, i ning\u00fa no sap per\u00a0qu\u00e8. La cuidadora de voltors s?ho pregunta: \u00e9s el turisme, els canvis a la natura, els negocis\u00a0secrets de l?alcalde? Quins elements exteriors han pogut alterar aquest poble que, com tants\u00a0altres, s?envelleix i es despobla dia a dia? Qui ha vingut de fora? Qu\u00e8 ha passat \u00faltimament?\u00a0Un mosaic hum\u00e0 viv\u00edssim i un clima inquietant mantenen l?inter\u00e8s del lector fins al final.<\/p>\n","protected":false},"excerpt":{"rendered":"<p>GARC\u00cdA TUR, V\u00cdCTOR<\/p>\n","protected":false},"featured_media":242231,"template":"","meta":{"_acf_changed":false,"om_disable_all_campaigns":false,"rs_blank_template":"","rs_page_bg_color":"","slide_template_v7":"","inline_featured_image":false,"_monsterinsights_skip_tracking":false,"_monsterinsights_sitenote_active":false,"_monsterinsights_sitenote_note":"","_monsterinsights_sitenote_category":0},"product_brand":[],"product_cat":[87,353],"product_tag":[],"class_list":{"0":"post-242230","1":"product","2":"type-product","3":"status-publish","4":"has-post-thumbnail","6":"product_cat-literatura","7":"product_cat-literatura-2_humanidades","9":"first","10":"instock","11":"taxable","12":"shipping-taxable","13":"purchasable","14":"product-type-simple"},"acf":{"autor":"GARC\u00cdA TUR, V\u00cdCTOR","codart":"841636737","libros-coleccion":"","ediciones":"1","encuadernacion":"R\u00fastica","fecha_de_publicacion":"01\/01\/2016","novedad":"0","paginas":"390","subtitulo":"PREMI DE NOVEL\u00b7LA MARIAN VAYREDA 2015","orden":"999","portada":"0","idioma":"cat","editorial":[{"ID":148089,"post_author":"3","post_date":"2022-10-14 11:55:33","post_date_gmt":"2022-10-14 09:55:33","post_content":"","post_title":"EMPURIES, EDITORIAL","post_excerpt":"","post_status":"publish","comment_status":"closed","ping_status":"closed","post_password":"","post_name":"empuries-editorial","to_ping":"","pinged":"","post_modified":"2022-10-14 11:55:33","post_modified_gmt":"2022-10-14 09:55:33","post_content_filtered":"","post_parent":0,"guid":"http:\/\/dev.claret.cat\/editorial\/empuries-editorial\/","menu_order":0,"post_type":"editorial","post_mime_type":"","comment_count":"0","filter":"raw"}],"autores-libros":[{"ID":171006,"post_author":"3","post_date":"2022-10-14 22:39:56","post_date_gmt":"2022-10-14 20:39:56","post_content":"","post_title":"VICTOR GARCIA TUR","post_excerpt":"","post_status":"publish","comment_status":"closed","ping_status":"closed","post_password":"","post_name":"victor-garcia-tur","to_ping":"","pinged":"","post_modified":"2022-10-14 22:39:56","post_modified_gmt":"2022-10-14 20:39:56","post_content_filtered":"","post_parent":0,"guid":"http:\/\/dev.claret.cat\/autor\/victor-garcia-tur\/","menu_order":0,"post_type":"autor","post_mime_type":"","comment_count":"0","filter":"raw"}]},"aioseo_notices":[],"_links":{"self":[{"href":"https:\/\/www.claret.cat\/es\/wp-json\/wp\/v2\/product\/242230","targetHints":{"allow":["GET"]}}],"collection":[{"href":"https:\/\/www.claret.cat\/es\/wp-json\/wp\/v2\/product"}],"about":[{"href":"https:\/\/www.claret.cat\/es\/wp-json\/wp\/v2\/types\/product"}],"wp:featuredmedia":[{"embeddable":true,"href":"https:\/\/www.claret.cat\/es\/wp-json\/wp\/v2\/media\/242231"}],"wp:attachment":[{"href":"https:\/\/www.claret.cat\/es\/wp-json\/wp\/v2\/media?parent=242230"}],"wp:term":[{"taxonomy":"product_brand","embeddable":true,"href":"https:\/\/www.claret.cat\/es\/wp-json\/wp\/v2\/product_brand?post=242230"},{"taxonomy":"product_cat","embeddable":true,"href":"https:\/\/www.claret.cat\/es\/wp-json\/wp\/v2\/product_cat?post=242230"},{"taxonomy":"product_tag","embeddable":true,"href":"https:\/\/www.claret.cat\/es\/wp-json\/wp\/v2\/product_tag?post=242230"}],"curies":[{"name":"wp","href":"https:\/\/api.w.org\/{rel}","templated":true}]}}