{"id":242236,"date":"2022-10-21T00:50:03","date_gmt":"2022-10-20T22:50:03","guid":{"rendered":"http:\/\/dev.claret.cat\/producte\/costa-azul-monaco-y-provenza-escapada-azul\/"},"modified":"2023-01-28T07:54:34","modified_gmt":"2023-01-28T06:54:34","slug":"costa-azul-monaco-y-provenza-escapada-azul-9788416408665","status":"publish","type":"product","link":"https:\/\/www.claret.cat\/es\/libro\/costa-azul-monaco-y-provenza-escapada-azul-9788416408665\/","title":{"rendered":"COSTA AZUL, M\u00d3NACO Y PROVENZA  ESCAPADA AZUL"},"content":{"rendered":"<p>Escapada Azul es una gu\u00eda pr\u00e1ctica, c\u00f3moda y b\u00e1sica para conocer lo esencial de las ciudades m\u00e1s importantes del mundo.<\/p>\n","protected":false},"excerpt":{"rendered":"<p>INGELMO, \u00c1NGEL<\/p>\n","protected":false},"featured_media":242237,"template":"","meta":{"_acf_changed":false,"om_disable_all_campaigns":false,"rs_blank_template":"","rs_page_bg_color":"","slide_template_v7":"","inline_featured_image":false,"_monsterinsights_skip_tracking":false,"_monsterinsights_sitenote_active":false,"_monsterinsights_sitenote_note":"","_monsterinsights_sitenote_category":0},"product_brand":[],"product_cat":[107],"product_tag":[],"class_list":{"0":"post-242236","1":"product","2":"type-product","3":"status-publish","4":"has-post-thumbnail","6":"product_cat-guies-de-viatge","8":"first","9":"instock","10":"taxable","11":"shipping-taxable","12":"purchasable","13":"product-type-simple"},"acf":{"autor":"INGELMO, \u00c1NGEL","codart":"841640866","libros-coleccion":"FORA DE COL.LECCI\u00d3","ediciones":"1","encuadernacion":"R\u00fastica","fecha_de_publicacion":"01\/01\/2016","novedad":"1","paginas":"189","subtitulo":"","orden":"0","portada":"0","idioma":"spa","editorial":[{"ID":148235,"post_author":"3","post_date":"2022-10-14 11:56:40","post_date_gmt":"2022-10-14 09:56:40","post_content":"","post_title":"GU\u00cdAS AZULES DE ESPA\u00d1A","post_excerpt":"","post_status":"publish","comment_status":"closed","ping_status":"closed","post_password":"","post_name":"guias-azules-de-espana","to_ping":"","pinged":"","post_modified":"2022-10-14 11:56:40","post_modified_gmt":"2022-10-14 09:56:40","post_content_filtered":"","post_parent":0,"guid":"http:\/\/dev.claret.cat\/editorial\/guias-azules-de-espana\/","menu_order":0,"post_type":"editorial","post_mime_type":"","comment_count":"0","filter":"raw"}],"autores-libros":[{"ID":150392,"post_author":"3","post_date":"2022-10-14 14:32:35","post_date_gmt":"2022-10-14 12:32:35","post_content":"","post_title":"\u00c1NGEL INGELMO","post_excerpt":"","post_status":"publish","comment_status":"closed","ping_status":"closed","post_password":"","post_name":"angel-ingelmo","to_ping":"","pinged":"","post_modified":"2022-10-14 14:32:35","post_modified_gmt":"2022-10-14 12:32:35","post_content_filtered":"","post_parent":0,"guid":"http:\/\/dev.claret.cat\/autor\/angel-ingelmo\/","menu_order":0,"post_type":"autor","post_mime_type":"","comment_count":"0","filter":"raw"}]},"aioseo_notices":[],"_links":{"self":[{"href":"https:\/\/www.claret.cat\/es\/wp-json\/wp\/v2\/product\/242236","targetHints":{"allow":["GET"]}}],"collection":[{"href":"https:\/\/www.claret.cat\/es\/wp-json\/wp\/v2\/product"}],"about":[{"href":"https:\/\/www.claret.cat\/es\/wp-json\/wp\/v2\/types\/product"}],"wp:featuredmedia":[{"embeddable":true,"href":"https:\/\/www.claret.cat\/es\/wp-json\/wp\/v2\/media\/242237"}],"wp:attachment":[{"href":"https:\/\/www.claret.cat\/es\/wp-json\/wp\/v2\/media?parent=242236"}],"wp:term":[{"taxonomy":"product_brand","embeddable":true,"href":"https:\/\/www.claret.cat\/es\/wp-json\/wp\/v2\/product_brand?post=242236"},{"taxonomy":"product_cat","embeddable":true,"href":"https:\/\/www.claret.cat\/es\/wp-json\/wp\/v2\/product_cat?post=242236"},{"taxonomy":"product_tag","embeddable":true,"href":"https:\/\/www.claret.cat\/es\/wp-json\/wp\/v2\/product_tag?post=242236"}],"curies":[{"name":"wp","href":"https:\/\/api.w.org\/{rel}","templated":true}]}}