{"id":242380,"date":"2022-10-21T00:53:37","date_gmt":"2022-10-20T22:53:37","guid":{"rendered":"http:\/\/dev.claret.cat\/producte\/jonathan-strange-y-el-senor-norrell\/"},"modified":"2024-04-04T12:40:07","modified_gmt":"2024-04-04T10:40:07","slug":"jonathan-strange-y-el-senor-norrell-9788498387308","status":"publish","type":"product","link":"https:\/\/www.claret.cat\/es\/libro\/jonathan-strange-y-el-senor-norrell-9788498387308\/","title":{"rendered":"JONATHAN STRANGE Y EL SE\u00d1OR NORRELL"},"content":{"rendered":"<p>Una de las novelas m\u00e1s brillantes y originales que han aparecido en los \u00faltimos tiempos, Jonathan Strange y el se\u00f1or Norrell es un relato fabuloso en todos los sentidos: por su ambici\u00f3n narrativa y por las historias extraordinarias que cuenta. Como una aut\u00e9ntica obra de orfebrer\u00eda literaria, Susanna Clarke ha imaginado un universo fant\u00e1stico completo y coherente hasta en sus \u00faltimos detalles, creando en el lector la ilusi\u00f3n de sumergirse en una historia de absoluto realismo y verosimilitud. A principios del siglo XIX, las haza\u00f1as del Rey Cuervo, el m\u00e1s grande de todos los magos de la Edad Media, perviven en la memoria y la leyenda, pero la pr\u00e1ctica de la magia ha sido completamente olvidada en Inglaterra. Hasta el d\u00eda en que el esquivo se\u00f1or Norrell, de Hurtfew Abbey, logra que las piedras de la catedral de York hablen. La noticia del retorno de la magia se extiende como la p\u00f3lvora y el se\u00f1or Norrell, convencido de que debe poner sus artes al servicio del gobierno en la guerra contra Napole\u00f3n, se traslada a Londres. All\u00ed conoce al joven Jonathan Strange, un brillante y voluntarioso mago, y tras superar algunos recelos, consiente en acogerlo como disc\u00edpulo. En una \u00e9poca en la que s\u00f3lo los charlatanes se hac\u00edan llamar magos, Norrell y Strange se proponen limpiar el buen nombre de su oficio, al que consideran una ciencia con may\u00fasculas. Bajo las \u00f3rdenes de Wellington, realizar\u00e1n decenas de actos m\u00e1gicos, y su \u00e9xito es tal que muy pronto se los consultar\u00e1 sobre muchos otros problemas, desde la curaci\u00f3n de la locura del rey Jorge III hasta la mejor venganza para amantes despechados. A su paso encontrar\u00e1n amor y muerte, portentos y crueldades, y arrastrados por la ambici\u00f3n y la rivalidad, el camino de la gloria los acercar\u00e1 irremediablemente al abismo.<\/p>\n<p> Entre la fina comedia social de Jane Austen y el sombr\u00edo universo de Tolkien, Susanna Clarke ha logrado crear un mundo imaginario de enorme belleza y misterio. Distinguida como Mejor Novela del A\u00f1o por los libreros independientes de Estados Unidos y candidata a los premios Whitbread, Booker y Guardian, Jonathan Strange y el se\u00f1or Norrell ha sido generosamente elogiada por la cr\u00edtica -\u00abUn cl\u00e1sico\u00bb \u00abUna obra prodigiosa\u00bb \u00abUna soberbia y elegante fantas\u00eda hist\u00f3rica\u00bb \u00abLa mejor novela fant\u00e1stica escrita en los \u00faltimos setenta a\u00f1os\u00bb \u00abUn placer perfecto\u00bb-, y ha permanecido en las listas de los libros m\u00e1s vendidos de Estados Unidos, Gran Breta\u00f1a y Alemania desde su publicaci\u00f3n.<\/p>\n","protected":false},"excerpt":{"rendered":"<p>CLARKE, SUSANNA<\/p>\n","protected":false},"featured_media":242381,"template":"","meta":{"_acf_changed":false,"om_disable_all_campaigns":false,"rs_blank_template":"","rs_page_bg_color":"","slide_template_v7":"","inline_featured_image":false,"_monsterinsights_skip_tracking":false,"_monsterinsights_sitenote_active":false,"_monsterinsights_sitenote_note":"","_monsterinsights_sitenote_category":0},"product_brand":[],"product_cat":[87,353],"product_tag":[],"class_list":{"0":"post-242380","1":"product","2":"type-product","3":"status-publish","4":"has-post-thumbnail","6":"product_cat-literatura","7":"product_cat-literatura-2_humanidades","9":"first","10":"instock","11":"taxable","12":"shipping-taxable","13":"purchasable","14":"product-type-simple"},"acf":{"autor":"CLARKE, SUSANNA","codart":"849838730","libros-coleccion":"","ediciones":"1","encuadernacion":"R\u00fastica","fecha_de_publicacion":"01\/01\/2016","novedad":"0","paginas":"795","subtitulo":"","orden":"999","portada":"0","idioma":"spa","editorial":[{"ID":148772,"post_author":"3","post_date":"2022-10-14 12:00:51","post_date_gmt":"2022-10-14 10:00:51","post_content":"","post_title":"SALAMANDRA, S.A., EDICIONES","post_excerpt":"","post_status":"publish","comment_status":"closed","ping_status":"closed","post_password":"","post_name":"salamandra-s-a-ediciones","to_ping":"","pinged":"","post_modified":"2022-10-14 12:00:51","post_modified_gmt":"2022-10-14 10:00:51","post_content_filtered":"","post_parent":0,"guid":"http:\/\/dev.claret.cat\/editorial\/salamandra-s-a-ediciones\/","menu_order":0,"post_type":"editorial","post_mime_type":"","comment_count":"0","filter":"raw"}],"autores-libros":[{"ID":169972,"post_author":"3","post_date":"2022-10-14 22:31:30","post_date_gmt":"2022-10-14 20:31:30","post_content":"","post_title":"SUSANNA CLARKE","post_excerpt":"","post_status":"publish","comment_status":"closed","ping_status":"closed","post_password":"","post_name":"susanna-clarke","to_ping":"","pinged":"","post_modified":"2022-10-14 22:31:30","post_modified_gmt":"2022-10-14 20:31:30","post_content_filtered":"","post_parent":0,"guid":"http:\/\/dev.claret.cat\/autor\/susanna-clarke\/","menu_order":0,"post_type":"autor","post_mime_type":"","comment_count":"0","filter":"raw"}]},"aioseo_notices":[],"_links":{"self":[{"href":"https:\/\/www.claret.cat\/es\/wp-json\/wp\/v2\/product\/242380","targetHints":{"allow":["GET"]}}],"collection":[{"href":"https:\/\/www.claret.cat\/es\/wp-json\/wp\/v2\/product"}],"about":[{"href":"https:\/\/www.claret.cat\/es\/wp-json\/wp\/v2\/types\/product"}],"wp:featuredmedia":[{"embeddable":true,"href":"https:\/\/www.claret.cat\/es\/wp-json\/wp\/v2\/media\/242381"}],"wp:attachment":[{"href":"https:\/\/www.claret.cat\/es\/wp-json\/wp\/v2\/media?parent=242380"}],"wp:term":[{"taxonomy":"product_brand","embeddable":true,"href":"https:\/\/www.claret.cat\/es\/wp-json\/wp\/v2\/product_brand?post=242380"},{"taxonomy":"product_cat","embeddable":true,"href":"https:\/\/www.claret.cat\/es\/wp-json\/wp\/v2\/product_cat?post=242380"},{"taxonomy":"product_tag","embeddable":true,"href":"https:\/\/www.claret.cat\/es\/wp-json\/wp\/v2\/product_tag?post=242380"}],"curies":[{"name":"wp","href":"https:\/\/api.w.org\/{rel}","templated":true}]}}