{"id":24240,"date":"2022-10-02T10:13:32","date_gmt":"2022-10-02T08:13:32","guid":{"rendered":"http:\/\/dev.claret.cat\/producte\/la-rinxols-dor-i-els-tres-osos\/"},"modified":"2025-02-13T18:15:19","modified_gmt":"2025-02-13T17:15:19","slug":"la-rinxols-dor-i-els-tres-osos-9788742552193","status":"publish","type":"product","link":"https:\/\/www.claret.cat\/es\/libro\/la-rinxols-dor-i-els-tres-osos-9788742552193\/","title":{"rendered":"LA R\u00cdNXOLS D&#8217;OR I ELS TRES OSOS"},"content":{"rendered":"<p>Es hora de contar cuentos, as\u00ed que prep\u00e1rate para conocer a Ricitos de Oro, la ni\u00f1a que se encuentra una casita vac\u00eda en el bosque y entra en ella. Se come las gachas, se sienta en las sillas y prueba todas las camas. \u00bfPero qui\u00e9n vive en la casita en verdad? Lee este cuento cl\u00e1sico para descubrirlo.<\/p>\n","protected":false},"excerpt":{"rendered":"<p>STEMBERG, ANNE SOFIE<\/p>\n","protected":false},"featured_media":1001654,"template":"","meta":{"_acf_changed":false,"om_disable_all_campaigns":false,"rs_blank_template":"","rs_page_bg_color":"","slide_template_v7":"","inline_featured_image":false,"_monsterinsights_skip_tracking":false,"_monsterinsights_sitenote_active":false,"_monsterinsights_sitenote_note":"","_monsterinsights_sitenote_category":0},"product_brand":[],"product_cat":[90,540],"product_tag":[],"class_list":{"0":"post-24240","1":"product","2":"type-product","3":"status-publish","4":"has-post-thumbnail","6":"product_cat-altres","7":"product_cat-otros","9":"first","10":"instock","11":"taxable","12":"shipping-taxable","13":"purchasable","14":"product-type-simple"},"acf":{"autor":"STEMBERG, ANNE SOFIE","codart":"874255219","libros-coleccion":"FORA DE COL.LECCI\u00d3","ediciones":"1","encuadernacion":"Carton\u00e9","fecha_de_publicacion":"01\/11\/2020","novedad":"1","paginas":"6","subtitulo":"UN CONTE TRADICIONAL","orden":"0","portada":"0","idioma":"cat","editorial":[{"ID":148215,"post_author":"3","post_date":"2022-10-14 11:56:31","post_date_gmt":"2022-10-14 09:56:31","post_content":"","post_title":"GLOBE PUBLISHING","post_excerpt":"","post_status":"publish","comment_status":"closed","ping_status":"closed","post_password":"","post_name":"globe-publishing","to_ping":"","pinged":"","post_modified":"2022-10-14 11:56:31","post_modified_gmt":"2022-10-14 09:56:31","post_content_filtered":"","post_parent":0,"guid":"http:\/\/dev.claret.cat\/editorial\/globe-publishing\/","menu_order":0,"post_type":"editorial","post_mime_type":"","comment_count":"0","filter":"raw"}],"autores-libros":[{"ID":150710,"post_author":"3","post_date":"2022-10-14 14:35:08","post_date_gmt":"2022-10-14 12:35:08","post_content":"","post_title":"ANNE SOFIE STEMBERG","post_excerpt":"","post_status":"publish","comment_status":"closed","ping_status":"closed","post_password":"","post_name":"anne-sofie-stemberg","to_ping":"","pinged":"","post_modified":"2022-10-14 14:35:08","post_modified_gmt":"2022-10-14 12:35:08","post_content_filtered":"","post_parent":0,"guid":"http:\/\/dev.claret.cat\/autor\/anne-sofie-stemberg\/","menu_order":0,"post_type":"autor","post_mime_type":"","comment_count":"0","filter":"raw"}]},"aioseo_notices":[],"_links":{"self":[{"href":"https:\/\/www.claret.cat\/es\/wp-json\/wp\/v2\/product\/24240","targetHints":{"allow":["GET"]}}],"collection":[{"href":"https:\/\/www.claret.cat\/es\/wp-json\/wp\/v2\/product"}],"about":[{"href":"https:\/\/www.claret.cat\/es\/wp-json\/wp\/v2\/types\/product"}],"wp:featuredmedia":[{"embeddable":true,"href":"https:\/\/www.claret.cat\/es\/wp-json\/wp\/v2\/media\/1001654"}],"wp:attachment":[{"href":"https:\/\/www.claret.cat\/es\/wp-json\/wp\/v2\/media?parent=24240"}],"wp:term":[{"taxonomy":"product_brand","embeddable":true,"href":"https:\/\/www.claret.cat\/es\/wp-json\/wp\/v2\/product_brand?post=24240"},{"taxonomy":"product_cat","embeddable":true,"href":"https:\/\/www.claret.cat\/es\/wp-json\/wp\/v2\/product_cat?post=24240"},{"taxonomy":"product_tag","embeddable":true,"href":"https:\/\/www.claret.cat\/es\/wp-json\/wp\/v2\/product_tag?post=24240"}],"curies":[{"name":"wp","href":"https:\/\/api.w.org\/{rel}","templated":true}]}}