{"id":242407,"date":"2022-10-21T00:54:17","date_gmt":"2022-10-20T22:54:17","guid":{"rendered":"http:\/\/dev.claret.cat\/producte\/por-de-la-veritat\/"},"modified":"2024-01-31T17:52:05","modified_gmt":"2024-01-31T16:52:05","slug":"por-de-la-veritat-9788499309309","status":"publish","type":"product","link":"https:\/\/www.claret.cat\/es\/libro\/por-de-la-veritat-9788499309309\/","title":{"rendered":"POR DE LA VERITAT"},"content":{"rendered":"<p>La trag\u00e8dia comen\u00e7a la nit en qu\u00e8 es crema i s\u2019esfondra l\u2019edifici de l\u2019empresa de mobles \u2013famosa per les seves excel\u00b7lents reproduccions d\u2019antiguitats\u2013 que va fundar l\u2019avi de la Kate i la Hannah Connelly. Enmig de les cendres, una troballa sorprenent i esgarrifosa fa emergir els dubtes i les sospites. Va ser deliberat, l\u2019incendi? Qu\u00e8 hi feia, al museu, la Kate, en aquelles hores de la nit, quan van comen\u00e7ar les flames? I qu\u00e8 hi t\u00e9 a veure la seva germana Hannah, que tot just inicia una prometedora carrera com a dissenyadora de moda?<\/p>\n<p>Pas a pas, en una novel\u00b7la que ens mant\u00e9 amb l\u2019ai al cor, la Reina del Suspens ens endinsa en un misteri laber\u00edntic que arrossega un elenc de personatges fascinant, un dels quals podria ser un assass\u00ed despietat.<\/p>\n","protected":false},"excerpt":{"rendered":"<p>HIGGINS CLARK, MARY<\/p>\n","protected":false},"featured_media":242408,"template":"","meta":{"_acf_changed":false,"om_disable_all_campaigns":false,"rs_blank_template":"","rs_page_bg_color":"","slide_template_v7":"","inline_featured_image":false,"_monsterinsights_skip_tracking":false,"_monsterinsights_sitenote_active":false,"_monsterinsights_sitenote_note":"","_monsterinsights_sitenote_category":0},"product_brand":[],"product_cat":[87,353],"product_tag":[],"class_list":{"0":"post-242407","1":"product","2":"type-product","3":"status-publish","4":"has-post-thumbnail","6":"product_cat-literatura","7":"product_cat-literatura-2_humanidades","9":"first","10":"instock","11":"taxable","12":"shipping-taxable","13":"purchasable","14":"product-type-simple"},"acf":{"autor":"HIGGINS CLARK, MARY","codart":"849930930","libros-coleccion":"","ediciones":"1","encuadernacion":"R\u00fastica","fecha_de_publicacion":"01\/01\/2016","novedad":"0","paginas":"429","subtitulo":"","orden":"999","portada":"0","idioma":"cat","editorial":[{"ID":6281,"post_author":"3","post_date":"2022-07-28 17:48:50","post_date_gmt":"2022-07-28 15:48:50","post_content":"","post_title":"LABUTXACA","post_excerpt":"","post_status":"publish","comment_status":"closed","ping_status":"closed","post_password":"","post_name":"labutxaca","to_ping":"","pinged":"","post_modified":"2022-07-28 17:48:50","post_modified_gmt":"2022-07-28 15:48:50","post_content_filtered":"","post_parent":0,"guid":"http:\/\/dev.claret.cat\/editorial\/labutxaca\/","menu_order":0,"post_type":"editorial","post_mime_type":"","comment_count":"0","filter":"raw"}],"autores-libros":[{"ID":164361,"post_author":"3","post_date":"2022-10-14 17:46:27","post_date_gmt":"2022-10-14 15:46:27","post_content":"","post_title":"MARY HIGGINS CLARK","post_excerpt":"","post_status":"publish","comment_status":"closed","ping_status":"closed","post_password":"","post_name":"mary-higgins-clark","to_ping":"","pinged":"","post_modified":"2022-10-14 17:46:27","post_modified_gmt":"2022-10-14 15:46:27","post_content_filtered":"","post_parent":0,"guid":"http:\/\/dev.claret.cat\/autor\/mary-higgins-clark\/","menu_order":0,"post_type":"autor","post_mime_type":"","comment_count":"0","filter":"raw"}]},"aioseo_notices":[],"_links":{"self":[{"href":"https:\/\/www.claret.cat\/es\/wp-json\/wp\/v2\/product\/242407","targetHints":{"allow":["GET"]}}],"collection":[{"href":"https:\/\/www.claret.cat\/es\/wp-json\/wp\/v2\/product"}],"about":[{"href":"https:\/\/www.claret.cat\/es\/wp-json\/wp\/v2\/types\/product"}],"wp:featuredmedia":[{"embeddable":true,"href":"https:\/\/www.claret.cat\/es\/wp-json\/wp\/v2\/media\/242408"}],"wp:attachment":[{"href":"https:\/\/www.claret.cat\/es\/wp-json\/wp\/v2\/media?parent=242407"}],"wp:term":[{"taxonomy":"product_brand","embeddable":true,"href":"https:\/\/www.claret.cat\/es\/wp-json\/wp\/v2\/product_brand?post=242407"},{"taxonomy":"product_cat","embeddable":true,"href":"https:\/\/www.claret.cat\/es\/wp-json\/wp\/v2\/product_cat?post=242407"},{"taxonomy":"product_tag","embeddable":true,"href":"https:\/\/www.claret.cat\/es\/wp-json\/wp\/v2\/product_tag?post=242407"}],"curies":[{"name":"wp","href":"https:\/\/api.w.org\/{rel}","templated":true}]}}