{"id":242488,"date":"2022-10-21T00:56:20","date_gmt":"2022-10-20T22:56:20","guid":{"rendered":"http:\/\/dev.claret.cat\/producte\/hansel-i-gretel-el-retorn-de-la-bruixa\/"},"modified":"2024-02-08T11:52:02","modified_gmt":"2024-02-08T10:52:02","slug":"hansel-i-gretel-el-retorn-de-la-bruixa-9788468324623","status":"publish","type":"product","link":"https:\/\/www.claret.cat\/es\/libro\/hansel-i-gretel-el-retorn-de-la-bruixa-9788468324623\/","title":{"rendered":"HANSEL I GRETEL EL RETORN DE LA BRUIXA"},"content":{"rendered":"<p>Una col\u2022lecci\u00f3 amb les SEGONES PARTS dels contes i novel\u2022les infantils m\u00e9s famoses de tots els temps.<br \/>Una continuaci\u00f3 inesperada, sorprenent. Una manera original, contempor\u00e0nia, diferent, d&#8217;apropar els cl\u00e0ssics als nens d&#8217;avui en dia.<br \/>Ara van a saber qu\u00e8 els va passar despr\u00e9s de la paraula Fi.<\/p>\n","protected":false},"excerpt":{"rendered":"<p>SANTIAGO ROBERT<\/p>\n","protected":false},"featured_media":242489,"template":"","meta":{"_acf_changed":false,"om_disable_all_campaigns":false,"rs_blank_template":"","rs_page_bg_color":"","slide_template_v7":"","inline_featured_image":false,"_monsterinsights_skip_tracking":false,"_monsterinsights_sitenote_active":false,"_monsterinsights_sitenote_note":"","_monsterinsights_sitenote_category":0},"product_brand":[],"product_cat":[86,352],"product_tag":[],"class_list":{"0":"post-242488","1":"product","2":"type-product","3":"status-publish","4":"has-post-thumbnail","6":"product_cat-infantil","7":"product_cat-infantil-3_infantil-juvenil-spa","9":"first","10":"instock","11":"taxable","12":"shipping-taxable","13":"purchasable","14":"product-type-simple"},"acf":{"autor":"SANTIAGO ROBERT","codart":"846832462","libros-coleccion":"","ediciones":"1","encuadernacion":"Carpeta","fecha_de_publicacion":"01\/01\/2016","novedad":"0","paginas":"240","subtitulo":"","orden":"999","portada":"0","idioma":"cat","editorial":[{"ID":6192,"post_author":"3","post_date":"2022-07-28 17:46:52","post_date_gmt":"2022-07-28 15:46:52","post_content":"","post_title":"EDEBE altres","post_excerpt":"","post_status":"publish","comment_status":"closed","ping_status":"closed","post_password":"","post_name":"edebe-altres","to_ping":"","pinged":"","post_modified":"2022-07-28 17:46:52","post_modified_gmt":"2022-07-28 15:46:52","post_content_filtered":"","post_parent":0,"guid":"http:\/\/dev.claret.cat\/editorial\/edebe-altres\/","menu_order":0,"post_type":"editorial","post_mime_type":"","comment_count":"0","filter":"raw"}],"autores-libros":[{"ID":402858,"post_author":"3","post_date":"2023-02-27 06:59:51","post_date_gmt":"2023-02-27 05:59:51","post_content":"","post_title":"SANTIAGO ROBERT","post_excerpt":"","post_status":"publish","comment_status":"closed","ping_status":"closed","post_password":"","post_name":"santiago-robert","to_ping":"","pinged":"","post_modified":"2023-02-27 06:59:51","post_modified_gmt":"2023-02-27 05:59:51","post_content_filtered":"","post_parent":0,"guid":"https:\/\/www.claret.cat\/autor\/santiago-robert\/","menu_order":0,"post_type":"autor","post_mime_type":"","comment_count":"0","filter":"raw"}]},"aioseo_notices":[],"_links":{"self":[{"href":"https:\/\/www.claret.cat\/es\/wp-json\/wp\/v2\/product\/242488","targetHints":{"allow":["GET"]}}],"collection":[{"href":"https:\/\/www.claret.cat\/es\/wp-json\/wp\/v2\/product"}],"about":[{"href":"https:\/\/www.claret.cat\/es\/wp-json\/wp\/v2\/types\/product"}],"wp:featuredmedia":[{"embeddable":true,"href":"https:\/\/www.claret.cat\/es\/wp-json\/wp\/v2\/media\/242489"}],"wp:attachment":[{"href":"https:\/\/www.claret.cat\/es\/wp-json\/wp\/v2\/media?parent=242488"}],"wp:term":[{"taxonomy":"product_brand","embeddable":true,"href":"https:\/\/www.claret.cat\/es\/wp-json\/wp\/v2\/product_brand?post=242488"},{"taxonomy":"product_cat","embeddable":true,"href":"https:\/\/www.claret.cat\/es\/wp-json\/wp\/v2\/product_cat?post=242488"},{"taxonomy":"product_tag","embeddable":true,"href":"https:\/\/www.claret.cat\/es\/wp-json\/wp\/v2\/product_tag?post=242488"}],"curies":[{"name":"wp","href":"https:\/\/api.w.org\/{rel}","templated":true}]}}