{"id":242569,"date":"2022-10-21T00:58:24","date_gmt":"2022-10-20T22:58:24","guid":{"rendered":"http:\/\/dev.claret.cat\/producte\/la-dieta-tapping\/"},"modified":"2023-01-28T09:55:11","modified_gmt":"2023-01-28T08:55:11","slug":"la-dieta-tapping-9788448022006","status":"publish","type":"product","link":"https:\/\/www.claret.cat\/es\/libro\/la-dieta-tapping-9788448022006\/","title":{"rendered":"LA DIETA TAPPING"},"content":{"rendered":"<p>Olv\u00eddate de las dietas rel\u00e1mpago y de pasarte horas en el gimnasio; la dieta tapping te ense\u00f1a c\u00f3mo perder esos kilos de m\u00e1s con el poder de las Terapias de Liberaci\u00f3n Emocional (TLE).Esta terapia revolucionaria usa el tapping para superar los bloqueos mentales que te impiden adelgazar. Carol Look, experta en TLE, te gu\u00eda mediante patrones de tapping (digitopuntura) y ejercicios diarios que te ayudar\u00e1n a reconducir tus pensamientos y a pasar a la acci\u00f3n para conseguir cambiar tu estilo de vida actual por uno m\u00e1s saludable.El libro tambi\u00e9n incluye 50 deliciosas recetas, muy f\u00e1ciles de preparar.<\/p>\n","protected":false},"excerpt":{"rendered":"<p>LOOK, CAROL \/ CERRETA, JILL<\/p>\n","protected":false},"featured_media":242570,"template":"","meta":{"_acf_changed":false,"om_disable_all_campaigns":false,"rs_blank_template":"","rs_page_bg_color":"","slide_template_v7":"","inline_featured_image":false,"_monsterinsights_skip_tracking":false,"_monsterinsights_sitenote_active":false,"_monsterinsights_sitenote_note":"","_monsterinsights_sitenote_category":0},"product_brand":[],"product_cat":[97],"product_tag":[],"class_list":{"0":"post-242569","1":"product","2":"type-product","3":"status-publish","4":"has-post-thumbnail","6":"product_cat-salut","8":"first","9":"instock","10":"taxable","11":"shipping-taxable","12":"purchasable","13":"product-type-simple"},"acf":{"autor":"LOOK, CAROL \/ CERRETA, JILL","codart":"844802200","libros-coleccion":"","ediciones":"1","encuadernacion":"R\u00fastica","fecha_de_publicacion":"01\/01\/2016","novedad":"0","paginas":"235","subtitulo":"DESCUBRE EL PODER DE LAS T\u00c9CNICAS DE LIBERACI\u00d3N EMOCIONAL (TLE) A TRAV\u00c9S DE ESTE","orden":"999","portada":"0","idioma":"spa","editorial":[{"ID":148426,"post_author":"3","post_date":"2022-10-14 11:58:09","post_date_gmt":"2022-10-14 09:58:09","post_content":"","post_title":"LIBROS C\u00daPULA","post_excerpt":"","post_status":"publish","comment_status":"closed","ping_status":"closed","post_password":"","post_name":"libros-cupula","to_ping":"","pinged":"","post_modified":"2022-10-14 11:58:09","post_modified_gmt":"2022-10-14 09:58:09","post_content_filtered":"","post_parent":0,"guid":"http:\/\/dev.claret.cat\/editorial\/libros-cupula\/","menu_order":0,"post_type":"editorial","post_mime_type":"","comment_count":"0","filter":"raw"}]},"aioseo_notices":[],"_links":{"self":[{"href":"https:\/\/www.claret.cat\/es\/wp-json\/wp\/v2\/product\/242569","targetHints":{"allow":["GET"]}}],"collection":[{"href":"https:\/\/www.claret.cat\/es\/wp-json\/wp\/v2\/product"}],"about":[{"href":"https:\/\/www.claret.cat\/es\/wp-json\/wp\/v2\/types\/product"}],"wp:featuredmedia":[{"embeddable":true,"href":"https:\/\/www.claret.cat\/es\/wp-json\/wp\/v2\/media\/242570"}],"wp:attachment":[{"href":"https:\/\/www.claret.cat\/es\/wp-json\/wp\/v2\/media?parent=242569"}],"wp:term":[{"taxonomy":"product_brand","embeddable":true,"href":"https:\/\/www.claret.cat\/es\/wp-json\/wp\/v2\/product_brand?post=242569"},{"taxonomy":"product_cat","embeddable":true,"href":"https:\/\/www.claret.cat\/es\/wp-json\/wp\/v2\/product_cat?post=242569"},{"taxonomy":"product_tag","embeddable":true,"href":"https:\/\/www.claret.cat\/es\/wp-json\/wp\/v2\/product_tag?post=242569"}],"curies":[{"name":"wp","href":"https:\/\/api.w.org\/{rel}","templated":true}]}}