{"id":242697,"date":"2022-10-21T01:01:37","date_gmt":"2022-10-20T23:01:37","guid":{"rendered":"http:\/\/dev.claret.cat\/producte\/dvd-timbuktu\/"},"modified":"2023-01-28T17:15:57","modified_gmt":"2023-01-28T16:15:57","slug":"dvd-timbuktu","status":"publish","type":"product","link":"https:\/\/www.claret.cat\/es\/libro\/dvd-timbuktu\/","title":{"rendered":"DVD- TIMBUKTU"},"content":{"rendered":"<p>Los alrededores de Tombuct\u00fa han ca\u00eddo en manos de extremistas religiosos. Kidane vive tranquilamente en las dunas con su esposa Satima, su hija Toya e Issam, un ni\u00f1o pastor de 12 a\u00f1os. En la ciudad, los habitantes padecen el r\u00e9gimen de terror impuesto por los yihadistas. El caos que reina en la ciudad no parece afectar a Kidane hasta el d\u00eda en que accidentalmente mata a Amadou, un pescador que ha acabado con la vida de &#8216;GPS&#8217;, su vaca favorita. Ahora debe enfrentarse a las leyes impuestas por los ocupantes extranjeros.<\/p>\n","protected":false},"excerpt":{"rendered":"<p>SISSAKO, ABDARRAHMANE<\/p>\n","protected":false},"featured_media":273671,"template":"","meta":{"_acf_changed":false,"om_disable_all_campaigns":false,"rs_blank_template":"","rs_page_bg_color":"","slide_template_v7":"","inline_featured_image":false,"_monsterinsights_skip_tracking":false,"_monsterinsights_sitenote_active":false,"_monsterinsights_sitenote_note":"","_monsterinsights_sitenote_category":0},"product_brand":[],"product_cat":[90,540],"product_tag":[],"class_list":{"0":"post-242697","1":"product","2":"type-product","3":"status-publish","4":"has-post-thumbnail","6":"product_cat-altres","7":"product_cat-otros","9":"first","10":"instock","11":"taxable","12":"shipping-taxable","13":"purchasable","14":"product-type-simple"},"acf":{"autor":"SISSAKO, ABDARRAHMANE","codart":"654090729","libros-coleccion":"","ediciones":"1","encuadernacion":"R\u00fastica","fecha_de_publicacion":"15\/12\/2015","novedad":"0","paginas":"1","subtitulo":"","orden":"999","portada":"0","idioma":"spa","editorial":[{"ID":6151,"post_author":"3","post_date":"2022-07-28 17:45:59","post_date_gmt":"2022-07-28 15:45:59","post_content":"","post_title":"CAMEO MEDIA ., S.L.","post_excerpt":"","post_status":"publish","comment_status":"closed","ping_status":"closed","post_password":"","post_name":"cameo-media-s-l","to_ping":"","pinged":"","post_modified":"2022-07-28 17:45:59","post_modified_gmt":"2022-07-28 15:45:59","post_content_filtered":"","post_parent":0,"guid":"http:\/\/dev.claret.cat\/editorial\/cameo-media-s-l\/","menu_order":0,"post_type":"editorial","post_mime_type":"","comment_count":"0","filter":"raw"}],"autores-libros":[{"ID":273670,"post_author":"3","post_date":"2022-12-09 05:19:41","post_date_gmt":"2022-12-09 04:19:41","post_content":"","post_title":"ABDARRAHMANE SISSAKO","post_excerpt":"","post_status":"publish","comment_status":"closed","ping_status":"closed","post_password":"","post_name":"abdarrahmane-sissako","to_ping":"","pinged":"","post_modified":"2022-12-09 05:19:41","post_modified_gmt":"2022-12-09 04:19:41","post_content_filtered":"","post_parent":0,"guid":"http:\/\/dev.claret.cat\/autor\/abdarrahmane-sissako\/","menu_order":0,"post_type":"autor","post_mime_type":"","comment_count":"0","filter":"raw"}]},"aioseo_notices":[],"_links":{"self":[{"href":"https:\/\/www.claret.cat\/es\/wp-json\/wp\/v2\/product\/242697","targetHints":{"allow":["GET"]}}],"collection":[{"href":"https:\/\/www.claret.cat\/es\/wp-json\/wp\/v2\/product"}],"about":[{"href":"https:\/\/www.claret.cat\/es\/wp-json\/wp\/v2\/types\/product"}],"wp:featuredmedia":[{"embeddable":true,"href":"https:\/\/www.claret.cat\/es\/wp-json\/wp\/v2\/media\/273671"}],"wp:attachment":[{"href":"https:\/\/www.claret.cat\/es\/wp-json\/wp\/v2\/media?parent=242697"}],"wp:term":[{"taxonomy":"product_brand","embeddable":true,"href":"https:\/\/www.claret.cat\/es\/wp-json\/wp\/v2\/product_brand?post=242697"},{"taxonomy":"product_cat","embeddable":true,"href":"https:\/\/www.claret.cat\/es\/wp-json\/wp\/v2\/product_cat?post=242697"},{"taxonomy":"product_tag","embeddable":true,"href":"https:\/\/www.claret.cat\/es\/wp-json\/wp\/v2\/product_tag?post=242697"}],"curies":[{"name":"wp","href":"https:\/\/api.w.org\/{rel}","templated":true}]}}