{"id":242745,"date":"2022-10-21T01:02:47","date_gmt":"2022-10-20T23:02:47","guid":{"rendered":"http:\/\/dev.claret.cat\/producte\/rogar-a-dios-por-vivos-y-difuntos\/"},"modified":"2024-05-23T14:32:12","modified_gmt":"2024-05-23T12:32:12","slug":"rogar-a-dios-por-vivos-y-difuntos-9788479665340","status":"publish","type":"product","link":"https:\/\/www.claret.cat\/es\/libro\/rogar-a-dios-por-vivos-y-difuntos-9788479665340\/","title":{"rendered":"ROGAR A DIOS POR VIVOS Y DIFUNTOS"},"content":{"rendered":"<p>14 LIBROS BREVES. AGIL FORMATO. FIRMAS DESTACADAS, UN MENSAJE SIEMPRE ACTUAL.<\/p>\n<p>&#8216;Deseo vivamente que el pueblo cristiano reflexione, durante el Jubileo, sobre las obras de misericordia corporales y espirituales&#8217; (Papa FRANCISCO).<\/p>\n<p>Jos\u00e9 Carlos Bermejo &#8211; Mos. V\u00edctor Manuel Fern\u00e1ndez &#8211; Juan Mart\u00edn Velasco &#8211; \u00c1ngel Moreno, de Buenafuente &#8211; Padre \u00c1ngel, de Mensajeros de la Paz &#8211; Alejandro Fern\u00e1ndez Barraj\u00f3n &#8211; Jes\u00fas Garc\u00eda Herrero &#8211; Julio L. Mart\u00ednez &#8211; J. Cristo Rey Garc\u00eda Paredes &#8211; Marciano Vidal &#8211; Nuria Calduch-Benages &#8211; Mons. Juan Mar\u00eda Uriarte &#8211; Nurya Mart\u00ednez-Gayol &#8211; Analuisa Cus\u00e1n<\/p>\n","protected":false},"excerpt":{"rendered":"<p>CUS\u00c1N, ANALUISA<\/p>\n","protected":false},"featured_media":353125,"template":"","meta":{"_acf_changed":false,"om_disable_all_campaigns":false,"rs_blank_template":"","rs_page_bg_color":"","slide_template_v7":"","inline_featured_image":false,"_monsterinsights_skip_tracking":false,"_monsterinsights_sitenote_active":false,"_monsterinsights_sitenote_note":"","_monsterinsights_sitenote_category":0},"product_brand":[],"product_cat":[345,79],"product_tag":[],"class_list":{"0":"post-242745","1":"product","2":"type-product","3":"status-publish","4":"has-post-thumbnail","6":"product_cat-espiritualidad","7":"product_cat-espiritualitat","9":"first","10":"instock","11":"taxable","12":"shipping-taxable","13":"purchasable","14":"product-type-simple"},"acf":{"autor":"CUS\u00c1N, ANALUISA","codart":"847966534","libros-coleccion":"","ediciones":"1","encuadernacion":"R\u00fastica","fecha_de_publicacion":"15\/12\/2015","novedad":"0","paginas":"64","subtitulo":"","orden":"999","portada":"0","idioma":"spa","editorial":[{"ID":6337,"post_author":"3","post_date":"2022-07-28 17:50:01","post_date_gmt":"2022-07-28 15:50:01","post_content":"","post_title":"Publicaciones Claretianas","post_excerpt":"","post_status":"publish","comment_status":"closed","ping_status":"closed","post_password":"","post_name":"publicaciones-claretianas","to_ping":"","pinged":"","post_modified":"2022-07-28 17:50:01","post_modified_gmt":"2022-07-28 15:50:01","post_content_filtered":"","post_parent":0,"guid":"http:\/\/dev.claret.cat\/editorial\/publicaciones-claretianas\/","menu_order":0,"post_type":"editorial","post_mime_type":"","comment_count":"0","filter":"raw"}],"autores-libros":[{"ID":325085,"post_author":"3","post_date":"2023-01-03 19:50:10","post_date_gmt":"2023-01-03 18:50:10","post_content":"","post_title":"ANALUISA CUS\u00c1N","post_excerpt":"","post_status":"publish","comment_status":"closed","ping_status":"closed","post_password":"","post_name":"analuisa-cusan","to_ping":"","pinged":"","post_modified":"2023-01-03 19:50:10","post_modified_gmt":"2023-01-03 18:50:10","post_content_filtered":"","post_parent":0,"guid":"https:\/\/www.claret.cat\/autor\/analuisa-cusan\/","menu_order":0,"post_type":"autor","post_mime_type":"","comment_count":"0","filter":"raw"}]},"aioseo_notices":[],"_links":{"self":[{"href":"https:\/\/www.claret.cat\/es\/wp-json\/wp\/v2\/product\/242745","targetHints":{"allow":["GET"]}}],"collection":[{"href":"https:\/\/www.claret.cat\/es\/wp-json\/wp\/v2\/product"}],"about":[{"href":"https:\/\/www.claret.cat\/es\/wp-json\/wp\/v2\/types\/product"}],"wp:featuredmedia":[{"embeddable":true,"href":"https:\/\/www.claret.cat\/es\/wp-json\/wp\/v2\/media\/353125"}],"wp:attachment":[{"href":"https:\/\/www.claret.cat\/es\/wp-json\/wp\/v2\/media?parent=242745"}],"wp:term":[{"taxonomy":"product_brand","embeddable":true,"href":"https:\/\/www.claret.cat\/es\/wp-json\/wp\/v2\/product_brand?post=242745"},{"taxonomy":"product_cat","embeddable":true,"href":"https:\/\/www.claret.cat\/es\/wp-json\/wp\/v2\/product_cat?post=242745"},{"taxonomy":"product_tag","embeddable":true,"href":"https:\/\/www.claret.cat\/es\/wp-json\/wp\/v2\/product_tag?post=242745"}],"curies":[{"name":"wp","href":"https:\/\/api.w.org\/{rel}","templated":true}]}}