{"id":242748,"date":"2022-10-21T01:02:51","date_gmt":"2022-10-20T23:02:51","guid":{"rendered":"http:\/\/dev.claret.cat\/producte\/cinco-minutos-para-la-misericordia\/"},"modified":"2026-02-24T16:50:20","modified_gmt":"2026-02-24T15:50:20","slug":"cinco-minutos-para-la-misericordia-9788479665425","status":"publish","type":"product","link":"https:\/\/www.claret.cat\/es\/libro\/cinco-minutos-para-la-misericordia-9788479665425\/","title":{"rendered":"CINCO MINUTOS PARA LA MISERICORDIA"},"content":{"rendered":"<p>&#8216;La Misericordia de Dios es muy concreta y todos estamos llamados a experimentarla en primera persona&#8217;.<\/p>\n<p>Este libroquere ser una contribuc\u00f3n de calidadal A\u00f1o de la Misericordia. Una selecci\u00f3n de los mejores textos de Francisco, aparecidos en todos sus libros, discursos, homil\u00edas, de su \u00e9poca de arzobispo en Buenos Aires y actuales, siendo ya Papa. Un conjunto de palabras ungidas, llenas de sabidur\u00eda, que, organizadas pedag\u00f3gicamente en forma de calendario, quieren salirte al encuentro e iluminar tus d\u00edas.<\/p>\n<p>Durante el a\u00f1o de la Misericordia puedes utilizar tambi\u00e9n este libro para acompa\u00f1ar la liturgia diaria de la Iglesia, como una breve lectura que inspire los d\u00edas de la comunidad cristiana en la que vives, o difundirlos por las redes sociales haciendo que se extiendan y se multiplique esta gran ola de Misericordia. En tu mano est\u00e1 su uso. La lectura diaria de estos pensamientos puede ayudarte a ser y convertirte en &#8216;Misericordioso como el Padre&#8217;.<\/p>\n","protected":false},"excerpt":{"rendered":"<p>PAPA FRANCISCO<\/p>\n","protected":false},"featured_media":1081958,"template":"","meta":{"_acf_changed":false,"om_disable_all_campaigns":false,"rs_blank_template":"","rs_page_bg_color":"","slide_template_v7":"","inline_featured_image":false,"_monsterinsights_skip_tracking":false,"_monsterinsights_sitenote_active":false,"_monsterinsights_sitenote_note":"","_monsterinsights_sitenote_category":0},"product_brand":[],"product_cat":[345,79,497,248],"product_tag":[],"class_list":{"0":"post-242748","1":"product","2":"type-product","3":"status-publish","4":"has-post-thumbnail","6":"product_cat-espiritualidad","7":"product_cat-espiritualitat","8":"product_cat-meditaciones","9":"product_cat-meditacions","11":"first","12":"instock","13":"taxable","14":"shipping-taxable","15":"purchasable","16":"product-type-simple"},"acf":{"autor":"PAPA FRANCISCO","codart":"847966542","libros-coleccion":"","ediciones":"1","encuadernacion":"R\u00fastica","fecha_de_publicacion":"15\/12\/2015","novedad":"0","paginas":"184","subtitulo":"","orden":"999","portada":"0","idioma":"spa","editorial":[{"ID":6337,"post_author":"3","post_date":"2022-07-28 17:50:01","post_date_gmt":"2022-07-28 15:50:01","post_content":"","post_title":"Publicaciones Claretianas","post_excerpt":"","post_status":"publish","comment_status":"closed","ping_status":"closed","post_password":"","post_name":"publicaciones-claretianas","to_ping":"","pinged":"","post_modified":"2022-07-28 17:50:01","post_modified_gmt":"2022-07-28 15:50:01","post_content_filtered":"","post_parent":0,"guid":"http:\/\/dev.claret.cat\/editorial\/publicaciones-claretianas\/","menu_order":0,"post_type":"editorial","post_mime_type":"","comment_count":"0","filter":"raw"}],"autores-libros":[{"ID":5919,"post_author":"3","post_date":"2022-07-28 17:34:18","post_date_gmt":"2022-07-28 15:34:18","post_content":"","post_title":"PAPA FRANCISCO","post_excerpt":"","post_status":"publish","comment_status":"closed","ping_status":"closed","post_password":"","post_name":"papa-francisco","to_ping":"","pinged":"","post_modified":"2022-07-28 17:34:18","post_modified_gmt":"2022-07-28 15:34:18","post_content_filtered":"","post_parent":0,"guid":"http:\/\/dev.claret.cat\/autor\/papa-francisco\/","menu_order":0,"post_type":"autor","post_mime_type":"","comment_count":"0","filter":"raw"}],"booktrailer":"","resenas":""},"aioseo_notices":[],"_links":{"self":[{"href":"https:\/\/www.claret.cat\/es\/wp-json\/wp\/v2\/product\/242748","targetHints":{"allow":["GET"]}}],"collection":[{"href":"https:\/\/www.claret.cat\/es\/wp-json\/wp\/v2\/product"}],"about":[{"href":"https:\/\/www.claret.cat\/es\/wp-json\/wp\/v2\/types\/product"}],"wp:featuredmedia":[{"embeddable":true,"href":"https:\/\/www.claret.cat\/es\/wp-json\/wp\/v2\/media\/1081958"}],"wp:attachment":[{"href":"https:\/\/www.claret.cat\/es\/wp-json\/wp\/v2\/media?parent=242748"}],"wp:term":[{"taxonomy":"product_brand","embeddable":true,"href":"https:\/\/www.claret.cat\/es\/wp-json\/wp\/v2\/product_brand?post=242748"},{"taxonomy":"product_cat","embeddable":true,"href":"https:\/\/www.claret.cat\/es\/wp-json\/wp\/v2\/product_cat?post=242748"},{"taxonomy":"product_tag","embeddable":true,"href":"https:\/\/www.claret.cat\/es\/wp-json\/wp\/v2\/product_tag?post=242748"}],"curies":[{"name":"wp","href":"https:\/\/api.w.org\/{rel}","templated":true}]}}