{"id":242787,"date":"2022-10-21T01:03:46","date_gmt":"2022-10-20T23:03:46","guid":{"rendered":"http:\/\/dev.claret.cat\/producte\/mi-confesion\/"},"modified":"2024-05-24T06:39:11","modified_gmt":"2024-05-24T04:39:11","slug":"mi-confesion-9788430119189","status":"publish","type":"product","link":"https:\/\/www.claret.cat\/es\/libro\/mi-confesion-9788430119189\/","title":{"rendered":"MI CONFESI\u00d3N"},"content":{"rendered":"<p>Pr\u00f3ximo a cumplir cuarenta a\u00f1os, es decir, poco antes de septiembre de 1904, Unamuno redacta Mi confesi\u00f3n. Este escrito breve sirve al fil\u00f3sofo para expresar sus preocupaciones esenciales.<\/p>\n<p> A lo largo de las p\u00e1ginas de este texto resulta posible reconocer el germen de dos de sus obras principales: Vida de Don Quijote y Sancho, que escribe un a\u00f1o m\u00e1s tarde, y sobre todo Del sentimiento tr\u00e1gico de la vida.<\/p>\n<p> Sentidor de los problemas esenciales, su filosof\u00eda po\u00e9tica y su l\u00f3gica del coraz\u00f3n hacen de Unamuno un pensador proclive a la confesi\u00f3n apasionada; no en vano, gran parte de los escritos que produjo transmiten sus inquietudes m\u00e1s \u00edntimas.<\/p>\n<p> Frente a la mentira y la hipocres\u00eda, Unamuno reivindic\u00f3 siempre la veracidad y la m\u00e1xima libertad, aun a costa de contradecirse a s\u00ed mismo.<\/p>\n<p> Las veintiuna cartas que cierran la nueva edici\u00f3n de este volumen aportan datos significativos para la mejor comprensi\u00f3n de la obra.<\/p>\n","protected":false},"excerpt":{"rendered":"<p>UNAMUNO, MIGUEL DE<\/p>\n","protected":false},"featured_media":342053,"template":"","meta":{"_acf_changed":false,"om_disable_all_campaigns":false,"rs_blank_template":"","rs_page_bg_color":"","slide_template_v7":"","inline_featured_image":false,"_monsterinsights_skip_tracking":false,"_monsterinsights_sitenote_active":false,"_monsterinsights_sitenote_note":"","_monsterinsights_sitenote_category":0},"product_brand":[],"product_cat":[83,349],"product_tag":[],"class_list":{"0":"post-242787","1":"product","2":"type-product","3":"status-publish","4":"has-post-thumbnail","6":"product_cat-filosofia","7":"product_cat-filosofia-2_humanidades","9":"first","10":"instock","11":"taxable","12":"shipping-taxable","13":"purchasable","14":"product-type-simple"},"acf":{"autor":"UNAMUNO, MIGUEL DE","codart":"843011918","libros-coleccion":"","ediciones":"2","encuadernacion":"R\u00fastica","fecha_de_publicacion":"10\/12\/2015","novedad":"0","paginas":"160","subtitulo":"","orden":"999","portada":"0","idioma":"spa","editorial":[{"ID":6364,"post_author":"3","post_date":"2022-07-28 17:50:36","post_date_gmt":"2022-07-28 15:50:36","post_content":"","post_title":"S\u00edgueme","post_excerpt":"","post_status":"publish","comment_status":"closed","ping_status":"closed","post_password":"","post_name":"sigueme","to_ping":"","pinged":"","post_modified":"2022-07-28 17:50:36","post_modified_gmt":"2022-07-28 15:50:36","post_content_filtered":"","post_parent":0,"guid":"http:\/\/dev.claret.cat\/editorial\/sigueme\/","menu_order":0,"post_type":"editorial","post_mime_type":"","comment_count":"0","filter":"raw"}],"autores-libros":[{"ID":164982,"post_author":"3","post_date":"2022-10-14 17:51:26","post_date_gmt":"2022-10-14 15:51:26","post_content":"","post_title":"MIGUEL DE UNAMUNO","post_excerpt":"","post_status":"publish","comment_status":"closed","ping_status":"closed","post_password":"","post_name":"miguel-de-unamuno","to_ping":"","pinged":"","post_modified":"2022-10-14 17:51:26","post_modified_gmt":"2022-10-14 15:51:26","post_content_filtered":"","post_parent":0,"guid":"http:\/\/dev.claret.cat\/autor\/miguel-de-unamuno\/","menu_order":0,"post_type":"autor","post_mime_type":"","comment_count":"0","filter":"raw"}]},"aioseo_notices":[],"_links":{"self":[{"href":"https:\/\/www.claret.cat\/es\/wp-json\/wp\/v2\/product\/242787","targetHints":{"allow":["GET"]}}],"collection":[{"href":"https:\/\/www.claret.cat\/es\/wp-json\/wp\/v2\/product"}],"about":[{"href":"https:\/\/www.claret.cat\/es\/wp-json\/wp\/v2\/types\/product"}],"wp:featuredmedia":[{"embeddable":true,"href":"https:\/\/www.claret.cat\/es\/wp-json\/wp\/v2\/media\/342053"}],"wp:attachment":[{"href":"https:\/\/www.claret.cat\/es\/wp-json\/wp\/v2\/media?parent=242787"}],"wp:term":[{"taxonomy":"product_brand","embeddable":true,"href":"https:\/\/www.claret.cat\/es\/wp-json\/wp\/v2\/product_brand?post=242787"},{"taxonomy":"product_cat","embeddable":true,"href":"https:\/\/www.claret.cat\/es\/wp-json\/wp\/v2\/product_cat?post=242787"},{"taxonomy":"product_tag","embeddable":true,"href":"https:\/\/www.claret.cat\/es\/wp-json\/wp\/v2\/product_tag?post=242787"}],"curies":[{"name":"wp","href":"https:\/\/api.w.org\/{rel}","templated":true}]}}