{"id":242961,"date":"2022-10-21T01:08:01","date_gmt":"2022-10-20T23:08:01","guid":{"rendered":"http:\/\/dev.claret.cat\/producte\/primera-alianza-la-una-historia-de-misericordia\/"},"modified":"2023-01-28T15:37:17","modified_gmt":"2023-01-28T14:37:17","slug":"primera-alianza-la-una-historia-de-misericordia-9788422018544","status":"publish","type":"product","link":"https:\/\/www.claret.cat\/es\/libro\/primera-alianza-la-una-historia-de-misericordia-9788422018544\/","title":{"rendered":"PRIMERA ALIANZA, LA. UNA HISTORIA DE MISERICORDIA"},"content":{"rendered":"<p>Las p\u00e1ginas de este libro est\u00e1n dedicadas a mostrar c\u00f3mo Dios ha puesto en marcha una Historia de salvaci\u00f3n en la que se revela como misericordioso. Es una revelaci\u00f3n progresiva en la que aparece caminando junto a su pueblo, conduci\u00e9ndolo a una meta de salvaci\u00f3n plena que se realizar\u00e1 por medio de Jes\u00fas, su Hijo hecho hombre. Esta revelaci\u00f3n tiene dos partes, una primera de preparaci\u00f3n y promesa, y otra de cumplimiento y plenitud por Jesucristo. Testigo de toda esta Historia son los libros de la Biblia, los del Antiguo Testamento y los del Nuevo. La presente obra presenta una visi\u00f3n general de la primera etapa, el AntiguoTestamento, ofreciendo a la luz de la misericordia varias panor\u00e1micas de su contenido, rico y variado.<\/p>\n","protected":false},"excerpt":{"rendered":"<p>RODRIGUEZ CARMONA, ANTONIO<\/p>\n","protected":false},"featured_media":242962,"template":"","meta":{"_acf_changed":false,"om_disable_all_campaigns":false,"rs_blank_template":"","rs_page_bg_color":"","slide_template_v7":"","inline_featured_image":false,"_monsterinsights_skip_tracking":false,"_monsterinsights_sitenote_active":false,"_monsterinsights_sitenote_note":"","_monsterinsights_sitenote_category":0},"product_brand":[],"product_cat":[16],"product_tag":[],"class_list":{"0":"post-242961","1":"product","2":"type-product","3":"status-publish","4":"has-post-thumbnail","6":"product_cat-sense-categoria","8":"first","9":"instock","10":"taxable","11":"shipping-taxable","12":"purchasable","13":"product-type-simple"},"acf":{"autor":"RODRIGUEZ CARMONA, ANTONIO","codart":"842201854","libros-coleccion":"","ediciones":"1","encuadernacion":"R\u00fastica","fecha_de_publicacion":"01\/12\/2015","novedad":"0","paginas":"103","subtitulo":"","orden":"999","portada":"0","idioma":"spa","editorial":[{"ID":6139,"post_author":"3","post_date":"2022-07-28 17:45:43","post_date_gmt":"2022-07-28 15:45:43","post_content":"","post_title":"BAC","post_excerpt":"","post_status":"publish","comment_status":"closed","ping_status":"closed","post_password":"","post_name":"bac","to_ping":"","pinged":"","post_modified":"2022-07-28 17:45:43","post_modified_gmt":"2022-07-28 15:45:43","post_content_filtered":"","post_parent":0,"guid":"http:\/\/dev.claret.cat\/editorial\/bac\/","menu_order":0,"post_type":"editorial","post_mime_type":"","comment_count":"0","filter":"raw"}],"autores-libros":[{"ID":5268,"post_author":"3","post_date":"2022-07-28 17:20:24","post_date_gmt":"2022-07-28 15:20:24","post_content":"","post_title":"ANTONIO RODRIGUEZ CARMONA","post_excerpt":"","post_status":"publish","comment_status":"closed","ping_status":"closed","post_password":"","post_name":"antonio-rodriguez-carmona","to_ping":"","pinged":"","post_modified":"2022-07-28 17:20:24","post_modified_gmt":"2022-07-28 15:20:24","post_content_filtered":"","post_parent":0,"guid":"http:\/\/dev.claret.cat\/autor\/antonio-rodriguez-carmona\/","menu_order":0,"post_type":"autor","post_mime_type":"","comment_count":"0","filter":"raw"}]},"aioseo_notices":[],"_links":{"self":[{"href":"https:\/\/www.claret.cat\/es\/wp-json\/wp\/v2\/product\/242961","targetHints":{"allow":["GET"]}}],"collection":[{"href":"https:\/\/www.claret.cat\/es\/wp-json\/wp\/v2\/product"}],"about":[{"href":"https:\/\/www.claret.cat\/es\/wp-json\/wp\/v2\/types\/product"}],"wp:featuredmedia":[{"embeddable":true,"href":"https:\/\/www.claret.cat\/es\/wp-json\/wp\/v2\/media\/242962"}],"wp:attachment":[{"href":"https:\/\/www.claret.cat\/es\/wp-json\/wp\/v2\/media?parent=242961"}],"wp:term":[{"taxonomy":"product_brand","embeddable":true,"href":"https:\/\/www.claret.cat\/es\/wp-json\/wp\/v2\/product_brand?post=242961"},{"taxonomy":"product_cat","embeddable":true,"href":"https:\/\/www.claret.cat\/es\/wp-json\/wp\/v2\/product_cat?post=242961"},{"taxonomy":"product_tag","embeddable":true,"href":"https:\/\/www.claret.cat\/es\/wp-json\/wp\/v2\/product_tag?post=242961"}],"curies":[{"name":"wp","href":"https:\/\/api.w.org\/{rel}","templated":true}]}}