{"id":243415,"date":"2022-10-21T01:19:03","date_gmt":"2022-10-20T23:19:03","guid":{"rendered":"http:\/\/dev.claret.cat\/producte\/wigetta-y-el-baculo-dorado\/"},"modified":"2023-01-28T18:19:28","modified_gmt":"2023-01-28T17:19:28","slug":"wigetta-y-el-baculo-dorado-9788499985169","status":"publish","type":"product","link":"https:\/\/www.claret.cat\/es\/libro\/wigetta-y-el-baculo-dorado-9788499985169\/","title":{"rendered":"WIGETTA Y EL B\u00c1CULO DORADO"},"content":{"rendered":"<p>Despu\u00e9s del \u00faltimo ataque sufrido, los habitantes de Pueblo\u00a0han recuperado la tranquilidad y su existencia transcurre en\u00a0paz. Todo parece funcionar a la perfecci\u00f3n. Sin embargo, una\u00a0serie de misteriosas desapariciones van a alterar las cosas?\u00a0Una amenaza externa, con forma muy peculiar; una criatura\u00a0extraordinaria dotada de una poderosa arma; una clave por\u00a0descubrir&#8230; El equipo formado por Willy, Vegetta y sus mascotas,\u00a0Trotuman y Vakypandy, arriesgar\u00e1n de nuevo sus vidas\u00a0y pondr\u00e1n a prueba su ingenio para solucionar el problema.<\/p>\n","protected":false},"excerpt":{"rendered":"<p>VEGETTA777 \/ WILLYREX<\/p>\n","protected":false},"featured_media":243416,"template":"","meta":{"_acf_changed":false,"om_disable_all_campaigns":false,"rs_blank_template":"","rs_page_bg_color":"","slide_template_v7":"","inline_featured_image":false,"_monsterinsights_skip_tracking":false,"_monsterinsights_sitenote_active":false,"_monsterinsights_sitenote_note":"","_monsterinsights_sitenote_category":0},"product_brand":[],"product_cat":[16],"product_tag":[],"class_list":{"0":"post-243415","1":"product","2":"type-product","3":"status-publish","4":"has-post-thumbnail","6":"product_cat-sense-categoria","8":"first","9":"instock","10":"taxable","11":"shipping-taxable","12":"purchasable","13":"product-type-simple"},"acf":{"autor":"VEGETTA777 \/ WILLYREX","codart":"849998516","libros-coleccion":"","ediciones":"1","encuadernacion":"Carton\u00e9","fecha_de_publicacion":"24\/11\/2015","novedad":"0","paginas":"256","subtitulo":"","orden":"999","portada":"0","idioma":"spa","editorial":[{"ID":148863,"post_author":"3","post_date":"2022-10-14 12:01:34","post_date_gmt":"2022-10-14 10:01:34","post_content":"","post_title":"TEMAS DE HOY","post_excerpt":"","post_status":"publish","comment_status":"closed","ping_status":"closed","post_password":"","post_name":"temas-de-hoy","to_ping":"","pinged":"","post_modified":"2022-10-14 12:01:34","post_modified_gmt":"2022-10-14 10:01:34","post_content_filtered":"","post_parent":0,"guid":"http:\/\/dev.claret.cat\/editorial\/temas-de-hoy\/","menu_order":0,"post_type":"editorial","post_mime_type":"","comment_count":"0","filter":"raw"}],"autores-libros":[{"ID":171349,"post_author":"3","post_date":"2022-10-14 22:42:41","post_date_gmt":"2022-10-14 20:42:41","post_content":"","post_title":"WILLYREX","post_excerpt":"","post_status":"publish","comment_status":"closed","ping_status":"closed","post_password":"","post_name":"willyrex","to_ping":"","pinged":"","post_modified":"2022-10-14 22:42:41","post_modified_gmt":"2022-10-14 20:42:41","post_content_filtered":"","post_parent":0,"guid":"http:\/\/dev.claret.cat\/autor\/willyrex\/","menu_order":0,"post_type":"autor","post_mime_type":"","comment_count":"0","filter":"raw"},{"ID":170859,"post_author":"3","post_date":"2022-10-14 22:38:44","post_date_gmt":"2022-10-14 20:38:44","post_content":"","post_title":"VEGETTA777","post_excerpt":"","post_status":"publish","comment_status":"closed","ping_status":"closed","post_password":"","post_name":"vegetta777","to_ping":"","pinged":"","post_modified":"2022-10-14 22:38:44","post_modified_gmt":"2022-10-14 20:38:44","post_content_filtered":"","post_parent":0,"guid":"http:\/\/dev.claret.cat\/autor\/vegetta777\/","menu_order":0,"post_type":"autor","post_mime_type":"","comment_count":"0","filter":"raw"}]},"aioseo_notices":[],"_links":{"self":[{"href":"https:\/\/www.claret.cat\/es\/wp-json\/wp\/v2\/product\/243415","targetHints":{"allow":["GET"]}}],"collection":[{"href":"https:\/\/www.claret.cat\/es\/wp-json\/wp\/v2\/product"}],"about":[{"href":"https:\/\/www.claret.cat\/es\/wp-json\/wp\/v2\/types\/product"}],"wp:featuredmedia":[{"embeddable":true,"href":"https:\/\/www.claret.cat\/es\/wp-json\/wp\/v2\/media\/243416"}],"wp:attachment":[{"href":"https:\/\/www.claret.cat\/es\/wp-json\/wp\/v2\/media?parent=243415"}],"wp:term":[{"taxonomy":"product_brand","embeddable":true,"href":"https:\/\/www.claret.cat\/es\/wp-json\/wp\/v2\/product_brand?post=243415"},{"taxonomy":"product_cat","embeddable":true,"href":"https:\/\/www.claret.cat\/es\/wp-json\/wp\/v2\/product_cat?post=243415"},{"taxonomy":"product_tag","embeddable":true,"href":"https:\/\/www.claret.cat\/es\/wp-json\/wp\/v2\/product_tag?post=243415"}],"curies":[{"name":"wp","href":"https:\/\/api.w.org\/{rel}","templated":true}]}}