{"id":243418,"date":"2022-10-21T01:19:07","date_gmt":"2022-10-20T23:19:07","guid":{"rendered":"http:\/\/dev.claret.cat\/producte\/yo-aqui-ahora\/"},"modified":"2023-01-28T13:52:33","modified_gmt":"2023-01-28T12:52:33","slug":"yo-aqui-ahora-9788449331718","status":"publish","type":"product","link":"https:\/\/www.claret.cat\/es\/libro\/yo-aqui-ahora-9788449331718\/","title":{"rendered":"YO, AQU\u00cd AHORA"},"content":{"rendered":"<p>El mindfulness es una pr\u00e1ctica sencilla y muy eficaz para mejorar el di\u00e1logo con nosotros mismos y nuestro entorno. Se basa en el ejercicio de prestar atenci\u00f3n a lo que sucede \u00abaqu\u00ed y ahora\u00bb, y es \u00fatil para controlar e interrumpir el h\u00e1bito de dar vueltas sobre las cosas y los pensamientos, que es lo que a menudo genera m\u00e1s estr\u00e9s en la vida cotidiana. \u00a1An\u00edmate a disfrutar el presente de forma divertida y creativa!<\/p>\n","protected":false},"excerpt":{"rendered":"<p>THE MINDFULNESS PROJECT<\/p>\n","protected":false},"featured_media":243419,"template":"","meta":{"_acf_changed":false,"om_disable_all_campaigns":false,"rs_blank_template":"","rs_page_bg_color":"","slide_template_v7":"","inline_featured_image":false,"_monsterinsights_skip_tracking":false,"_monsterinsights_sitenote_active":false,"_monsterinsights_sitenote_note":"","_monsterinsights_sitenote_category":0},"product_brand":[],"product_cat":[16],"product_tag":[],"class_list":{"0":"post-243418","1":"product","2":"type-product","3":"status-publish","4":"has-post-thumbnail","6":"product_cat-sense-categoria","8":"first","9":"instock","10":"taxable","11":"shipping-taxable","12":"purchasable","13":"product-type-simple"},"acf":{"autor":"THE MINDFULNESS PROJECT","codart":"8449331718","libros-coleccion":"","ediciones":"1","encuadernacion":"R\u00fastica","fecha_de_publicacion":"24\/11\/2015","novedad":"0","paginas":"192","subtitulo":"ACTIVIDADES CREATIVAS Y SORPRENDENTES PARA TU D\u00cdA A D\u00cdA","orden":"999","portada":"0","idioma":"spa"},"aioseo_notices":[],"_links":{"self":[{"href":"https:\/\/www.claret.cat\/es\/wp-json\/wp\/v2\/product\/243418","targetHints":{"allow":["GET"]}}],"collection":[{"href":"https:\/\/www.claret.cat\/es\/wp-json\/wp\/v2\/product"}],"about":[{"href":"https:\/\/www.claret.cat\/es\/wp-json\/wp\/v2\/types\/product"}],"wp:featuredmedia":[{"embeddable":true,"href":"https:\/\/www.claret.cat\/es\/wp-json\/wp\/v2\/media\/243419"}],"wp:attachment":[{"href":"https:\/\/www.claret.cat\/es\/wp-json\/wp\/v2\/media?parent=243418"}],"wp:term":[{"taxonomy":"product_brand","embeddable":true,"href":"https:\/\/www.claret.cat\/es\/wp-json\/wp\/v2\/product_brand?post=243418"},{"taxonomy":"product_cat","embeddable":true,"href":"https:\/\/www.claret.cat\/es\/wp-json\/wp\/v2\/product_cat?post=243418"},{"taxonomy":"product_tag","embeddable":true,"href":"https:\/\/www.claret.cat\/es\/wp-json\/wp\/v2\/product_tag?post=243418"}],"curies":[{"name":"wp","href":"https:\/\/api.w.org\/{rel}","templated":true}]}}