{"id":243458,"date":"2022-10-21T01:20:02","date_gmt":"2022-10-20T23:20:02","guid":{"rendered":"http:\/\/dev.claret.cat\/producte\/la-ventafocs-9\/"},"modified":"2024-05-22T16:22:08","modified_gmt":"2024-05-22T14:22:08","slug":"la-ventafocs-9788498837926","status":"publish","type":"product","link":"https:\/\/www.claret.cat\/es\/libro\/la-ventafocs-9788498837926\/","title":{"rendered":"LA VENTAFOCS"},"content":{"rendered":"<p>La ventafocs, \u00e9s un conte originari de la xina i forma part de la cultura popular de molts pa\u00efsos.<\/p>\n<p>El text, escrit amb lletra de pal, \u00e9s curt i rimat. Ajudem aix\u00ed els infants a entrar en el m\u00f3n de la poesia i alhora, com que el conte \u00e9s f\u00e0cil de recordar, exercitem la mem\u00f2ria.<\/p>\n<p>Els dibuixos, amb un toc d&#8217;humor, faciliten la comprensi\u00f3 lectora.<\/p>\n<p>La col\u00b7lecci\u00f3: els contes de sempre adaptats per als primers lectors i per als que encara no llegeixen.<\/p>\n","protected":false},"excerpt":{"rendered":"<p>DESCLOT, MIQUEL; CANALS, MERC\u00c8<\/p>\n","protected":false},"featured_media":368829,"template":"","meta":{"_acf_changed":false,"om_disable_all_campaigns":false,"rs_blank_template":"","rs_page_bg_color":"","slide_template_v7":"","inline_featured_image":false,"_monsterinsights_skip_tracking":false,"_monsterinsights_sitenote_active":false,"_monsterinsights_sitenote_note":"","_monsterinsights_sitenote_category":0},"product_brand":[],"product_cat":[90,540],"product_tag":[],"class_list":{"0":"post-243458","1":"product","2":"type-product","3":"status-publish","4":"has-post-thumbnail","6":"product_cat-altres","7":"product_cat-otros","9":"first","10":"instock","11":"taxable","12":"shipping-taxable","13":"purchasable","14":"product-type-simple"},"acf":{"autor":"DESCLOT, MIQUEL; CANALS, MERC\u00c8","codart":"849883792","libros-coleccion":"","ediciones":"1","encuadernacion":"R\u00fastica","fecha_de_publicacion":"24\/11\/2015","novedad":"0","paginas":"24","subtitulo":"","orden":"999","portada":"0","idioma":"cat","editorial":[{"ID":8266,"post_author":"3","post_date":"2022-09-30 09:21:36","post_date_gmt":"2022-09-30 07:21:36","post_content":"","post_title":"PUBLICACIONS DE L'ABADIA DE MONTSERRAT","post_excerpt":"","post_status":"publish","comment_status":"closed","ping_status":"closed","post_password":"","post_name":"publicacions-de-labadia-de-montserrat-5","to_ping":"","pinged":"","post_modified":"2022-09-30 09:21:36","post_modified_gmt":"2022-09-30 07:21:36","post_content_filtered":"","post_parent":0,"guid":"http:\/\/dev.claret.cat\/editorial\/publicacions-de-labadia-de-montserrat-5\/","menu_order":0,"post_type":"editorial","post_mime_type":"","comment_count":"0","filter":"raw"}],"autores-libros":[{"ID":165148,"post_author":"3","post_date":"2022-10-14 17:52:48","post_date_gmt":"2022-10-14 15:52:48","post_content":"","post_title":"MIQUEL DESCLOT","post_excerpt":"","post_status":"publish","comment_status":"closed","ping_status":"closed","post_password":"","post_name":"miquel-desclot","to_ping":"","pinged":"","post_modified":"2022-10-14 17:52:48","post_modified_gmt":"2022-10-14 15:52:48","post_content_filtered":"","post_parent":0,"guid":"http:\/\/dev.claret.cat\/autor\/miquel-desclot\/","menu_order":0,"post_type":"autor","post_mime_type":"","comment_count":"0","filter":"raw"},{"ID":323502,"post_author":"3","post_date":"2023-01-03 05:38:48","post_date_gmt":"2023-01-03 04:38:48","post_content":"","post_title":"MERCE CANALS","post_excerpt":"","post_status":"publish","comment_status":"closed","ping_status":"closed","post_password":"","post_name":"merce-canals-2","to_ping":"","pinged":"","post_modified":"2023-01-03 05:38:48","post_modified_gmt":"2023-01-03 04:38:48","post_content_filtered":"","post_parent":0,"guid":"https:\/\/www.claret.cat\/autor\/merce-canals-2\/","menu_order":0,"post_type":"autor","post_mime_type":"","comment_count":"0","filter":"raw"}]},"aioseo_notices":[],"_links":{"self":[{"href":"https:\/\/www.claret.cat\/es\/wp-json\/wp\/v2\/product\/243458","targetHints":{"allow":["GET"]}}],"collection":[{"href":"https:\/\/www.claret.cat\/es\/wp-json\/wp\/v2\/product"}],"about":[{"href":"https:\/\/www.claret.cat\/es\/wp-json\/wp\/v2\/types\/product"}],"wp:featuredmedia":[{"embeddable":true,"href":"https:\/\/www.claret.cat\/es\/wp-json\/wp\/v2\/media\/368829"}],"wp:attachment":[{"href":"https:\/\/www.claret.cat\/es\/wp-json\/wp\/v2\/media?parent=243458"}],"wp:term":[{"taxonomy":"product_brand","embeddable":true,"href":"https:\/\/www.claret.cat\/es\/wp-json\/wp\/v2\/product_brand?post=243458"},{"taxonomy":"product_cat","embeddable":true,"href":"https:\/\/www.claret.cat\/es\/wp-json\/wp\/v2\/product_cat?post=243458"},{"taxonomy":"product_tag","embeddable":true,"href":"https:\/\/www.claret.cat\/es\/wp-json\/wp\/v2\/product_tag?post=243458"}],"curies":[{"name":"wp","href":"https:\/\/api.w.org\/{rel}","templated":true}]}}