{"id":243485,"date":"2022-10-21T01:20:39","date_gmt":"2022-10-20T23:20:39","guid":{"rendered":"http:\/\/dev.claret.cat\/producte\/el-dios-de-la-alegria-y-el-problema-del-dolor\/"},"modified":"2025-01-04T11:45:10","modified_gmt":"2025-01-04T10:45:10","slug":"el-dios-de-la-alegria-y-el-problema-del-dolor-9788432145797","status":"publish","type":"product","link":"https:\/\/www.claret.cat\/es\/libro\/el-dios-de-la-alegria-y-el-problema-del-dolor-9788432145797\/","title":{"rendered":"EL DIOS DE LA ALEGR\u00cdA Y EL PROBLEMA DEL DOLOR"},"content":{"rendered":"<p>Hay quien dice que Dios permite el dolor. Otros dicen que es un castigo. Incluso algunos defienden que es un regalo de Dios. \u00bfQu\u00e9 explicaci\u00f3n ofrece la fe cat\u00f3lica?<\/p>\n","protected":false},"excerpt":{"rendered":"<p>ORDEIG, JORGE<\/p>\n","protected":false},"featured_media":343314,"template":"","meta":{"_acf_changed":false,"om_disable_all_campaigns":false,"rs_blank_template":"","rs_page_bg_color":"","slide_template_v7":"","inline_featured_image":false,"_monsterinsights_skip_tracking":false,"_monsterinsights_sitenote_active":false,"_monsterinsights_sitenote_note":"","_monsterinsights_sitenote_category":0},"product_brand":[],"product_cat":[401,260],"product_tag":[],"class_list":{"0":"post-243485","1":"product","2":"type-product","3":"status-publish","4":"has-post-thumbnail","6":"product_cat-de-la-salud","7":"product_cat-de-la-salut","9":"first","10":"instock","11":"taxable","12":"shipping-taxable","13":"purchasable","14":"product-type-simple"},"acf":{"autor":"ORDEIG, JORGE","codart":"843214579","libros-coleccion":"","ediciones":"1","encuadernacion":"R\u00fastica","fecha_de_publicacion":"20\/11\/2015","novedad":"0","paginas":"126","subtitulo":"","orden":"999","portada":"0","idioma":"spa","editorial":[{"ID":6348,"post_author":"3","post_date":"2022-07-28 17:50:16","post_date_gmt":"2022-07-28 15:50:16","post_content":"","post_title":"Rialp","post_excerpt":"","post_status":"publish","comment_status":"closed","ping_status":"closed","post_password":"","post_name":"rialp","to_ping":"","pinged":"","post_modified":"2022-07-28 17:50:16","post_modified_gmt":"2022-07-28 15:50:16","post_content_filtered":"","post_parent":0,"guid":"http:\/\/dev.claret.cat\/editorial\/rialp\/","menu_order":0,"post_type":"editorial","post_mime_type":"","comment_count":"0","filter":"raw"}],"autores-libros":[{"ID":160097,"post_author":"3","post_date":"2022-10-14 15:50:16","post_date_gmt":"2022-10-14 13:50:16","post_content":"","post_title":"JORGE ORDEIG","post_excerpt":"","post_status":"publish","comment_status":"closed","ping_status":"closed","post_password":"","post_name":"jorge-ordeig","to_ping":"","pinged":"","post_modified":"2022-10-14 15:50:16","post_modified_gmt":"2022-10-14 13:50:16","post_content_filtered":"","post_parent":0,"guid":"http:\/\/dev.claret.cat\/autor\/jorge-ordeig\/","menu_order":0,"post_type":"autor","post_mime_type":"","comment_count":"0","filter":"raw"}]},"aioseo_notices":[],"_links":{"self":[{"href":"https:\/\/www.claret.cat\/es\/wp-json\/wp\/v2\/product\/243485","targetHints":{"allow":["GET"]}}],"collection":[{"href":"https:\/\/www.claret.cat\/es\/wp-json\/wp\/v2\/product"}],"about":[{"href":"https:\/\/www.claret.cat\/es\/wp-json\/wp\/v2\/types\/product"}],"wp:featuredmedia":[{"embeddable":true,"href":"https:\/\/www.claret.cat\/es\/wp-json\/wp\/v2\/media\/343314"}],"wp:attachment":[{"href":"https:\/\/www.claret.cat\/es\/wp-json\/wp\/v2\/media?parent=243485"}],"wp:term":[{"taxonomy":"product_brand","embeddable":true,"href":"https:\/\/www.claret.cat\/es\/wp-json\/wp\/v2\/product_brand?post=243485"},{"taxonomy":"product_cat","embeddable":true,"href":"https:\/\/www.claret.cat\/es\/wp-json\/wp\/v2\/product_cat?post=243485"},{"taxonomy":"product_tag","embeddable":true,"href":"https:\/\/www.claret.cat\/es\/wp-json\/wp\/v2\/product_tag?post=243485"}],"curies":[{"name":"wp","href":"https:\/\/api.w.org\/{rel}","templated":true}]}}