{"id":243536,"date":"2022-10-21T01:21:54","date_gmt":"2022-10-20T23:21:54","guid":{"rendered":"http:\/\/dev.claret.cat\/producte\/la-societat-del-cansament\/"},"modified":"2026-04-14T17:50:12","modified_gmt":"2026-04-14T15:50:12","slug":"la-societat-del-cansament-9788425436758","status":"publish","type":"product","link":"https:\/\/www.claret.cat\/es\/libro\/la-societat-del-cansament-9788425436758\/","title":{"rendered":"LA SOCIETAT DEL CANSAMENT"},"content":{"rendered":"<p>Byung-Chul Han, una de les veus m\u00e9s innovadores que ha sorgit a Alemanya darrerament, afirma en aquest inesperat best seller que la societat occidental est\u00e0 patint un silenci\u00f3s canvi de paradigma: l&#8217;exc\u00e9s de positivitat est\u00e0 conduint a una societat del cansament.<\/p>\n<p>Segons l&#8217;autor, tota \u00e8poca t\u00e9 les seves malalties emblem\u00e0tiques. \u00c9s aix\u00ed com hi ha una \u00e8poca bacterial que arriba a la seva fi amb la invenci\u00f3 de l&#8217;antibi\u00f2tic. Malgrat la por manifesta a la pand\u00e8mia gripal, actualment no vivim a l&#8217;\u00e8poca viral. L&#8217;hem deixat enrere gr\u00e0cies a la t\u00e8cnica immunol\u00f2gica. L&#8217;inici del segle XXI, des d&#8217;un punt de vista patol\u00f2gic, no seria ni bacterial ni viral, sin\u00f3 neuronal. La depressi\u00f3, el trastorn per d\u00e8ficit d&#8217;atenci\u00f3 amb hiperactivitat (TDAH), el trastorn l\u00edmit de la personalitat (TLP) o el s\u00edndrome de desgast ocupacional (SDO) defineixen el panorama dels inicis d&#8217;aquest segle. Aquestes malalties no s\u00f3n infeccions, sin\u00f3 estats patol\u00f2gics que segueixen al seu torn una dial\u00e8ctica, per\u00f2 no una dial\u00e8ctica de la negativitat, sin\u00f3 de la positivitat, fins al punt que se&#8217;ls hauria d&#8217;atribuir un exc\u00e9s d&#8217;aquesta.<\/p>\n","protected":false},"excerpt":{"rendered":"<p>HAN, BYUNG &#8211; CHUL<\/p>\n","protected":false},"featured_media":331364,"template":"","meta":{"_acf_changed":false,"om_disable_all_campaigns":false,"rs_blank_template":"","rs_page_bg_color":"","slide_template_v7":"","inline_featured_image":false,"_monsterinsights_skip_tracking":false,"_monsterinsights_sitenote_active":false,"_monsterinsights_sitenote_note":"","_monsterinsights_sitenote_category":0},"product_brand":[],"product_cat":[434,159],"product_tag":[],"class_list":{"0":"post-243536","1":"product","2":"type-product","3":"status-publish","4":"has-post-thumbnail","6":"product_cat-autores-sociologia-2_humanidades","7":"product_cat-autors","9":"first","10":"instock","11":"taxable","12":"shipping-taxable","13":"purchasable","14":"product-type-simple"},"acf":{"autor":"HAN, BYUNG - CHUL","codart":"842543675","libros-coleccion":"","ediciones":"1","encuadernacion":"R\u00fastica","fecha_de_publicacion":"19\/11\/2015","novedad":"0","paginas":"72","subtitulo":"","orden":"999","portada":"0","idioma":"cat","editorial":[{"ID":6266,"post_author":"3","post_date":"2022-07-28 17:48:31","post_date_gmt":"2022-07-28 15:48:31","post_content":"","post_title":"HERDER","post_excerpt":"","post_status":"publish","comment_status":"closed","ping_status":"closed","post_password":"","post_name":"herder","to_ping":"","pinged":"","post_modified":"2022-07-28 17:48:31","post_modified_gmt":"2022-07-28 15:48:31","post_content_filtered":"","post_parent":0,"guid":"http:\/\/dev.claret.cat\/editorial\/herder\/","menu_order":0,"post_type":"editorial","post_mime_type":"","comment_count":"0","filter":"raw"}],"autores-libros":[{"ID":151972,"post_author":"3","post_date":"2022-10-14 14:45:06","post_date_gmt":"2022-10-14 12:45:06","post_content":"","post_title":"BYUNG - CHUL HAN","post_excerpt":"","post_status":"publish","comment_status":"closed","ping_status":"closed","post_password":"","post_name":"byung-chul-han","to_ping":"","pinged":"","post_modified":"2022-10-14 14:45:06","post_modified_gmt":"2022-10-14 12:45:06","post_content_filtered":"","post_parent":0,"guid":"http:\/\/dev.claret.cat\/autor\/byung-chul-han\/","menu_order":0,"post_type":"autor","post_mime_type":"","comment_count":"0","filter":"raw"}],"booktrailer":"","resenas":""},"aioseo_notices":[],"_links":{"self":[{"href":"https:\/\/www.claret.cat\/es\/wp-json\/wp\/v2\/product\/243536","targetHints":{"allow":["GET"]}}],"collection":[{"href":"https:\/\/www.claret.cat\/es\/wp-json\/wp\/v2\/product"}],"about":[{"href":"https:\/\/www.claret.cat\/es\/wp-json\/wp\/v2\/types\/product"}],"wp:featuredmedia":[{"embeddable":true,"href":"https:\/\/www.claret.cat\/es\/wp-json\/wp\/v2\/media\/331364"}],"wp:attachment":[{"href":"https:\/\/www.claret.cat\/es\/wp-json\/wp\/v2\/media?parent=243536"}],"wp:term":[{"taxonomy":"product_brand","embeddable":true,"href":"https:\/\/www.claret.cat\/es\/wp-json\/wp\/v2\/product_brand?post=243536"},{"taxonomy":"product_cat","embeddable":true,"href":"https:\/\/www.claret.cat\/es\/wp-json\/wp\/v2\/product_cat?post=243536"},{"taxonomy":"product_tag","embeddable":true,"href":"https:\/\/www.claret.cat\/es\/wp-json\/wp\/v2\/product_tag?post=243536"}],"curies":[{"name":"wp","href":"https:\/\/api.w.org\/{rel}","templated":true}]}}