{"id":243539,"date":"2022-10-21T01:21:59","date_gmt":"2022-10-20T23:21:59","guid":{"rendered":"http:\/\/dev.claret.cat\/producte\/la-societat-de-la-transparencia\/"},"modified":"2026-01-28T12:06:11","modified_gmt":"2026-01-28T11:06:11","slug":"la-societat-de-la-transparencia-9788425436789","status":"publish","type":"product","link":"https:\/\/www.claret.cat\/es\/libro\/la-societat-de-la-transparencia-9788425436789\/","title":{"rendered":"LA SOCIETAT DE LA TRANSPAR\u00c8NCIA"},"content":{"rendered":"<p>Cap altra consigna domina avui tant el discurs p\u00fablic com la transpar\u00e8ncia. Segons Han, qui en fa esment nom\u00e9s per referir-se a la corrupci\u00f3 i a la llibertat d&#8217;informaci\u00f3, desconeix la seva envergadura. Aquesta es manifesta quan ha desaparegut la confian\u00e7a i la societat aposta per la vigil\u00e0ncia i el control. Es tracta d&#8217;una coacci\u00f3 sist\u00e8mica, d&#8217;un imperatiu econ\u00f2mic, no moral o biopol\u00edtic. Les coses esdevenen transparents quan s&#8217;expressen en la dimensi\u00f3 del preu i es desposseeixen de la seva singularitat. La societat de la transpar\u00e8ncia \u00e9s un infern d&#8217;all\u00f2 igual. <\/p>\n<p>Google i les xarxes socials, que es presenten com espais de llibertat, han esdevingut un gran pan\u00f2ptic, la pres\u00f3 imaginada per Bentham al segle XVIII, on el vigilant pot observar d&#8217;amagat a tots els presoners. El client transparent \u00e9s el nou habitant d&#8217;aquest pan\u00f2ptic digital, on no existeix cap comunitat sin\u00f3 acumulacions d&#8217;Egos incapa\u00e7os d&#8217;una acci\u00f3 com\u00fa, pol\u00edtica, d&#8217;un nosaltres. Els consumidors ja no constitueixen cap enfora que q\u00fcestioni l&#8217;interior sist\u00e8mic. La vigil\u00e0ncia no es realitza com un atac a la llibertat. M\u00e9s aviat, cadasc\u00fa s&#8217;entrega de forma volunt\u00e0ria, despullant-se i exposant-se, a la mirada pan\u00f2ptica. L&#8217;habitant del pan\u00f2ptic digital \u00e9s v\u00edctima i actor al mateix temps.<\/p>\n","protected":false},"excerpt":{"rendered":"<p>HAN, BYUNG &#8211; CHUL<\/p>\n","protected":false},"featured_media":331366,"template":"","meta":{"_acf_changed":false,"om_disable_all_campaigns":false,"rs_blank_template":"","rs_page_bg_color":"","slide_template_v7":"","inline_featured_image":false,"_monsterinsights_skip_tracking":false,"_monsterinsights_sitenote_active":false,"_monsterinsights_sitenote_note":"","_monsterinsights_sitenote_category":0},"product_brand":[],"product_cat":[90,540],"product_tag":[],"class_list":{"0":"post-243539","1":"product","2":"type-product","3":"status-publish","4":"has-post-thumbnail","6":"product_cat-altres","7":"product_cat-otros","9":"first","10":"instock","11":"taxable","12":"shipping-taxable","13":"purchasable","14":"product-type-simple"},"acf":{"autor":"HAN, BYUNG - CHUL","codart":"842543678","libros-coleccion":"","ediciones":"1","encuadernacion":"R\u00fastica","fecha_de_publicacion":"19\/11\/2015","novedad":"0","paginas":"88","subtitulo":"","orden":"999","portada":"0","idioma":"cat","editorial":[{"ID":6266,"post_author":"3","post_date":"2022-07-28 17:48:31","post_date_gmt":"2022-07-28 15:48:31","post_content":"","post_title":"HERDER","post_excerpt":"","post_status":"publish","comment_status":"closed","ping_status":"closed","post_password":"","post_name":"herder","to_ping":"","pinged":"","post_modified":"2022-07-28 17:48:31","post_modified_gmt":"2022-07-28 15:48:31","post_content_filtered":"","post_parent":0,"guid":"http:\/\/dev.claret.cat\/editorial\/herder\/","menu_order":0,"post_type":"editorial","post_mime_type":"","comment_count":"0","filter":"raw"}],"autores-libros":[{"ID":151972,"post_author":"3","post_date":"2022-10-14 14:45:06","post_date_gmt":"2022-10-14 12:45:06","post_content":"","post_title":"BYUNG - CHUL HAN","post_excerpt":"","post_status":"publish","comment_status":"closed","ping_status":"closed","post_password":"","post_name":"byung-chul-han","to_ping":"","pinged":"","post_modified":"2022-10-14 14:45:06","post_modified_gmt":"2022-10-14 12:45:06","post_content_filtered":"","post_parent":0,"guid":"http:\/\/dev.claret.cat\/autor\/byung-chul-han\/","menu_order":0,"post_type":"autor","post_mime_type":"","comment_count":"0","filter":"raw"}],"booktrailer":"","resenas":""},"aioseo_notices":[],"_links":{"self":[{"href":"https:\/\/www.claret.cat\/es\/wp-json\/wp\/v2\/product\/243539","targetHints":{"allow":["GET"]}}],"collection":[{"href":"https:\/\/www.claret.cat\/es\/wp-json\/wp\/v2\/product"}],"about":[{"href":"https:\/\/www.claret.cat\/es\/wp-json\/wp\/v2\/types\/product"}],"wp:featuredmedia":[{"embeddable":true,"href":"https:\/\/www.claret.cat\/es\/wp-json\/wp\/v2\/media\/331366"}],"wp:attachment":[{"href":"https:\/\/www.claret.cat\/es\/wp-json\/wp\/v2\/media?parent=243539"}],"wp:term":[{"taxonomy":"product_brand","embeddable":true,"href":"https:\/\/www.claret.cat\/es\/wp-json\/wp\/v2\/product_brand?post=243539"},{"taxonomy":"product_cat","embeddable":true,"href":"https:\/\/www.claret.cat\/es\/wp-json\/wp\/v2\/product_cat?post=243539"},{"taxonomy":"product_tag","embeddable":true,"href":"https:\/\/www.claret.cat\/es\/wp-json\/wp\/v2\/product_tag?post=243539"}],"curies":[{"name":"wp","href":"https:\/\/api.w.org\/{rel}","templated":true}]}}