{"id":243676,"date":"2022-10-21T01:25:25","date_gmt":"2022-10-20T23:25:25","guid":{"rendered":"http:\/\/dev.claret.cat\/producte\/prega-rock-33-cancons-amb-valors\/"},"modified":"2025-08-29T10:16:08","modified_gmt":"2025-08-29T08:16:08","slug":"prega-rock-33-cancons-amb-valors-9788498469486","status":"publish","type":"product","link":"https:\/\/www.claret.cat\/es\/libro\/prega-rock-33-cancons-amb-valors-9788498469486\/","title":{"rendered":"PREGA &#8211; ROCK. 33 CAN\u00c7ONS AMB VALORS"},"content":{"rendered":"<p>Prega-Rock \u00e9s una iniciativa pastoral desenvolupada des de la Companyia de Jes\u00fas al portal pregaria.cat que posa en di\u00e0leg la can\u00e7\u00f3 popular contempor\u00e0nia amb el transcendent, especialment des de l\u2019espiritualitat cristiana. Com a resultat del seu llarg recorregut, el Prega-Rock ha aparegut en diversos mitjans de comunicaci\u00f3, va propiciar l\u2019aparici\u00f3 de la publicaci\u00f3 Prega-Rock! M\u00fasica popular contempor\u00e0nia i educaci\u00f3 en el Transcendent (Quaderns EIDES, 2007) i ha estat present en diversos tallers i cursos formatius vinculats a la pastoral amb joves. Aquest llibre presenta un recull i revisi\u00f3 de 33 can\u00e7ons en relaci\u00f3 a diferents valors o temps lit\u00fargics, proposant-se com un recurs escaient dins de l\u2019\u00e0mbit escolar, la catequesi, els grups de revisi\u00f3 de vida o l\u2019educaci\u00f3 en el lleure. La tria de les can\u00e7ons s\u2019ha dut a terme des de la pluralitat d\u2019estils musicals i idiomes, on hi trobarem obres de Bruce Springsteen, U2, Shakira, Pink Floyd, Els Pets, Manel, Amaral o Bob Dylan entre d\u2019altres.<\/p>\n","protected":false},"excerpt":{"rendered":"<p>ARAN SALA, ELOI<\/p>\n","protected":false},"featured_media":1049072,"template":"","meta":{"_acf_changed":false,"om_disable_all_campaigns":false,"rs_blank_template":"","rs_page_bg_color":"","slide_template_v7":"","inline_featured_image":false,"_monsterinsights_skip_tracking":false,"_monsterinsights_sitenote_active":false,"_monsterinsights_sitenote_note":"","_monsterinsights_sitenote_category":0},"product_brand":[],"product_cat":[485,232,549,99,581],"product_tag":[],"class_list":{"0":"post-243676","1":"product","2":"type-product","3":"status-publish","4":"has-post-thumbnail","6":"product_cat-autores-espiritualidad-1_espiritualidad","7":"product_cat-autors-espiritualitat","8":"product_cat-biografias","9":"product_cat-biografies","10":"product_cat-editorial-claret","12":"first","13":"instock","14":"taxable","15":"shipping-taxable","16":"purchasable","17":"product-type-simple"},"acf":{"autor":"ARAN SALA, ELOI","codart":"849846948","libros-coleccion":"","ediciones":"1","encuadernacion":"R\u00fastica","fecha_de_publicacion":"11\/11\/2015","novedad":"0","paginas":"178","subtitulo":"33 CAN\u00c7ONS AMB VALORS","orden":"10","portada":"0","idioma":"cat","editorial":[{"ID":6158,"post_author":"3","post_date":"2022-07-28 17:46:08","post_date_gmt":"2022-07-28 15:46:08","post_content":"","post_title":"CLARET","post_excerpt":"","post_status":"publish","comment_status":"closed","ping_status":"closed","post_password":"","post_name":"claret","to_ping":"","pinged":"","post_modified":"2022-07-28 17:46:08","post_modified_gmt":"2022-07-28 15:46:08","post_content_filtered":"","post_parent":0,"guid":"http:\/\/dev.claret.cat\/editorial\/claret\/","menu_order":0,"post_type":"editorial","post_mime_type":"","comment_count":"0","filter":"raw"}],"autores-libros":[{"ID":5441,"post_author":"3","post_date":"2022-07-28 17:24:01","post_date_gmt":"2022-07-28 15:24:01","post_content":"","post_title":"ELOI ARAN SALA","post_excerpt":"","post_status":"publish","comment_status":"closed","ping_status":"closed","post_password":"","post_name":"eloi-aran-sala","to_ping":"","pinged":"","post_modified":"2022-07-28 17:24:01","post_modified_gmt":"2022-07-28 15:24:01","post_content_filtered":"","post_parent":0,"guid":"http:\/\/dev.claret.cat\/autor\/eloi-aran-sala\/","menu_order":0,"post_type":"autor","post_mime_type":"","comment_count":"0","filter":"raw"}],"booktrailer":"","resenas":""},"aioseo_notices":[],"_links":{"self":[{"href":"https:\/\/www.claret.cat\/es\/wp-json\/wp\/v2\/product\/243676","targetHints":{"allow":["GET"]}}],"collection":[{"href":"https:\/\/www.claret.cat\/es\/wp-json\/wp\/v2\/product"}],"about":[{"href":"https:\/\/www.claret.cat\/es\/wp-json\/wp\/v2\/types\/product"}],"wp:featuredmedia":[{"embeddable":true,"href":"https:\/\/www.claret.cat\/es\/wp-json\/wp\/v2\/media\/1049072"}],"wp:attachment":[{"href":"https:\/\/www.claret.cat\/es\/wp-json\/wp\/v2\/media?parent=243676"}],"wp:term":[{"taxonomy":"product_brand","embeddable":true,"href":"https:\/\/www.claret.cat\/es\/wp-json\/wp\/v2\/product_brand?post=243676"},{"taxonomy":"product_cat","embeddable":true,"href":"https:\/\/www.claret.cat\/es\/wp-json\/wp\/v2\/product_cat?post=243676"},{"taxonomy":"product_tag","embeddable":true,"href":"https:\/\/www.claret.cat\/es\/wp-json\/wp\/v2\/product_tag?post=243676"}],"curies":[{"name":"wp","href":"https:\/\/api.w.org\/{rel}","templated":true}]}}