{"id":243746,"date":"2022-10-21T01:27:09","date_gmt":"2022-10-20T23:27:09","guid":{"rendered":"http:\/\/dev.claret.cat\/producte\/avaricia-2\/"},"modified":"2023-01-28T00:03:19","modified_gmt":"2023-01-27T23:03:19","slug":"avaricia-9788423350032","status":"publish","type":"product","link":"https:\/\/www.claret.cat\/es\/libro\/avaricia-9788423350032\/","title":{"rendered":"AVARICIA"},"content":{"rendered":"<p>En el segundo volumen de la colecci\u00f3n Los pecados capitales de la historia de Espa\u00f1a,\u00a0Juan Eslava Gal\u00e1n recoge an\u00e9cdotas y datos curiosos alrededor del pecado de la avaricia,\u00a0siempre con un tono divulgativo y ameno. Los episodios van desde las historias de\u00a0los bandoleros m\u00e1s famosos del siglo XIX y el chantaje de las cartas de amor de Alfonso\u00a0XII; pasando por el esc\u00e1ndalo de Straus y Perlo o el trabajo de los presos pol\u00edticos en el\u00a0Valle de los Ca\u00eddos; hasta los ni\u00f1os robados de la posguerra y el Dioni, que llev\u00f3 a cabo\u00a0el asalto m\u00e1s espectacular de la historia de Espa\u00f1a.Como el primer volumen de la colecci\u00f3n, dedicado al pecado de la lujuria, este nuevo\u00a0tomo incluye ilustraciones y est\u00e1 escrito por el inconfundible, divertido y original Juan\u00a0Eslava Gal\u00e1n, un autor que siempre consigue que sus lectores le lean con una sonrisa\u00a0en los labios.<\/p>\n","protected":false},"excerpt":{"rendered":"<p>ESLAVA GAL\u00c1N, JUAN<\/p>\n","protected":false},"featured_media":243747,"template":"","meta":{"_acf_changed":false,"om_disable_all_campaigns":false,"rs_blank_template":"","rs_page_bg_color":"","slide_template_v7":"","inline_featured_image":false,"_monsterinsights_skip_tracking":false,"_monsterinsights_sitenote_active":false,"_monsterinsights_sitenote_note":"","_monsterinsights_sitenote_category":0},"product_brand":[],"product_cat":[154],"product_tag":[],"class_list":{"0":"post-243746","1":"product","2":"type-product","3":"status-publish","4":"has-post-thumbnail","6":"product_cat-espanaya","8":"first","9":"instock","10":"taxable","11":"shipping-taxable","12":"purchasable","13":"product-type-simple"},"acf":{"autor":"ESLAVA GAL\u00c1N, JUAN","codart":"842335003","libros-coleccion":"","ediciones":"1","encuadernacion":"R\u00fastica","fecha_de_publicacion":"10\/11\/2015","novedad":"0","paginas":"280","subtitulo":"LOS PECADOS CAPITALES DE LA HISTORIA DE ESPA\u00d1A","orden":"999","portada":"0","idioma":"spa","editorial":[{"ID":6182,"post_author":"3","post_date":"2022-07-28 17:46:40","post_date_gmt":"2022-07-28 15:46:40","post_content":"","post_title":"DESTINO, S.L.","post_excerpt":"","post_status":"publish","comment_status":"closed","ping_status":"closed","post_password":"","post_name":"destino-s-l","to_ping":"","pinged":"","post_modified":"2022-07-28 17:46:40","post_modified_gmt":"2022-07-28 15:46:40","post_content_filtered":"","post_parent":0,"guid":"http:\/\/dev.claret.cat\/editorial\/destino-s-l\/","menu_order":0,"post_type":"editorial","post_mime_type":"","comment_count":"0","filter":"raw"}],"autores-libros":[{"ID":161034,"post_author":"3","post_date":"2022-10-14 15:57:52","post_date_gmt":"2022-10-14 13:57:52","post_content":"","post_title":"JUAN ESLAVA GAL\u00c1N","post_excerpt":"","post_status":"publish","comment_status":"closed","ping_status":"closed","post_password":"","post_name":"juan-eslava-galan","to_ping":"","pinged":"","post_modified":"2022-10-14 15:57:52","post_modified_gmt":"2022-10-14 13:57:52","post_content_filtered":"","post_parent":0,"guid":"http:\/\/dev.claret.cat\/autor\/juan-eslava-galan\/","menu_order":0,"post_type":"autor","post_mime_type":"","comment_count":"0","filter":"raw"}]},"aioseo_notices":[],"_links":{"self":[{"href":"https:\/\/www.claret.cat\/es\/wp-json\/wp\/v2\/product\/243746","targetHints":{"allow":["GET"]}}],"collection":[{"href":"https:\/\/www.claret.cat\/es\/wp-json\/wp\/v2\/product"}],"about":[{"href":"https:\/\/www.claret.cat\/es\/wp-json\/wp\/v2\/types\/product"}],"wp:featuredmedia":[{"embeddable":true,"href":"https:\/\/www.claret.cat\/es\/wp-json\/wp\/v2\/media\/243747"}],"wp:attachment":[{"href":"https:\/\/www.claret.cat\/es\/wp-json\/wp\/v2\/media?parent=243746"}],"wp:term":[{"taxonomy":"product_brand","embeddable":true,"href":"https:\/\/www.claret.cat\/es\/wp-json\/wp\/v2\/product_brand?post=243746"},{"taxonomy":"product_cat","embeddable":true,"href":"https:\/\/www.claret.cat\/es\/wp-json\/wp\/v2\/product_cat?post=243746"},{"taxonomy":"product_tag","embeddable":true,"href":"https:\/\/www.claret.cat\/es\/wp-json\/wp\/v2\/product_tag?post=243746"}],"curies":[{"name":"wp","href":"https:\/\/api.w.org\/{rel}","templated":true}]}}