{"id":243906,"date":"2022-10-21T01:31:07","date_gmt":"2022-10-20T23:31:07","guid":{"rendered":"http:\/\/dev.claret.cat\/producte\/los-buscadores-de-tesoros\/"},"modified":"2023-01-28T02:53:40","modified_gmt":"2023-01-28T01:53:40","slug":"los-buscadores-de-tesoros-9788415943389","status":"publish","type":"product","link":"https:\/\/www.claret.cat\/es\/libro\/los-buscadores-de-tesoros-9788415943389\/","title":{"rendered":"LOS BUSCADORES DE TESOROS"},"content":{"rendered":"<p>\u00abLa autora con la que m\u00e1s me identifico es E. Nesbit. Es fabulosa, hizo geniales y graciosas historias de fantas\u00eda. Sus ni\u00f1os son muy reales y fue totalmente innovadora en su tiempo.\u00bb J.K. Rowling<\/p>\n<p> Los seis hermanos Bastable -Dora, Oswald, Dicky, los gemelos Alice y Noel, y Horace Octavius, al que todos llaman H.O.- son hu\u00e9rfanos de madre. Desde hace tiempo saben que las cosas no van bien en casa. Han decidido hacer algo para recuperar la fortuna familiar perdida, y ensayar\u00e1n todos los m\u00e9todos posibles para volver a vivir como antes. Buscar\u00e1n tesoros ocultos, har\u00e1n de detectives, vender\u00e1n los versos que hace Noel, intentar\u00e1n encontrar un Generoso Benefactor, rescatar a un anciano caballero en apuros, vender vino de jerez a comisi\u00f3n, capturar un ladr\u00f3n&#8230; Pero no saben cu\u00e1ntas aventuras les esperan.<\/p>\n<p> Publicado originalmente en 1899, este libro inici\u00f3 la exitosa saga de la familia Bastable, donde se cuentan las historias de Dora, Oswald, Dicky, Alice, Noel y Horace Octavius (H. O.), y sus intentos de ayudar en casa. Tuvo su continuaci\u00f3n con The Wouldbegoods (\u00abLos seremosbuenos\u00bb, 1899) and The New Treasure Seekers (\u00abLos nuevos buscadores de tesoros\u00bb, 1904), que ser\u00e1n publicados en esta misma colecci\u00f3n muy pronto.<\/p>\n<p> \u00ab\u00bfQu\u00e9 libros le\u00eda cuando era ni\u00f1a? Pocos. Una vez encontr\u00e9 uno de E. Nesbit en una biblioteca y ya no dej\u00e9 de buscarlos por todas partes&#8230;\u00bb<br \/> Diana Wynne Jones, autora de El castillo ambulante\u00abEn cuanto a mis libros para ni\u00f1os, los empec\u00e9 en la tradici\u00f3n de E. Nesbit. Sin su \u00abThe Aunt and Amabel\u00bb no hubiera empezado con las tierras de Narnia.\u00bb<br \/> C.S. Lewis<\/p>\n","protected":false},"excerpt":{"rendered":"<p>NESBIT, EDITH<\/p>\n","protected":false},"featured_media":277198,"template":"","meta":{"_acf_changed":false,"om_disable_all_campaigns":false,"rs_blank_template":"","rs_page_bg_color":"","slide_template_v7":"","inline_featured_image":false,"_monsterinsights_skip_tracking":false,"_monsterinsights_sitenote_active":false,"_monsterinsights_sitenote_note":"","_monsterinsights_sitenote_category":0},"product_brand":[],"product_cat":[90,540],"product_tag":[],"class_list":{"0":"post-243906","1":"product","2":"type-product","3":"status-publish","4":"has-post-thumbnail","6":"product_cat-altres","7":"product_cat-otros","9":"first","10":"instock","11":"taxable","12":"shipping-taxable","13":"purchasable","14":"product-type-simple"},"acf":{"autor":"NESBIT, EDITH","codart":"841594338","libros-coleccion":"","ediciones":"1","encuadernacion":"R\u00fastica","fecha_de_publicacion":"01\/11\/2015","novedad":"0","paginas":"208","subtitulo":"","orden":"999","portada":"0","idioma":"spa","autores-libros":[{"ID":154511,"post_author":"3","post_date":"2022-10-14 15:05:23","post_date_gmt":"2022-10-14 13:05:23","post_content":"","post_title":"EDITH NESBIT","post_excerpt":"","post_status":"publish","comment_status":"closed","ping_status":"closed","post_password":"","post_name":"edith-nesbit","to_ping":"","pinged":"","post_modified":"2022-10-14 15:05:23","post_modified_gmt":"2022-10-14 13:05:23","post_content_filtered":"","post_parent":0,"guid":"http:\/\/dev.claret.cat\/autor\/edith-nesbit\/","menu_order":0,"post_type":"autor","post_mime_type":"","comment_count":"0","filter":"raw"}],"editorial":[{"ID":262523,"post_author":"3","post_date":"2022-10-24 11:25:29","post_date_gmt":"2022-10-24 09:25:29","post_content":"","post_title":"TOROMITICO","post_excerpt":"","post_status":"publish","comment_status":"closed","ping_status":"closed","post_password":"","post_name":"toromitico","to_ping":"","pinged":"","post_modified":"2022-10-24 11:25:29","post_modified_gmt":"2022-10-24 09:25:29","post_content_filtered":"","post_parent":0,"guid":"http:\/\/dev.claret.cat\/editorial\/toromitico\/","menu_order":0,"post_type":"editorial","post_mime_type":"","comment_count":"0","filter":"raw"}]},"aioseo_notices":[],"_links":{"self":[{"href":"https:\/\/www.claret.cat\/es\/wp-json\/wp\/v2\/product\/243906","targetHints":{"allow":["GET"]}}],"collection":[{"href":"https:\/\/www.claret.cat\/es\/wp-json\/wp\/v2\/product"}],"about":[{"href":"https:\/\/www.claret.cat\/es\/wp-json\/wp\/v2\/types\/product"}],"wp:featuredmedia":[{"embeddable":true,"href":"https:\/\/www.claret.cat\/es\/wp-json\/wp\/v2\/media\/277198"}],"wp:attachment":[{"href":"https:\/\/www.claret.cat\/es\/wp-json\/wp\/v2\/media?parent=243906"}],"wp:term":[{"taxonomy":"product_brand","embeddable":true,"href":"https:\/\/www.claret.cat\/es\/wp-json\/wp\/v2\/product_brand?post=243906"},{"taxonomy":"product_cat","embeddable":true,"href":"https:\/\/www.claret.cat\/es\/wp-json\/wp\/v2\/product_cat?post=243906"},{"taxonomy":"product_tag","embeddable":true,"href":"https:\/\/www.claret.cat\/es\/wp-json\/wp\/v2\/product_tag?post=243906"}],"curies":[{"name":"wp","href":"https:\/\/api.w.org\/{rel}","templated":true}]}}