{"id":243945,"date":"2022-10-21T01:32:04","date_gmt":"2022-10-20T23:32:04","guid":{"rendered":"http:\/\/dev.claret.cat\/producte\/agatha-mistery-la-casa-dels-misteris\/"},"modified":"2026-01-20T16:58:11","modified_gmt":"2026-01-20T15:58:11","slug":"agatha-mistery-la-casa-dels-misteris-9788424656799","status":"publish","type":"product","link":"https:\/\/www.claret.cat\/es\/libro\/agatha-mistery-la-casa-dels-misteris-9788424656799\/","title":{"rendered":"AGATHA MISTERY: LA CASA DELS MISTERIS"},"content":{"rendered":"<p>Durant una celebraci\u00f3 a Mistery House, els convidats proposen un repte a l&#8221;Agatha i en Larry: cada un d&#8221;ells els plantejar\u00e0 un enigma que han viscut, i els nostres amics hauran de resoldre&#8221;ls tots sense sortir de casa. Per\u00f2, mentre ho fan, passen coses molt estranyes&#8230;&lt;br&gt;&lt;br&gt;<\/p>\n","protected":false},"excerpt":{"rendered":"<p>STEVENSON, SIR STEVE<\/p>\n","protected":false},"featured_media":1075236,"template":"","meta":{"_acf_changed":false,"om_disable_all_campaigns":false,"rs_blank_template":"","rs_page_bg_color":"","slide_template_v7":"","inline_featured_image":false,"_monsterinsights_skip_tracking":false,"_monsterinsights_sitenote_active":false,"_monsterinsights_sitenote_note":"","_monsterinsights_sitenote_category":0},"product_brand":[],"product_cat":[90,540],"product_tag":[],"class_list":{"0":"post-243945","1":"product","2":"type-product","3":"status-publish","4":"has-post-thumbnail","6":"product_cat-altres","7":"product_cat-otros","9":"first","10":"outofstock","11":"taxable","12":"shipping-taxable","13":"purchasable","14":"product-type-simple"},"acf":{"autor":"STEVENSON, SIR STEVE","codart":"842465679","libros-coleccion":"","ediciones":"1","encuadernacion":"Carton\u00e9","fecha_de_publicacion":"01\/11\/2015","novedad":"0","paginas":"100","subtitulo":"","orden":"999","portada":"0","idioma":"cat","editorial":[{"ID":148361,"post_author":"3","post_date":"2022-10-14 11:57:38","post_date_gmt":"2022-10-14 09:57:38","post_content":"","post_title":"LA GALERA, S.A. EDITORIAL","post_excerpt":"","post_status":"publish","comment_status":"closed","ping_status":"closed","post_password":"","post_name":"la-galera-s-a-editorial","to_ping":"","pinged":"","post_modified":"2022-10-14 11:57:38","post_modified_gmt":"2022-10-14 09:57:38","post_content_filtered":"","post_parent":0,"guid":"http:\/\/dev.claret.cat\/editorial\/la-galera-s-a-editorial\/","menu_order":0,"post_type":"editorial","post_mime_type":"","comment_count":"0","filter":"raw"}],"autores-libros":[{"ID":169594,"post_author":"3","post_date":"2022-10-14 22:28:29","post_date_gmt":"2022-10-14 20:28:29","post_content":"","post_title":"SIR STEVE STEVENSON","post_excerpt":"","post_status":"publish","comment_status":"closed","ping_status":"closed","post_password":"","post_name":"sir-steve-stevenson","to_ping":"","pinged":"","post_modified":"2022-10-14 22:28:29","post_modified_gmt":"2022-10-14 20:28:29","post_content_filtered":"","post_parent":0,"guid":"http:\/\/dev.claret.cat\/autor\/sir-steve-stevenson\/","menu_order":0,"post_type":"autor","post_mime_type":"","comment_count":"0","filter":"raw"}],"booktrailer":"","resenas":""},"aioseo_notices":[],"_links":{"self":[{"href":"https:\/\/www.claret.cat\/es\/wp-json\/wp\/v2\/product\/243945","targetHints":{"allow":["GET"]}}],"collection":[{"href":"https:\/\/www.claret.cat\/es\/wp-json\/wp\/v2\/product"}],"about":[{"href":"https:\/\/www.claret.cat\/es\/wp-json\/wp\/v2\/types\/product"}],"wp:featuredmedia":[{"embeddable":true,"href":"https:\/\/www.claret.cat\/es\/wp-json\/wp\/v2\/media\/1075236"}],"wp:attachment":[{"href":"https:\/\/www.claret.cat\/es\/wp-json\/wp\/v2\/media?parent=243945"}],"wp:term":[{"taxonomy":"product_brand","embeddable":true,"href":"https:\/\/www.claret.cat\/es\/wp-json\/wp\/v2\/product_brand?post=243945"},{"taxonomy":"product_cat","embeddable":true,"href":"https:\/\/www.claret.cat\/es\/wp-json\/wp\/v2\/product_cat?post=243945"},{"taxonomy":"product_tag","embeddable":true,"href":"https:\/\/www.claret.cat\/es\/wp-json\/wp\/v2\/product_tag?post=243945"}],"curies":[{"name":"wp","href":"https:\/\/api.w.org\/{rel}","templated":true}]}}