{"id":243957,"date":"2022-10-21T01:32:21","date_gmt":"2022-10-20T23:32:21","guid":{"rendered":"http:\/\/dev.claret.cat\/producte\/pinta-y-escribe-el-arca-de-noe\/"},"modified":"2025-01-31T20:56:12","modified_gmt":"2025-01-31T19:56:12","slug":"pinta-y-escribe-el-arca-de-noe-9788424656690","status":"publish","type":"product","link":"https:\/\/www.claret.cat\/es\/libro\/pinta-y-escribe-el-arca-de-noe-9788424656690\/","title":{"rendered":"PINTA Y ESCRIBE EL ARCA DE NO\u00c9"},"content":{"rendered":"<p>No\u00e9 ha construido un arca para salvar a todos los animales del diluvio universal.&lt;BR&gt;Hipop\u00f3tamos blancos, jirafas blancas, perros blancos&#8230; \u00a1La tormenta se ha llevado los colores!&lt;BR&gt;Ay\u00fadalos y pinta el cuento. &lt;BR&gt;&lt;BR&gt;Un nuevo t\u00edtulo de la colecci\u00f3n &#8221;Cuentos de la Biblia&#8221; para pintar y con letra manuscrita para reseguir.&lt;BR&gt;Episodios b\u00edblicos de nuestra tradici\u00f3n y cultura, ilustrados por Roser Calafell.<\/p>\n","protected":false},"excerpt":{"rendered":"<p>SANS MESTRE, CRISTINA<\/p>\n","protected":false},"featured_media":243958,"template":"","meta":{"_acf_changed":false,"om_disable_all_campaigns":false,"rs_blank_template":"","rs_page_bg_color":"","slide_template_v7":"","inline_featured_image":false,"_monsterinsights_skip_tracking":false,"_monsterinsights_sitenote_active":false,"_monsterinsights_sitenote_note":"","_monsterinsights_sitenote_category":0},"product_brand":[],"product_cat":[90,540],"product_tag":[],"class_list":{"0":"post-243957","1":"product","2":"type-product","3":"status-publish","4":"has-post-thumbnail","6":"product_cat-altres","7":"product_cat-otros","9":"first","10":"instock","11":"taxable","12":"shipping-taxable","13":"purchasable","14":"product-type-simple"},"acf":{"autor":"SANS MESTRE, CRISTINA","codart":"842465669","libros-coleccion":"","ediciones":"1","encuadernacion":"R\u00fastica","fecha_de_publicacion":"01\/11\/2015","novedad":"0","paginas":"40","subtitulo":"\u00a1PARA PINTAR Y ESCRIBIR!","orden":"999","portada":"0","idioma":"spa","editorial":[{"ID":148361,"post_author":"3","post_date":"2022-10-14 11:57:38","post_date_gmt":"2022-10-14 09:57:38","post_content":"","post_title":"LA GALERA, S.A. EDITORIAL","post_excerpt":"","post_status":"publish","comment_status":"closed","ping_status":"closed","post_password":"","post_name":"la-galera-s-a-editorial","to_ping":"","pinged":"","post_modified":"2022-10-14 11:57:38","post_modified_gmt":"2022-10-14 09:57:38","post_content_filtered":"","post_parent":0,"guid":"http:\/\/dev.claret.cat\/editorial\/la-galera-s-a-editorial\/","menu_order":0,"post_type":"editorial","post_mime_type":"","comment_count":"0","filter":"raw"}],"autores-libros":[{"ID":421550,"post_author":"3","post_date":"2023-05-16 07:00:32","post_date_gmt":"2023-05-16 05:00:32","post_content":"","post_title":"CRISTINA SANS MESTRE","post_excerpt":"","post_status":"publish","comment_status":"closed","ping_status":"closed","post_password":"","post_name":"cristina-sans-mestre","to_ping":"","pinged":"","post_modified":"2023-05-16 07:00:32","post_modified_gmt":"2023-05-16 05:00:32","post_content_filtered":"","post_parent":0,"guid":"https:\/\/www.claret.cat\/autor\/cristina-sans-mestre\/","menu_order":0,"post_type":"autor","post_mime_type":"","comment_count":"0","filter":"raw"}]},"aioseo_notices":[],"_links":{"self":[{"href":"https:\/\/www.claret.cat\/es\/wp-json\/wp\/v2\/product\/243957","targetHints":{"allow":["GET"]}}],"collection":[{"href":"https:\/\/www.claret.cat\/es\/wp-json\/wp\/v2\/product"}],"about":[{"href":"https:\/\/www.claret.cat\/es\/wp-json\/wp\/v2\/types\/product"}],"wp:featuredmedia":[{"embeddable":true,"href":"https:\/\/www.claret.cat\/es\/wp-json\/wp\/v2\/media\/243958"}],"wp:attachment":[{"href":"https:\/\/www.claret.cat\/es\/wp-json\/wp\/v2\/media?parent=243957"}],"wp:term":[{"taxonomy":"product_brand","embeddable":true,"href":"https:\/\/www.claret.cat\/es\/wp-json\/wp\/v2\/product_brand?post=243957"},{"taxonomy":"product_cat","embeddable":true,"href":"https:\/\/www.claret.cat\/es\/wp-json\/wp\/v2\/product_cat?post=243957"},{"taxonomy":"product_tag","embeddable":true,"href":"https:\/\/www.claret.cat\/es\/wp-json\/wp\/v2\/product_tag?post=243957"}],"curies":[{"name":"wp","href":"https:\/\/api.w.org\/{rel}","templated":true}]}}