{"id":244118,"date":"2022-10-21T01:36:07","date_gmt":"2022-10-20T23:36:07","guid":{"rendered":"http:\/\/dev.claret.cat\/producte\/que-dios-te-acompane\/"},"modified":"2023-01-28T13:04:18","modified_gmt":"2023-01-28T12:04:18","slug":"que-dios-te-acompane-9788490680483","status":"publish","type":"product","link":"https:\/\/www.claret.cat\/es\/libro\/que-dios-te-acompane-9788490680483\/","title":{"rendered":"\u00a1QUE DIOS TE ACOMPA\u00d1E!"},"content":{"rendered":"<p>Es un libro de dise\u00f1o actual y fresco con reflexiones acerca de Dios al lado de bonitas fotograf\u00edas.<\/p>\n<p> Se incluyen frases de la Madre Teresa de Calcuta, Martin Lutero, etc. as\u00ed como bellos salmos.<\/p>\n<p> Es ideal para regalar o tambi\u00e9n para uno mismo.<\/p>\n<p> Adem\u00e1s de la familia y amigos hay alguien m\u00e1s que siempre est\u00e1 a tu lado y sabe escucharte.<\/p>\n","protected":false},"excerpt":{"rendered":"<p>GROH<\/p>\n","protected":false},"featured_media":244119,"template":"","meta":{"_acf_changed":false,"om_disable_all_campaigns":false,"rs_blank_template":"","rs_page_bg_color":"","slide_template_v7":"","inline_featured_image":false,"_monsterinsights_skip_tracking":false,"_monsterinsights_sitenote_active":false,"_monsterinsights_sitenote_note":"","_monsterinsights_sitenote_category":0},"product_brand":[],"product_cat":[247],"product_tag":[],"class_list":{"0":"post-244118","1":"product","2":"type-product","3":"status-publish","4":"has-post-thumbnail","6":"product_cat-pregaria","8":"first","9":"instock","10":"taxable","11":"shipping-taxable","12":"purchasable","13":"product-type-simple"},"acf":{"autor":"GROH","codart":"849068048","libros-coleccion":"","ediciones":"1","encuadernacion":"Carton\u00e9","fecha_de_publicacion":"01\/11\/2015","novedad":"0","paginas":"50","subtitulo":"","orden":"999","portada":"0","idioma":"spa"},"aioseo_notices":[],"_links":{"self":[{"href":"https:\/\/www.claret.cat\/es\/wp-json\/wp\/v2\/product\/244118","targetHints":{"allow":["GET"]}}],"collection":[{"href":"https:\/\/www.claret.cat\/es\/wp-json\/wp\/v2\/product"}],"about":[{"href":"https:\/\/www.claret.cat\/es\/wp-json\/wp\/v2\/types\/product"}],"wp:featuredmedia":[{"embeddable":true,"href":"https:\/\/www.claret.cat\/es\/wp-json\/wp\/v2\/media\/244119"}],"wp:attachment":[{"href":"https:\/\/www.claret.cat\/es\/wp-json\/wp\/v2\/media?parent=244118"}],"wp:term":[{"taxonomy":"product_brand","embeddable":true,"href":"https:\/\/www.claret.cat\/es\/wp-json\/wp\/v2\/product_brand?post=244118"},{"taxonomy":"product_cat","embeddable":true,"href":"https:\/\/www.claret.cat\/es\/wp-json\/wp\/v2\/product_cat?post=244118"},{"taxonomy":"product_tag","embeddable":true,"href":"https:\/\/www.claret.cat\/es\/wp-json\/wp\/v2\/product_tag?post=244118"}],"curies":[{"name":"wp","href":"https:\/\/api.w.org\/{rel}","templated":true}]}}