{"id":244244,"date":"2022-10-21T01:38:59","date_gmt":"2022-10-20T23:38:59","guid":{"rendered":"http:\/\/dev.claret.cat\/producte\/1069-recetas-de-cocina-edicion-trade\/"},"modified":"2023-01-28T20:14:23","modified_gmt":"2023-01-28T19:14:23","slug":"1069-recetas-de-cocina-edicion-trade-9788494352652","status":"publish","type":"product","link":"https:\/\/www.claret.cat\/es\/libro\/1069-recetas-de-cocina-edicion-trade-9788494352652\/","title":{"rendered":"1069 RECETAS DE COCINA &#8211; EDICI\u00d3N TRADE"},"content":{"rendered":"<p> Este recetario se ha ganado por su trayectoria, fiabilidad y popularidad un puesto destacado en la biblioteca gastron\u00f3mica espa\u00f1ola.<\/p>\n<p> En esta ocasi\u00f3n os lo presentamos en formato \u201cbest-seller\u201d en r\u00fastica con solapas, de mayor tama\u00f1o que el cl\u00e1sico bolsillo, cuyo \u00e9xito ya conocemos, para mayor comodidad del lector\/usuario.<\/p>\n","protected":false},"excerpt":{"rendered":"<p>ARGUI\u00d1ANO, KARLOS<\/p>\n","protected":false},"featured_media":244245,"template":"","meta":{"_acf_changed":false,"om_disable_all_campaigns":false,"rs_blank_template":"","rs_page_bg_color":"","slide_template_v7":"","inline_featured_image":false,"_monsterinsights_skip_tracking":false,"_monsterinsights_sitenote_active":false,"_monsterinsights_sitenote_note":"","_monsterinsights_sitenote_category":0},"product_brand":[],"product_cat":[16],"product_tag":[],"class_list":{"0":"post-244244","1":"product","2":"type-product","3":"status-publish","4":"has-post-thumbnail","6":"product_cat-sense-categoria","8":"first","9":"instock","10":"taxable","11":"shipping-taxable","12":"purchasable","13":"product-type-simple"},"acf":{"autor":"ARGUI\u00d1ANO, KARLOS","codart":"849435265","libros-coleccion":"","ediciones":"1","encuadernacion":"R\u00fastica","fecha_de_publicacion":"01\/11\/2015","novedad":"0","paginas":"500","subtitulo":"","orden":"999","portada":"0","idioma":"spa","autores-libros":[{"ID":161453,"post_author":"3","post_date":"2022-10-14 17:18:20","post_date_gmt":"2022-10-14 15:18:20","post_content":"","post_title":"KARLOS ARGUI\u00d1ANO","post_excerpt":"","post_status":"publish","comment_status":"closed","ping_status":"closed","post_password":"","post_name":"karlos-arguinano","to_ping":"","pinged":"","post_modified":"2022-10-14 17:18:20","post_modified_gmt":"2022-10-14 15:18:20","post_content_filtered":"","post_parent":0,"guid":"http:\/\/dev.claret.cat\/autor\/karlos-arguinano\/","menu_order":0,"post_type":"autor","post_mime_type":"","comment_count":"0","filter":"raw"}]},"aioseo_notices":[],"_links":{"self":[{"href":"https:\/\/www.claret.cat\/es\/wp-json\/wp\/v2\/product\/244244","targetHints":{"allow":["GET"]}}],"collection":[{"href":"https:\/\/www.claret.cat\/es\/wp-json\/wp\/v2\/product"}],"about":[{"href":"https:\/\/www.claret.cat\/es\/wp-json\/wp\/v2\/types\/product"}],"wp:featuredmedia":[{"embeddable":true,"href":"https:\/\/www.claret.cat\/es\/wp-json\/wp\/v2\/media\/244245"}],"wp:attachment":[{"href":"https:\/\/www.claret.cat\/es\/wp-json\/wp\/v2\/media?parent=244244"}],"wp:term":[{"taxonomy":"product_brand","embeddable":true,"href":"https:\/\/www.claret.cat\/es\/wp-json\/wp\/v2\/product_brand?post=244244"},{"taxonomy":"product_cat","embeddable":true,"href":"https:\/\/www.claret.cat\/es\/wp-json\/wp\/v2\/product_cat?post=244244"},{"taxonomy":"product_tag","embeddable":true,"href":"https:\/\/www.claret.cat\/es\/wp-json\/wp\/v2\/product_tag?post=244244"}],"curies":[{"name":"wp","href":"https:\/\/api.w.org\/{rel}","templated":true}]}}