{"id":24427,"date":"2022-10-02T10:16:06","date_gmt":"2022-10-02T08:16:06","guid":{"rendered":"http:\/\/dev.claret.cat\/producte\/pollastre-amb-prunes\/"},"modified":"2023-10-06T11:26:09","modified_gmt":"2023-10-06T09:26:09","slug":"pollastre-amb-prunes-9788417910648","status":"publish","type":"product","link":"https:\/\/www.claret.cat\/es\/libro\/pollastre-amb-prunes-9788417910648\/","title":{"rendered":"POLLASTRE AMB PRUNES"},"content":{"rendered":"<p>***Premi a la millor obra Angoul\u00eame 2005***  UNA INS\u00d2LITA HIST\u00d2RIA D&#8217;AMOR,<br \/>EN LA SEVA EDICI\u00d3 DEFINITIVA  [NOVA TRADUCCI\u00d3 &#8211; NOU FORMAT &#8211; NOVA RETOLACI\u00d3 &#8211; NOU DISSENY]  \u00abAqu\u00ed hi ha tot el que la vida \u00e9s: drama, com\u00e8dia, trag\u00e8dia# per\u00f2 a mans  de Satrapi \u00e9s una melod\u00eda que t&#8217;arriba al fons de l&#8217;\u00e0nima.\u00bb<br \/>CARLA BERROCAL Teheran, 1958. Nasser Ali Khan \u00e9s un m\u00fasic apassionat al qual, despr\u00e9s  d&#8217;una discussi\u00f3 airada, la seva dona li ha trencat el tar. Com que \u00e9s un  instrument que no es pot reempla\u00e7ar, i la seva aflicci\u00f3 \u00e9s tan gran,  Nasser Ali decideix no sortir del llit fins que la mort se l&#8217;endugui,  girar l&#8217;esquena al m\u00f3n i els seus plaers. No es llevar\u00e0 ni tan sols per  menjar el seu plat preferit, el pollastre amb prunes. Els vuit dies que  seguiran rebr\u00e0 la visita de genis, premonicions, somnis i tota classe de records. La cr\u00edtica ha dit:<br \/>\u00abUna obra encisadora. Perfecta i sense costures.\u00bb The Boston Globe \u00abSatrapi no sols demostra aqu\u00ed com n&#8217;\u00e9s de mestra del seu mitj\u00e0, sin\u00f3  tamb\u00e9 que sap contar viv\u00e8ncies alienes amb tanta capacitat de fabulaci\u00f3 i perspic\u00e0cia que semblen seves.\u00bb<br \/>Die Tageszeitung   \u00abUn aut\u00e8ntic fest\u00ed.\u00bb<br \/>Newsweek \u00abP\u00e0gina rere p\u00e0gina, Satrapi no ens deixa de sorprendre gr\u00e0cies a la  seva habilitat narrativa a l&#8217;hora de confeccionar una hist\u00f2ria plena de  detalls, barrejant el passat, el present i el futur com qui remena les cartes d&#8217;una baralla.\u00bb<br \/>Los Angeles Times Book Review \u00abSatrapi continua ampliant les fronteres de la seva obra. [&#8230;] \u00c9s la Colette iraniana.\u00bb<br \/>San Francisco Chronicle \u00abEls dibuixos de Satrapi, enganyosament simples i molt poderosos, s\u00f3n la  companyia perfecta per a la seva prosa precisa per\u00f2 flexible, que  serveix per encarnar els rols variats que juga en aquesta obra: educadora, folklorista i n\u00e9ta.\u00bb<br \/>The New Yorker<\/p>\n","protected":false},"excerpt":{"rendered":"<p>SATRAPI, MARJANE<\/p>\n","protected":false},"featured_media":61296,"template":"","meta":{"_acf_changed":false,"om_disable_all_campaigns":false,"rs_blank_template":"","rs_page_bg_color":"","slide_template_v7":"","inline_featured_image":false,"_monsterinsights_skip_tracking":false,"_monsterinsights_sitenote_active":false,"_monsterinsights_sitenote_note":"","_monsterinsights_sitenote_category":0},"product_brand":[],"product_cat":[108],"product_tag":[],"class_list":{"0":"post-24427","1":"product","2":"type-product","3":"status-publish","4":"has-post-thumbnail","6":"product_cat-comic","8":"first","9":"instock","10":"taxable","11":"shipping-taxable","12":"purchasable","13":"product-type-simple"},"acf":{"autor":"SATRAPI, MARJANE","codart":"841791064","libros-coleccion":"","ediciones":"1","encuadernacion":"Carton\u00e9","fecha_de_publicacion":"01\/01\/2022","novedad":"1","paginas":"85","subtitulo":"","orden":"0","portada":"0","idioma":"cat","editorial":[{"ID":148749,"post_author":"3","post_date":"2022-10-14 12:00:41","post_date_gmt":"2022-10-14 10:00:41","post_content":"","post_title":"RESERVOIR BOOKS","post_excerpt":"","post_status":"publish","comment_status":"closed","ping_status":"closed","post_password":"","post_name":"reservoir-books","to_ping":"","pinged":"","post_modified":"2022-10-14 12:00:41","post_modified_gmt":"2022-10-14 10:00:41","post_content_filtered":"","post_parent":0,"guid":"http:\/\/dev.claret.cat\/editorial\/reservoir-books\/","menu_order":0,"post_type":"editorial","post_mime_type":"","comment_count":"0","filter":"raw"}],"autores-libros":[{"ID":164054,"post_author":"3","post_date":"2022-10-14 17:43:59","post_date_gmt":"2022-10-14 15:43:59","post_content":"","post_title":"MARJANE SATRAPI","post_excerpt":"","post_status":"publish","comment_status":"closed","ping_status":"closed","post_password":"","post_name":"marjane-satrapi","to_ping":"","pinged":"","post_modified":"2022-10-14 17:43:59","post_modified_gmt":"2022-10-14 15:43:59","post_content_filtered":"","post_parent":0,"guid":"http:\/\/dev.claret.cat\/autor\/marjane-satrapi\/","menu_order":0,"post_type":"autor","post_mime_type":"","comment_count":"0","filter":"raw"}]},"aioseo_notices":[],"_links":{"self":[{"href":"https:\/\/www.claret.cat\/es\/wp-json\/wp\/v2\/product\/24427","targetHints":{"allow":["GET"]}}],"collection":[{"href":"https:\/\/www.claret.cat\/es\/wp-json\/wp\/v2\/product"}],"about":[{"href":"https:\/\/www.claret.cat\/es\/wp-json\/wp\/v2\/types\/product"}],"wp:featuredmedia":[{"embeddable":true,"href":"https:\/\/www.claret.cat\/es\/wp-json\/wp\/v2\/media\/61296"}],"wp:attachment":[{"href":"https:\/\/www.claret.cat\/es\/wp-json\/wp\/v2\/media?parent=24427"}],"wp:term":[{"taxonomy":"product_brand","embeddable":true,"href":"https:\/\/www.claret.cat\/es\/wp-json\/wp\/v2\/product_brand?post=24427"},{"taxonomy":"product_cat","embeddable":true,"href":"https:\/\/www.claret.cat\/es\/wp-json\/wp\/v2\/product_cat?post=24427"},{"taxonomy":"product_tag","embeddable":true,"href":"https:\/\/www.claret.cat\/es\/wp-json\/wp\/v2\/product_tag?post=24427"}],"curies":[{"name":"wp","href":"https:\/\/api.w.org\/{rel}","templated":true}]}}