{"id":244301,"date":"2022-10-21T01:40:19","date_gmt":"2022-10-20T23:40:19","guid":{"rendered":"http:\/\/dev.claret.cat\/producte\/humanitinas-farmacos-humanizadores\/"},"modified":"2025-09-19T16:57:25","modified_gmt":"2025-09-19T14:57:25","slug":"humanitinas-farmacos-humanizadores-9788433028075","status":"publish","type":"product","link":"https:\/\/www.claret.cat\/es\/libro\/humanitinas-farmacos-humanizadores-9788433028075\/","title":{"rendered":"HUMANITINAS. F\u00c1RMACOS HUMANIZADORES"},"content":{"rendered":"<p>Con frecuencia, para vivir equilibradamente, sanamente, sin malestares&#8230; necesitamos f\u00e1rmacos. Nos los indican los m\u00e9dicos, los tomamos nosotros o nos los suministran por varias v\u00edas&#8230; Los f\u00e1rmacos se expenden en forma de medicamentos, que contienen uno o m\u00e1s principios activos&#8230;<\/p>\n<p> Pero la vida gozosa y saludable no la encontramos en los productos qu\u00edmicos fruto de la investigaci\u00f3n y de la ciencia galena. La salud en el coraz\u00f3n, la salud en las relaciones, la salud mental, la salud espiritual&#8230; y la salud f\u00edsica, la encontramos tambi\u00e9n si conseguimos vivir saludablemente, lo cual tiene que ver, entre otras cosas, con los valores.<\/p>\n<p> Estos &#8216;f\u00e1rmacos humanizadores&#8217; son un recurso elaborado en el Centro de Humanizaci\u00f3n de la salud a lo largo de los \u00faltimos a\u00f1os, para provocar la conciencia de los valores que pueden contribuir a la humanizaci\u00f3n de las relaciones y la vida saludable. Est\u00e1n formados por &#8216;juegos de palabras&#8217; que evocan medicamentos y con expresiones que hacen ver claves humanizadoras para la vida personal y relacional.<\/p>\n","protected":false},"excerpt":{"rendered":"<p>BERMEJO, JOS\u00c9 CARLOS \/ S\u00c1NCHEZ SIM\u00d3N, DIANA<\/p>\n","protected":false},"featured_media":346644,"template":"","meta":{"_acf_changed":false,"om_disable_all_campaigns":false,"rs_blank_template":"","rs_page_bg_color":"","slide_template_v7":"","inline_featured_image":false,"_monsterinsights_skip_tracking":false,"_monsterinsights_sitenote_active":false,"_monsterinsights_sitenote_note":"","_monsterinsights_sitenote_category":0},"product_brand":[],"product_cat":[90,540],"product_tag":[],"class_list":{"0":"post-244301","1":"product","2":"type-product","3":"status-publish","4":"has-post-thumbnail","6":"product_cat-altres","7":"product_cat-otros","9":"first","10":"instock","11":"taxable","12":"shipping-taxable","13":"purchasable","14":"product-type-simple"},"acf":{"autor":"BERMEJO, JOS\u00c9 CARLOS \/ S\u00c1NCHEZ SIM\u00d3N, DIANA","codart":"843302807","libros-coleccion":"","ediciones":"1","encuadernacion":"Carton\u00e9","fecha_de_publicacion":"01\/11\/2015","novedad":"0","paginas":"104","subtitulo":"","orden":"999","portada":"0","idioma":"spa","editorial":[{"ID":6179,"post_author":"3","post_date":"2022-07-28 17:46:36","post_date_gmt":"2022-07-28 15:46:36","post_content":"","post_title":"DESCLEE DE BROUWER","post_excerpt":"","post_status":"publish","comment_status":"closed","ping_status":"closed","post_password":"","post_name":"desclee-de-brouwer","to_ping":"","pinged":"","post_modified":"2022-07-28 17:46:36","post_modified_gmt":"2022-07-28 15:46:36","post_content_filtered":"","post_parent":0,"guid":"http:\/\/dev.claret.cat\/editorial\/desclee-de-brouwer\/","menu_order":0,"post_type":"editorial","post_mime_type":"","comment_count":"0","filter":"raw"}],"autores-libros":[{"ID":160210,"post_author":"3","post_date":"2022-10-14 15:51:12","post_date_gmt":"2022-10-14 13:51:12","post_content":"","post_title":"JOS\u00c9 CARLOS BERMEJO HIGUERA","post_excerpt":"","post_status":"publish","comment_status":"closed","ping_status":"closed","post_password":"","post_name":"jose-carlos-bermejo-higuera","to_ping":"","pinged":"","post_modified":"2022-10-14 15:51:12","post_modified_gmt":"2022-10-14 13:51:12","post_content_filtered":"","post_parent":0,"guid":"http:\/\/dev.claret.cat\/autor\/jose-carlos-bermejo-higuera\/","menu_order":0,"post_type":"autor","post_mime_type":"","comment_count":"0","filter":"raw"},{"ID":346643,"post_author":"3","post_date":"2023-01-14 01:21:56","post_date_gmt":"2023-01-14 00:21:56","post_content":"","post_title":"DIANA S\u00c1NCHEZ SIM\u00d3N","post_excerpt":"","post_status":"publish","comment_status":"closed","ping_status":"closed","post_password":"","post_name":"diana-sanchez-simon","to_ping":"","pinged":"","post_modified":"2023-01-14 01:21:56","post_modified_gmt":"2023-01-14 00:21:56","post_content_filtered":"","post_parent":0,"guid":"https:\/\/www.claret.cat\/autor\/diana-sanchez-simon\/","menu_order":0,"post_type":"autor","post_mime_type":"","comment_count":"0","filter":"raw"}],"booktrailer":"","resenas":""},"aioseo_notices":[],"_links":{"self":[{"href":"https:\/\/www.claret.cat\/es\/wp-json\/wp\/v2\/product\/244301","targetHints":{"allow":["GET"]}}],"collection":[{"href":"https:\/\/www.claret.cat\/es\/wp-json\/wp\/v2\/product"}],"about":[{"href":"https:\/\/www.claret.cat\/es\/wp-json\/wp\/v2\/types\/product"}],"wp:featuredmedia":[{"embeddable":true,"href":"https:\/\/www.claret.cat\/es\/wp-json\/wp\/v2\/media\/346644"}],"wp:attachment":[{"href":"https:\/\/www.claret.cat\/es\/wp-json\/wp\/v2\/media?parent=244301"}],"wp:term":[{"taxonomy":"product_brand","embeddable":true,"href":"https:\/\/www.claret.cat\/es\/wp-json\/wp\/v2\/product_brand?post=244301"},{"taxonomy":"product_cat","embeddable":true,"href":"https:\/\/www.claret.cat\/es\/wp-json\/wp\/v2\/product_cat?post=244301"},{"taxonomy":"product_tag","embeddable":true,"href":"https:\/\/www.claret.cat\/es\/wp-json\/wp\/v2\/product_tag?post=244301"}],"curies":[{"name":"wp","href":"https:\/\/api.w.org\/{rel}","templated":true}]}}