{"id":244394,"date":"2022-10-21T01:42:31","date_gmt":"2022-10-20T23:42:31","guid":{"rendered":"http:\/\/dev.claret.cat\/producte\/un-imperio-propio\/"},"modified":"2026-04-02T10:10:33","modified_gmt":"2026-04-02T08:10:33","slug":"un-imperio-propio-9788494441387","status":"publish","type":"product","link":"https:\/\/www.claret.cat\/es\/libro\/un-imperio-propio-9788494441387\/","title":{"rendered":"UN IMPERIO PROPIO"},"content":{"rendered":"<p>Este libro explora la fascinante cuesti\u00f3n de c\u00f3mo Hollywood fue creado principalmente por un notable grupo de hombres que encajan en una demarcaci\u00f3n demogr\u00e1fica muy peque\u00f1a y concreta: inmigrantes jud\u00edos europeos, la mayor\u00eda de ellos pobres, la mayor\u00eda de ellos del lado este de Manhattan, ninguno de ellos practicante del ju da\u00edsmo, la mayor\u00eda de ellos procedentes de familias con figuras paternas d\u00e9biles. Pero juntos se mudaron a una ciudad casi completamente protestante y crearon la el modo m\u00e1s exitoso de entretenimiento popular en Estados Unidos, la presentaci\u00f3n de una versi\u00f3n idealizada de la vida americana para una naci\u00f3n en una constante b\u00fasqueda de nuevos mitos nacionales. Lo m\u00e1s fascinante de este libro es la brecha entre el mundo m\u00edtico que se les presentan y su propia realidad<\/p>\n","protected":false},"excerpt":{"rendered":"<p>NEAL GABLER<\/p>\n","protected":false},"featured_media":1094346,"template":"","meta":{"_acf_changed":false,"om_disable_all_campaigns":false,"rs_blank_template":"","rs_page_bg_color":"","slide_template_v7":"","inline_featured_image":false,"_monsterinsights_skip_tracking":false,"_monsterinsights_sitenote_active":false,"_monsterinsights_sitenote_note":"","_monsterinsights_sitenote_category":0},"product_brand":[],"product_cat":[348,82,350,84],"product_tag":[],"class_list":{"0":"post-244394","1":"product","2":"type-product","3":"status-publish","4":"has-post-thumbnail","6":"product_cat-pedagogia-2_humanidades","7":"product_cat-pedagogia","8":"product_cat-sociologia-2_humanidades","9":"product_cat-sociologia","11":"first","12":"outofstock","13":"taxable","14":"shipping-taxable","15":"purchasable","16":"product-type-simple"},"acf":{"autor":"NEAL GABLER","codart":"849444138","libros-coleccion":"","ediciones":"1","encuadernacion":"R\u00fastica","fecha_de_publicacion":"01\/11\/2015","novedad":"0","paginas":"691","subtitulo":"C\u00d3MO LOS JUD\u00cdOS INVENTARON HOLLYWOOD","orden":"999","portada":"0","idioma":"spa","editorial":[{"ID":147658,"post_author":"3","post_date":"2022-10-14 11:52:16","post_date_gmt":"2022-10-14 09:52:16","post_content":"","post_title":"CONFLUENCIAS EDITORIAL","post_excerpt":"","post_status":"publish","comment_status":"closed","ping_status":"closed","post_password":"","post_name":"confluencias-editorial","to_ping":"","pinged":"","post_modified":"2022-10-14 11:52:16","post_modified_gmt":"2022-10-14 09:52:16","post_content_filtered":"","post_parent":0,"guid":"http:\/\/dev.claret.cat\/editorial\/confluencias-editorial\/","menu_order":0,"post_type":"editorial","post_mime_type":"","comment_count":"0","filter":"raw"}],"booktrailer":"","resenas":"","autores-libros":[{"ID":427016,"post_author":"3","post_date":"2023-05-16 08:57:15","post_date_gmt":"2023-05-16 06:57:15","post_content":"","post_title":"NEAL GABLER","post_excerpt":"","post_status":"publish","comment_status":"closed","ping_status":"closed","post_password":"","post_name":"neal-gabler","to_ping":"","pinged":"","post_modified":"2023-05-16 08:57:15","post_modified_gmt":"2023-05-16 06:57:15","post_content_filtered":"","post_parent":0,"guid":"https:\/\/www.claret.cat\/autor\/neal-gabler\/","menu_order":0,"post_type":"autor","post_mime_type":"","comment_count":"0","filter":"raw"}]},"aioseo_notices":[],"_links":{"self":[{"href":"https:\/\/www.claret.cat\/es\/wp-json\/wp\/v2\/product\/244394","targetHints":{"allow":["GET"]}}],"collection":[{"href":"https:\/\/www.claret.cat\/es\/wp-json\/wp\/v2\/product"}],"about":[{"href":"https:\/\/www.claret.cat\/es\/wp-json\/wp\/v2\/types\/product"}],"wp:featuredmedia":[{"embeddable":true,"href":"https:\/\/www.claret.cat\/es\/wp-json\/wp\/v2\/media\/1094346"}],"wp:attachment":[{"href":"https:\/\/www.claret.cat\/es\/wp-json\/wp\/v2\/media?parent=244394"}],"wp:term":[{"taxonomy":"product_brand","embeddable":true,"href":"https:\/\/www.claret.cat\/es\/wp-json\/wp\/v2\/product_brand?post=244394"},{"taxonomy":"product_cat","embeddable":true,"href":"https:\/\/www.claret.cat\/es\/wp-json\/wp\/v2\/product_cat?post=244394"},{"taxonomy":"product_tag","embeddable":true,"href":"https:\/\/www.claret.cat\/es\/wp-json\/wp\/v2\/product_tag?post=244394"}],"curies":[{"name":"wp","href":"https:\/\/api.w.org\/{rel}","templated":true}]}}