{"id":244425,"date":"2022-10-21T01:43:15","date_gmt":"2022-10-20T23:43:15","guid":{"rendered":"http:\/\/dev.claret.cat\/producte\/la-profundidad-del-mar-amarillo\/"},"modified":"2023-01-28T11:42:42","modified_gmt":"2023-01-28T10:42:42","slug":"la-profundidad-del-mar-amarillo-9788416237098","status":"publish","type":"product","link":"https:\/\/www.claret.cat\/es\/libro\/la-profundidad-del-mar-amarillo-9788416237098\/","title":{"rendered":"LA PROFUNDIDAD DEL MAR AMARILLO"},"content":{"rendered":"<p>Creador de la exitosa serie \u00abTrue Detective\u00bb y autor de Galveston -cuya traducci\u00f3n al castellano suscit\u00f3 una formidable respuesta del p\u00fablico lector a ambos lados del Atl\u00e1ntico-, Nic Pizzolatto irrumpi\u00f3 en el panorama literario estadounidense con la publicaci\u00f3n de esta serie de relatos que lo situaron, seg\u00fan la revista Poets &amp; Writers, entre los cinco mejores nuevos autores de ficci\u00f3n del a\u00f1o, adem\u00e1s de postularlo como candidato al Frank O&#8221;Connor International Short Story Award. <br \/> Ambientadas en paisajes del medio oeste y el sur de Estados Unidos, las historias de Pizzolatto nos invitan a penetrar en el tortuoso laberinto de las emociones que sacuden el interior de todo ser humano. Sus melanc\u00f3licos personajes, seducidos por la belleza de la soledad o v\u00edctimas de su demoledora oquedad, tratan de tender puentes entre ellos y los otros, entre el pasado y el presente, entre su yo m\u00e1s \u00edntimo y el que exhiben al mundo exterior. Son individuos comunes y corrientes, que podemos encontrar en la calle o en el trabajo, en un viaje o en un paseo, cuyas vidas se deslizan inexorablemente por una pendiente, sujetos a los caprichos del azar, de un destino que no controlan. <br \/> As\u00ed, la voz \u00e1spera y contundente de Pizzolatto nos introduce sin miramientos en el universo personal de unos seres atrapados en las arenas movedizas del desarraigo, la soledad, el vac\u00edo existencial, y nos devuelve a los escenarios s\u00f3rdidos y po\u00e9ticos que lo han convertido en uno de los j\u00f3venes escritores norteamericanos que m\u00e1s fieles seguidores ha reunido en los \u00faltimos a\u00f1os.<\/p>\n","protected":false},"excerpt":{"rendered":"<p>PIZZOLATTO, NIC<\/p>\n","protected":false},"featured_media":244426,"template":"","meta":{"_acf_changed":false,"om_disable_all_campaigns":false,"rs_blank_template":"","rs_page_bg_color":"","slide_template_v7":"","inline_featured_image":false,"_monsterinsights_skip_tracking":false,"_monsterinsights_sitenote_active":false,"_monsterinsights_sitenote_note":"","_monsterinsights_sitenote_category":0},"product_brand":[],"product_cat":[127],"product_tag":[],"class_list":{"0":"post-244425","1":"product","2":"type-product","3":"status-publish","4":"has-post-thumbnail","6":"product_cat-novella-contemporania","8":"first","9":"instock","10":"taxable","11":"shipping-taxable","12":"purchasable","13":"product-type-simple"},"acf":{"autor":"PIZZOLATTO, NIC","codart":"841623709","libros-coleccion":"","ediciones":"1","encuadernacion":"R\u00fastica","fecha_de_publicacion":"01\/11\/2015","novedad":"0","paginas":"293","subtitulo":"","orden":"999","portada":"0","idioma":"spa","editorial":[{"ID":148772,"post_author":"3","post_date":"2022-10-14 12:00:51","post_date_gmt":"2022-10-14 10:00:51","post_content":"","post_title":"SALAMANDRA, S.A., EDICIONES","post_excerpt":"","post_status":"publish","comment_status":"closed","ping_status":"closed","post_password":"","post_name":"salamandra-s-a-ediciones","to_ping":"","pinged":"","post_modified":"2022-10-14 12:00:51","post_modified_gmt":"2022-10-14 10:00:51","post_content_filtered":"","post_parent":0,"guid":"http:\/\/dev.claret.cat\/editorial\/salamandra-s-a-ediciones\/","menu_order":0,"post_type":"editorial","post_mime_type":"","comment_count":"0","filter":"raw"}],"autores-libros":[{"ID":165781,"post_author":"3","post_date":"2022-10-14 17:57:54","post_date_gmt":"2022-10-14 15:57:54","post_content":"","post_title":"NIC PIZZOLATTO","post_excerpt":"","post_status":"publish","comment_status":"closed","ping_status":"closed","post_password":"","post_name":"nic-pizzolatto","to_ping":"","pinged":"","post_modified":"2022-10-14 17:57:54","post_modified_gmt":"2022-10-14 15:57:54","post_content_filtered":"","post_parent":0,"guid":"http:\/\/dev.claret.cat\/autor\/nic-pizzolatto\/","menu_order":0,"post_type":"autor","post_mime_type":"","comment_count":"0","filter":"raw"}]},"aioseo_notices":[],"_links":{"self":[{"href":"https:\/\/www.claret.cat\/es\/wp-json\/wp\/v2\/product\/244425","targetHints":{"allow":["GET"]}}],"collection":[{"href":"https:\/\/www.claret.cat\/es\/wp-json\/wp\/v2\/product"}],"about":[{"href":"https:\/\/www.claret.cat\/es\/wp-json\/wp\/v2\/types\/product"}],"wp:featuredmedia":[{"embeddable":true,"href":"https:\/\/www.claret.cat\/es\/wp-json\/wp\/v2\/media\/244426"}],"wp:attachment":[{"href":"https:\/\/www.claret.cat\/es\/wp-json\/wp\/v2\/media?parent=244425"}],"wp:term":[{"taxonomy":"product_brand","embeddable":true,"href":"https:\/\/www.claret.cat\/es\/wp-json\/wp\/v2\/product_brand?post=244425"},{"taxonomy":"product_cat","embeddable":true,"href":"https:\/\/www.claret.cat\/es\/wp-json\/wp\/v2\/product_cat?post=244425"},{"taxonomy":"product_tag","embeddable":true,"href":"https:\/\/www.claret.cat\/es\/wp-json\/wp\/v2\/product_tag?post=244425"}],"curies":[{"name":"wp","href":"https:\/\/api.w.org\/{rel}","templated":true}]}}