{"id":244476,"date":"2022-10-21T01:44:23","date_gmt":"2022-10-20T23:44:23","guid":{"rendered":"http:\/\/dev.claret.cat\/producte\/recetas-sanas-para-cada-dia\/"},"modified":"2023-01-28T00:11:24","modified_gmt":"2023-01-27T23:11:24","slug":"recetas-sanas-para-cada-dia-9788416220748","status":"publish","type":"product","link":"https:\/\/www.claret.cat\/es\/libro\/recetas-sanas-para-cada-dia-9788416220748\/","title":{"rendered":"RECETAS SANAS PARA CADA D\u00cdA"},"content":{"rendered":"<p>Un nuevo y refrescante enfoque sobre la alimentaci\u00f3n saludable, de la  mano del excepcional cocinero Jamie Oliver.Este es mi libro m\u00e1s personal hasta ahora, y para escribirlo he  realizado un largo viaje por el mundo de la salud y la nutrici\u00f3n. Ahora,  dedic\u00e1ndome a lo que mejor s\u00e9 hacer -una comida fant\u00e1stica- mi deseo es  que este libro te inspire y te lleve a vivir una vida m\u00e1s sana, m\u00e1s  feliz y muy provechosa. La comida est\u00e1 ah\u00ed para disfrutarla, compartirla  y celebrarla, y la comida sana y nutritiva debe ser colorida, deliciosa y divertida.Este libro est\u00e1 lleno de recetas completas y equilibradas que te  saciar\u00e1n a la vez que estimular\u00e1n tu paladar y, como yo he hecho mis  deberes en el campo de la nutrici\u00f3n, puedes estar seguro de que  cualquier elecci\u00f3n ser\u00e1 una buena elecci\u00f3n. Solo con que aproveches unas  cuantas ideas de este libro empezar\u00e1s a ver lo que comes de manera  diferente, y aprender\u00e1s a alimentarte bien y a llevarlo a  la pr\u00e1ctica siempre que puedas.Un abrazo,Jamie<\/p>\n","protected":false},"excerpt":{"rendered":"<p>OLIVER,JAMIE<\/p>\n","protected":false},"featured_media":278052,"template":"","meta":{"_acf_changed":false,"om_disable_all_campaigns":false,"rs_blank_template":"","rs_page_bg_color":"","slide_template_v7":"","inline_featured_image":false,"_monsterinsights_skip_tracking":false,"_monsterinsights_sitenote_active":false,"_monsterinsights_sitenote_note":"","_monsterinsights_sitenote_category":0},"product_brand":[],"product_cat":[90,540],"product_tag":[],"class_list":{"0":"post-244476","1":"product","2":"type-product","3":"status-publish","4":"has-post-thumbnail","6":"product_cat-altres","7":"product_cat-otros","9":"first","10":"instock","11":"taxable","12":"shipping-taxable","13":"purchasable","14":"product-type-simple"},"acf":{"autor":"OLIVER,JAMIE","codart":"841622074","libros-coleccion":"","ediciones":"1","encuadernacion":"Carton\u00e9","fecha_de_publicacion":"01\/11\/2015","novedad":"0","paginas":"309","subtitulo":"LOS SUPERALIMENTOS PARA SENTIRTE MEJOR","orden":"999","portada":"0","idioma":"spa","editorial":[{"ID":6263,"post_author":"3","post_date":"2022-07-28 17:48:27","post_date_gmt":"2022-07-28 15:48:27","post_content":"","post_title":"GRIJALBO","post_excerpt":"","post_status":"publish","comment_status":"closed","ping_status":"closed","post_password":"","post_name":"grijalbo","to_ping":"","pinged":"","post_modified":"2022-07-28 17:48:27","post_modified_gmt":"2022-07-28 15:48:27","post_content_filtered":"","post_parent":0,"guid":"http:\/\/dev.claret.cat\/editorial\/grijalbo\/","menu_order":0,"post_type":"editorial","post_mime_type":"","comment_count":"0","filter":"raw"}],"autores-libros":[{"ID":158450,"post_author":"3","post_date":"2022-10-14 15:36:57","post_date_gmt":"2022-10-14 13:36:57","post_content":"","post_title":"JAMIE OLIVER","post_excerpt":"","post_status":"publish","comment_status":"closed","ping_status":"closed","post_password":"","post_name":"jamie-oliver","to_ping":"","pinged":"","post_modified":"2022-10-14 15:36:57","post_modified_gmt":"2022-10-14 13:36:57","post_content_filtered":"","post_parent":0,"guid":"http:\/\/dev.claret.cat\/autor\/jamie-oliver\/","menu_order":0,"post_type":"autor","post_mime_type":"","comment_count":"0","filter":"raw"}]},"aioseo_notices":[],"_links":{"self":[{"href":"https:\/\/www.claret.cat\/es\/wp-json\/wp\/v2\/product\/244476","targetHints":{"allow":["GET"]}}],"collection":[{"href":"https:\/\/www.claret.cat\/es\/wp-json\/wp\/v2\/product"}],"about":[{"href":"https:\/\/www.claret.cat\/es\/wp-json\/wp\/v2\/types\/product"}],"wp:featuredmedia":[{"embeddable":true,"href":"https:\/\/www.claret.cat\/es\/wp-json\/wp\/v2\/media\/278052"}],"wp:attachment":[{"href":"https:\/\/www.claret.cat\/es\/wp-json\/wp\/v2\/media?parent=244476"}],"wp:term":[{"taxonomy":"product_brand","embeddable":true,"href":"https:\/\/www.claret.cat\/es\/wp-json\/wp\/v2\/product_brand?post=244476"},{"taxonomy":"product_cat","embeddable":true,"href":"https:\/\/www.claret.cat\/es\/wp-json\/wp\/v2\/product_cat?post=244476"},{"taxonomy":"product_tag","embeddable":true,"href":"https:\/\/www.claret.cat\/es\/wp-json\/wp\/v2\/product_tag?post=244476"}],"curies":[{"name":"wp","href":"https:\/\/api.w.org\/{rel}","templated":true}]}}